{"id":13,"date":"2020-01-19T11:04:34","date_gmt":"2020-01-19T10:04:34","guid":{"rendered":"https:\/\/sentinellesdelapaix.com\/fr\/?page_id=13"},"modified":"2023-10-08T11:23:46","modified_gmt":"2023-10-08T09:23:46","slug":"notre-association","status":"publish","type":"page","link":"https:\/\/sentinellesdelapaix.com\/fr\/notre-association\/","title":{"rendered":"Notre association"},"content":{"rendered":"\t\t<div data-elementor-type=\"wp-page\" data-elementor-id=\"13\" class=\"elementor elementor-13\">\n\t\t\t\t\t\t<section class=\"elementor-section elementor-top-section elementor-element elementor-element-695f1b3 elementor-section-boxed elementor-section-height-default elementor-section-height-default\" data-id=\"695f1b3\" data-element_type=\"section\">\n\t\t\t\t\t\t<div class=\"elementor-container elementor-column-gap-default\">\n\t\t\t\t\t<div class=\"elementor-column elementor-col-100 elementor-top-column elementor-element elementor-element-99dc17a\" data-id=\"99dc17a\" data-element_type=\"column\">\n\t\t\t<div class=\"elementor-widget-wrap elementor-element-populated\">\n\t\t\t\t\t\t<div class=\"elementor-element elementor-element-d6dfcb2 elementor-widget elementor-widget-heading\" data-id=\"d6dfcb2\" data-element_type=\"widget\" data-widget_type=\"heading.default\">\n\t\t\t\t<div class=\"elementor-widget-container\">\n\t\t\t\t\t<h2 class=\"elementor-heading-title elementor-size-default\">Nous sommes ...<\/h2>\t\t\t\t<\/div>\n\t\t\t\t<\/div>\n\t\t\t\t<div class=\"elementor-element elementor-element-99bc6ec elementor-widget elementor-widget-heading\" data-id=\"99bc6ec\" data-element_type=\"widget\" data-widget_type=\"heading.default\">\n\t\t\t\t<div class=\"elementor-widget-container\">\n\t\t\t\t\t<h3 class=\"elementor-heading-title elementor-size-default\">Une Association\u00a0 \"Loi 1901\",<\/h3>\t\t\t\t<\/div>\n\t\t\t\t<\/div>\n\t\t\t\t<div class=\"elementor-element elementor-element-b3e49b1 elementor-widget elementor-widget-text-editor\" data-id=\"b3e49b1\" data-element_type=\"widget\" data-widget_type=\"text-editor.default\">\n\t\t\t\t<div class=\"elementor-widget-container\">\n\t\t\t\t\t\t\t\t\t<p>cr\u00e9\u00e9e en 2013 et bas\u00e9e dans le Tarn et Garonne (Occitanie). Notre association est reconnue d&rsquo;utilit\u00e9 publique. Comme toute Association, elle est compos\u00e9e d&rsquo;un Conseil d&rsquo;administration, d&rsquo;un bureau et bien entendu de membres, adh\u00e9rents \u00e0 l&rsquo;Association. Nos objectifs et buts sont d\u00e9crits dans la \u00ab\u00a0Charte\u00a0\u00bb de l&rsquo;Association que vous trouverez ci-dessous.<\/p>\t\t\t\t\t\t\t\t<\/div>\n\t\t\t\t<\/div>\n\t\t\t\t<div class=\"elementor-element elementor-element-b3e2ef8 elementor-widget elementor-widget-heading\" data-id=\"b3e2ef8\" data-element_type=\"widget\" data-widget_type=\"heading.default\">\n\t\t\t\t<div class=\"elementor-widget-container\">\n\t\t\t\t\t<h3 class=\"elementor-heading-title elementor-size-default\">Les membres du bureau<\/h3>\t\t\t\t<\/div>\n\t\t\t\t<\/div>\n\t\t\t\t<section class=\"elementor-section elementor-inner-section elementor-element elementor-element-5cb6430 elementor-section-boxed elementor-section-height-default elementor-section-height-default\" data-id=\"5cb6430\" data-element_type=\"section\">\n\t\t\t\t\t\t<div class=\"elementor-container elementor-column-gap-default\">\n\t\t\t\t\t<div class=\"elementor-column elementor-col-20 elementor-inner-column elementor-element elementor-element-9cfbdcf\" data-id=\"9cfbdcf\" data-element_type=\"column\">\n\t\t\t<div class=\"elementor-widget-wrap elementor-element-populated\">\n\t\t\t\t\t\t<div class=\"elementor-element elementor-element-390e607 elementor-widget elementor-widget-image\" data-id=\"390e607\" data-element_type=\"widget\" data-widget_type=\"image.default\">\n\t\t\t\t<div class=\"elementor-widget-container\">\n\t\t\t\t\t\t\t\t\t\t\t\t<figure class=\"wp-caption\">\n\t\t\t\t\t\t\t\t\t\t<img decoding=\"async\" width=\"150\" height=\"150\" src=\"https:\/\/sentinellesdelapaix.com\/fr\/wp-content\/uploads\/2020\/02\/pg-asso-bur-002-150x150.jpg\" class=\"attachment-thumbnail size-thumbnail wp-image-1372\" alt=\"\" \/>\t\t\t\t\t\t\t\t\t\t\t<figcaption class=\"widget-image-caption wp-caption-text\">Alain Mila, Co- Pr\u00e9sident<\/figcaption>\n\t\t\t\t\t\t\t\t\t\t<\/figure>\n\t\t\t\t\t\t\t\t\t<\/div>\n\t\t\t\t<\/div>\n\t\t\t\t\t<\/div>\n\t\t<\/div>\n\t\t\t\t<div class=\"elementor-column elementor-col-20 elementor-inner-column elementor-element elementor-element-1acef0c\" data-id=\"1acef0c\" data-element_type=\"column\">\n\t\t\t<div class=\"elementor-widget-wrap elementor-element-populated\">\n\t\t\t\t\t\t<div class=\"elementor-element elementor-element-e8254f6 elementor-widget elementor-widget-image\" data-id=\"e8254f6\" data-element_type=\"widget\" data-widget_type=\"image.default\">\n\t\t\t\t<div class=\"elementor-widget-container\">\n\t\t\t\t\t\t\t\t\t\t\t\t<figure class=\"wp-caption\">\n\t\t\t\t\t\t\t\t\t\t<img decoding=\"async\" width=\"150\" height=\"150\" src=\"https:\/\/sentinellesdelapaix.com\/fr\/wp-content\/uploads\/2023\/07\/JJS4-150x150_V2.jpg\" class=\"attachment-thumbnail size-thumbnail wp-image-2196\" alt=\"\" \/>\t\t\t\t\t\t\t\t\t\t\t<figcaption class=\"widget-image-caption wp-caption-text\">Jean-Jacques Siry, Co-Pr\u00e9sident<\/figcaption>\n\t\t\t\t\t\t\t\t\t\t<\/figure>\n\t\t\t\t\t\t\t\t\t<\/div>\n\t\t\t\t<\/div>\n\t\t\t\t\t<\/div>\n\t\t<\/div>\n\t\t\t\t<div class=\"elementor-column elementor-col-20 elementor-inner-column elementor-element elementor-element-7bab56d\" data-id=\"7bab56d\" data-element_type=\"column\">\n\t\t\t<div class=\"elementor-widget-wrap elementor-element-populated\">\n\t\t\t\t\t\t<div class=\"elementor-element elementor-element-ff25ed1 elementor-widget elementor-widget-image\" data-id=\"ff25ed1\" data-element_type=\"widget\" data-widget_type=\"image.default\">\n\t\t\t\t<div class=\"elementor-widget-container\">\n\t\t\t\t\t\t\t\t\t\t\t\t<figure class=\"wp-caption\">\n\t\t\t\t\t\t\t\t\t\t<img decoding=\"async\" width=\"150\" height=\"150\" src=\"https:\/\/sentinellesdelapaix.com\/fr\/wp-content\/uploads\/2021\/02\/nicole_chabbert-150x150.jpg\" class=\"attachment-thumbnail size-thumbnail wp-image-1783\" alt=\"\" \/>\t\t\t\t\t\t\t\t\t\t\t<figcaption class=\"widget-image-caption wp-caption-text\">Nicole Chabbert, Tr\u00e9sori\u00e8re<\/figcaption>\n\t\t\t\t\t\t\t\t\t\t<\/figure>\n\t\t\t\t\t\t\t\t\t<\/div>\n\t\t\t\t<\/div>\n\t\t\t\t\t<\/div>\n\t\t<\/div>\n\t\t\t\t<div class=\"elementor-column elementor-col-20 elementor-inner-column elementor-element elementor-element-de047af\" data-id=\"de047af\" data-element_type=\"column\">\n\t\t\t<div class=\"elementor-widget-wrap elementor-element-populated\">\n\t\t\t\t\t\t<div class=\"elementor-element elementor-element-6943123 elementor-widget elementor-widget-image\" data-id=\"6943123\" data-element_type=\"widget\" data-widget_type=\"image.default\">\n\t\t\t\t<div class=\"elementor-widget-container\">\n\t\t\t\t\t\t\t\t\t\t\t\t<figure class=\"wp-caption\">\n\t\t\t\t\t\t\t\t\t\t<img loading=\"lazy\" decoding=\"async\" width=\"150\" height=\"150\" src=\"https:\/\/sentinellesdelapaix.com\/fr\/wp-content\/uploads\/2020\/02\/pg-asso-bur-006-150x150.jpg\" class=\"attachment-thumbnail size-thumbnail wp-image-1373\" alt=\"\" srcset=\"https:\/\/sentinellesdelapaix.com\/fr\/wp-content\/uploads\/2020\/02\/pg-asso-bur-006-150x150.jpg 150w, https:\/\/sentinellesdelapaix.com\/fr\/wp-content\/uploads\/2020\/02\/pg-asso-bur-006-300x300.jpg 300w, https:\/\/sentinellesdelapaix.com\/fr\/wp-content\/uploads\/2020\/02\/pg-asso-bur-006.jpg 769w\" sizes=\"(max-width: 150px) 100vw, 150px\" \/>\t\t\t\t\t\t\t\t\t\t\t<figcaption class=\"widget-image-caption wp-caption-text\">Ren\u00e9 Zoute, Secr\u00e9taire<\/figcaption>\n\t\t\t\t\t\t\t\t\t\t<\/figure>\n\t\t\t\t\t\t\t\t\t<\/div>\n\t\t\t\t<\/div>\n\t\t\t\t\t<\/div>\n\t\t<\/div>\n\t\t\t\t<div class=\"elementor-column elementor-col-20 elementor-inner-column elementor-element elementor-element-bf1b82e\" data-id=\"bf1b82e\" data-element_type=\"column\">\n\t\t\t<div class=\"elementor-widget-wrap elementor-element-populated\">\n\t\t\t\t\t\t<div class=\"elementor-element elementor-element-cff8552 elementor-widget elementor-widget-image\" data-id=\"cff8552\" data-element_type=\"widget\" data-widget_type=\"image.default\">\n\t\t\t\t<div class=\"elementor-widget-container\">\n\t\t\t\t\t\t\t\t\t\t\t\t<figure class=\"wp-caption\">\n\t\t\t\t\t\t\t\t\t\t<img loading=\"lazy\" decoding=\"async\" width=\"150\" height=\"150\" src=\"https:\/\/sentinellesdelapaix.com\/fr\/wp-content\/uploads\/2020\/02\/pg-asso-bur-005-150x150.jpg\" class=\"attachment-thumbnail size-thumbnail wp-image-1375\" alt=\"\" srcset=\"https:\/\/sentinellesdelapaix.com\/fr\/wp-content\/uploads\/2020\/02\/pg-asso-bur-005-150x150.jpg 150w, https:\/\/sentinellesdelapaix.com\/fr\/wp-content\/uploads\/2020\/02\/pg-asso-bur-005-300x300.jpg 300w, https:\/\/sentinellesdelapaix.com\/fr\/wp-content\/uploads\/2020\/02\/pg-asso-bur-005.jpg 768w\" sizes=\"(max-width: 150px) 100vw, 150px\" \/>\t\t\t\t\t\t\t\t\t\t\t<figcaption class=\"widget-image-caption wp-caption-text\">Michel Facon<\/figcaption>\n\t\t\t\t\t\t\t\t\t\t<\/figure>\n\t\t\t\t\t\t\t\t\t<\/div>\n\t\t\t\t<\/div>\n\t\t\t\t\t<\/div>\n\t\t<\/div>\n\t\t\t\t\t<\/div>\n\t\t<\/section>\n\t\t\t\t<section class=\"elementor-section elementor-inner-section elementor-element elementor-element-55b0501 elementor-section-boxed elementor-section-height-default elementor-section-height-default\" data-id=\"55b0501\" data-element_type=\"section\">\n\t\t\t\t\t\t<div class=\"elementor-container elementor-column-gap-default\">\n\t\t\t\t\t<div class=\"elementor-column elementor-col-100 elementor-inner-column elementor-element elementor-element-4b03588\" data-id=\"4b03588\" data-element_type=\"column\">\n\t\t\t<div class=\"elementor-widget-wrap elementor-element-populated\">\n\t\t\t\t\t\t<div class=\"elementor-element elementor-element-03691b3 elementor-widget elementor-widget-heading\" data-id=\"03691b3\" data-element_type=\"widget\" data-widget_type=\"heading.default\">\n\t\t\t\t<div class=\"elementor-widget-container\">\n\t\t\t\t\t<h3 class=\"elementor-heading-title elementor-size-default\">Notre charte<\/h3>\t\t\t\t<\/div>\n\t\t\t\t<\/div>\n\t\t\t\t<div class=\"elementor-element elementor-element-c0b85cb elementor-widget elementor-widget-text-editor\" data-id=\"c0b85cb\" data-element_type=\"widget\" data-widget_type=\"text-editor.default\">\n\t\t\t\t<div class=\"elementor-widget-container\">\n\t\t\t\t\t\t\t\t\t<p>Notre association <strong>\u00ab Sentinelles de la Paix &#8211; Une pierre pos\u00e9e n&rsquo;est pas jet\u00e9e \u00bb<\/strong>, \u00e0 vocation internationale, ne soutient aucun but lucratif, politique ou religieux. Elle a pour but le d\u00e9veloppement et la promotion d&rsquo;un mouvement artistique et citoyen en faveur de la PAIX. La d\u00e9marche &lsquo;Land Art&rsquo;, initi\u00e9e par l&rsquo;artiste plasticien Alain Mila, \u00ab Une pierre pos\u00e9e n&rsquo;est pas jet\u00e9e \u00bb en est l&rsquo;expression symbolique. Cette action consiste \u00e0 construire des \u00ab Sentinelles \u00bb, colonnes de pierres en \u00e9quilibre, r\u00e9alisations \u00e9ph\u00e9m\u00e8res et fragiles comme le sont les valeurs essentielles de la vie, et notamment la paix&#8230;<\/p><p><strong>Nos objectifs :<\/strong><\/p><ul><li>Rassembler \u00e0 travers le monde, tous ceux qui d\u00e9sirent signifier qu&rsquo;ils sont les d\u00e9fenseurs, les gardiens, on peut dire ici \u00ab les Sentinelles \u00bb de la paix.<\/li><li>Eriger des \u00ab Sentinelles \u00bb, geste symbolique de paix, partout dans le monde et publier leurs photos sur le site <a href=\"http:\/\/www.sentinellesdelapaix.com\"><span style=\"text-decoration: underline;\">https:\/\/sentinellesdelapaix.com\/fr\/<\/span><\/a> et d&rsquo;autres m\u00e9dias.<\/li><li>D\u00e9velopper aupr\u00e8s des institutions \u00e9ducatives la \u00ab Culture de la paix \u00bb en r\u00e9f\u00e9rence aux r\u00e9solutions des Nations Unis (REF : A\/RES\/52\/13 et A\/53\/243).<\/li><li>Promouvoir les actions de l\u2019Association Fran\u00e7aise des Communes, D\u00e9partements et R\u00e9gions pour la paix (AFCDRP &#8211; branche fran\u00e7aise de \u00ab\u00a0Mayors for peace\u00a0\u00bb) pour parvenir \u00e0 la r\u00e9alisation d\u2019un monde sans armes nucl\u00e9aires et une paix mondiale durable.<\/li><li>Inciter les communes \u00e0 installer des \u00ab Jardins de la Paix \u00bb avec un espace Sentinelles, ou les visiteurs peuvent, en \u00e9rigeant une Sentinelle ou en relevant une Sentinelle tomb\u00e9e, t\u00e9moigner de leur engagement pour la Paix.<\/li><li>Apporter un soutien p\u00e9dagogique aux milieux scolaires et p\u00e9riscolaires sur les th\u00e8mes de la Paix, de la n\u00e9cessaire d\u00e9fense de l\u2019environnement et de l\u2019abolition des armes nucl\u00e9aires.<\/li><li>Organiser des activit\u00e9s artistiques, (plastiques et autres), en lien avec le projet, pour toutes sortes de publics et de destinataires.<\/li><li>Organiser des expositions d&rsquo;oeuvres d&rsquo;artistes sur le th\u00e8me de la paix<\/li><li>Apporter notre soutien aux actions ext\u00e9rieures similaires, dans la mesure de nos moyens.<\/li><\/ul><p>Nos moyens d&rsquo;actions comprennent des activit\u00e9s r\u00e9guli\u00e8res ou exceptionnelles et la mise \u00e0 disposition d&rsquo;outils et de mat\u00e9riaux ainsi que toutes les initiatives pouvant aider \u00e0 la r\u00e9alisation de l&rsquo;objet de l&rsquo;association.<\/p>\t\t\t\t\t\t\t\t<\/div>\n\t\t\t\t<\/div>\n\t\t\t\t\t<\/div>\n\t\t<\/div>\n\t\t\t\t\t<\/div>\n\t\t<\/section>\n\t\t\t\t<section class=\"elementor-section elementor-inner-section elementor-element elementor-element-95a195f elementor-section-boxed elementor-section-height-default elementor-section-height-default\" data-id=\"95a195f\" data-element_type=\"section\">\n\t\t\t\t\t\t<div class=\"elementor-container elementor-column-gap-default\">\n\t\t\t\t\t<div class=\"elementor-column elementor-col-25 elementor-inner-column elementor-element elementor-element-7b4cfa4\" data-id=\"7b4cfa4\" data-element_type=\"column\">\n\t\t\t<div class=\"elementor-widget-wrap\">\n\t\t\t\t\t\t\t<\/div>\n\t\t<\/div>\n\t\t\t\t<div class=\"elementor-column elementor-col-25 elementor-inner-column elementor-element elementor-element-735513c\" data-id=\"735513c\" data-element_type=\"column\">\n\t\t\t<div class=\"elementor-widget-wrap elementor-element-populated\">\n\t\t\t\t\t\t<div class=\"elementor-element elementor-element-2edd2e8 elementor-widget elementor-widget-text-editor\" data-id=\"2edd2e8\" data-element_type=\"widget\" data-widget_type=\"text-editor.default\">\n\t\t\t\t<div class=\"elementor-widget-container\">\n\t\t\t\t\t\t\t\t\t<p>T\u00e9l\u00e9chargez <strong>la Charte<\/strong> de l&rsquo;Association<\/p>\t\t\t\t\t\t\t\t<\/div>\n\t\t\t\t<\/div>\n\t\t\t\t\t<\/div>\n\t\t<\/div>\n\t\t\t\t<div class=\"elementor-column elementor-col-25 elementor-inner-column elementor-element elementor-element-4a35770\" data-id=\"4a35770\" data-element_type=\"column\">\n\t\t\t<div class=\"elementor-widget-wrap elementor-element-populated\">\n\t\t\t\t\t\t<div class=\"elementor-element elementor-element-995da06 elementor-view-default elementor-widget elementor-widget-icon\" data-id=\"995da06\" data-element_type=\"widget\" data-widget_type=\"icon.default\">\n\t\t\t\t<div class=\"elementor-widget-container\">\n\t\t\t\t\t\t\t<div class=\"elementor-icon-wrapper\">\n\t\t\t<a class=\"elementor-icon\" href=\"https:\/\/sentinellesdelapaix.com\/wp-content\/uploads\/2020\/01\/charte-SDP-2020.pdf\">\n\t\t\t<i aria-hidden=\"true\" class=\"fas fa-file-pdf\"><\/i>\t\t\t<\/a>\n\t\t<\/div>\n\t\t\t\t\t\t<\/div>\n\t\t\t\t<\/div>\n\t\t\t\t\t<\/div>\n\t\t<\/div>\n\t\t\t\t<div class=\"elementor-column elementor-col-25 elementor-inner-column elementor-element elementor-element-655103e\" data-id=\"655103e\" data-element_type=\"column\">\n\t\t\t<div class=\"elementor-widget-wrap\">\n\t\t\t\t\t\t\t<\/div>\n\t\t<\/div>\n\t\t\t\t\t<\/div>\n\t\t<\/section>\n\t\t\t\t\t<\/div>\n\t\t<\/div>\n\t\t\t\t\t<\/div>\n\t\t<\/section>\n\t\t\t\t<\/div>\n\t\t","protected":false},"excerpt":{"rendered":"<p>Nous sommes &#8230; Une Association\u00a0 \u00ab\u00a0Loi 1901\u00a0\u00bb, cr\u00e9\u00e9e en 2013 et bas\u00e9e dans le Tarn et Garonne (Occitanie). Notre association est reconnue d&rsquo;utilit\u00e9 publique. Comme toute Association, elle est compos\u00e9e d&rsquo;un Conseil d&rsquo;administration, d&rsquo;un bureau et bien entendu de membres, adh\u00e9rents \u00e0 l&rsquo;Association. Nos objectifs et buts sont d\u00e9crits dans la \u00ab\u00a0Charte\u00a0\u00bb de l&rsquo;Association que &#8230; <a title=\"Notre association\" class=\"read-more\" href=\"https:\/\/sentinellesdelapaix.com\/fr\/notre-association\/\" aria-label=\"En savoir plus sur Notre association\">Lire l&rsquo;article<\/a><\/p>\n","protected":false},"author":1,"featured_media":0,"parent":0,"menu_order":0,"comment_status":"closed","ping_status":"closed","template":"","meta":{"footnotes":""},"class_list":{"0":"post-13","1":"page","2":"type-page","3":"status-publish","5":"no-featured-image-padding"},"yoast_head":"<!-- This site is optimized with the Yoast SEO plugin v26.7 - https:\/\/yoast.com\/wordpress\/plugins\/seo\/ -->\n<title>Notre association - Association &quot;Sentinelles de la Paix&quot;<\/title>\n<meta name=\"description\" content=\"L&#039;association a pour but le d\u00e9veloppement et la promotion d&#039;un mouvement artistique et citoyen en faveur de la paix comme indiqu\u00e9 dans notre charte\" \/>\n<meta name=\"robots\" content=\"index, follow, max-snippet:-1, max-image-preview:large, max-video-preview:-1\" \/>\n<link rel=\"canonical\" href=\"https:\/\/sentinellesdelapaix.com\/fr\/notre-association\/\" \/>\n<meta property=\"og:locale\" content=\"fr_FR\" \/>\n<meta property=\"og:type\" content=\"article\" \/>\n<meta property=\"og:title\" content=\"Notre association - Association &quot;Sentinelles de la Paix&quot;\" \/>\n<meta property=\"og:description\" content=\"L&#039;association a pour but le d\u00e9veloppement et la promotion d&#039;un mouvement artistique et citoyen en faveur de la paix comme indiqu\u00e9 dans notre charte\" \/>\n<meta property=\"og:url\" content=\"https:\/\/sentinellesdelapaix.com\/fr\/notre-association\/\" \/>\n<meta property=\"og:site_name\" content=\"Association &quot;Sentinelles de la Paix&quot;\" \/>\n<meta property=\"article:modified_time\" content=\"2023-10-08T09:23:46+00:00\" \/>\n<meta property=\"og:image\" content=\"https:\/\/sentinellesdelapaix.com\/fr\/wp-content\/uploads\/2020\/02\/pg-asso-bur-002-150x150.jpg\" \/>\n<meta name=\"twitter:card\" content=\"summary_large_image\" \/>\n<meta name=\"twitter:label1\" content=\"Dur\u00e9e de lecture estim\u00e9e\" \/>\n\t<meta name=\"twitter:data1\" content=\"4 minutes\" \/>\n<script type=\"application\/ld+json\" class=\"yoast-schema-graph\">{\"@context\":\"https:\/\/schema.org\",\"@graph\":[{\"@type\":\"WebPage\",\"@id\":\"https:\/\/sentinellesdelapaix.com\/fr\/notre-association\/\",\"url\":\"https:\/\/sentinellesdelapaix.com\/fr\/notre-association\/\",\"name\":\"Notre association - Association &quot;Sentinelles de la Paix&quot;\",\"isPartOf\":{\"@id\":\"https:\/\/sentinellesdelapaix.com\/fr\/#website\"},\"primaryImageOfPage\":{\"@id\":\"https:\/\/sentinellesdelapaix.com\/fr\/notre-association\/#primaryimage\"},\"image\":{\"@id\":\"https:\/\/sentinellesdelapaix.com\/fr\/notre-association\/#primaryimage\"},\"thumbnailUrl\":\"https:\/\/sentinellesdelapaix.com\/fr\/wp-content\/uploads\/2020\/02\/pg-asso-bur-002-150x150.jpg\",\"datePublished\":\"2020-01-19T10:04:34+00:00\",\"dateModified\":\"2023-10-08T09:23:46+00:00\",\"description\":\"L'association a pour but le d\u00e9veloppement et la promotion d'un mouvement artistique et citoyen en faveur de la paix comme indiqu\u00e9 dans notre charte\",\"breadcrumb\":{\"@id\":\"https:\/\/sentinellesdelapaix.com\/fr\/notre-association\/#breadcrumb\"},\"inLanguage\":\"fr-FR\",\"potentialAction\":[{\"@type\":\"ReadAction\",\"target\":[\"https:\/\/sentinellesdelapaix.com\/fr\/notre-association\/\"]}]},{\"@type\":\"ImageObject\",\"inLanguage\":\"fr-FR\",\"@id\":\"https:\/\/sentinellesdelapaix.com\/fr\/notre-association\/#primaryimage\",\"url\":\"https:\/\/sentinellesdelapaix.com\/fr\/wp-content\/uploads\/2020\/02\/pg-asso-bur-002.jpg\",\"contentUrl\":\"https:\/\/sentinellesdelapaix.com\/fr\/wp-content\/uploads\/2020\/02\/pg-asso-bur-002.jpg\",\"width\":540,\"height\":768},{\"@type\":\"BreadcrumbList\",\"@id\":\"https:\/\/sentinellesdelapaix.com\/fr\/notre-association\/#breadcrumb\",\"itemListElement\":[{\"@type\":\"ListItem\",\"position\":1,\"name\":\"Accueil\",\"item\":\"https:\/\/sentinellesdelapaix.com\/fr\/\"},{\"@type\":\"ListItem\",\"position\":2,\"name\":\"Notre association\"}]},{\"@type\":\"WebSite\",\"@id\":\"https:\/\/sentinellesdelapaix.com\/fr\/#website\",\"url\":\"https:\/\/sentinellesdelapaix.com\/fr\/\",\"name\":\"Association &quot;Sentinelles de la Paix&quot;\",\"description\":\"*Une pierre pos\u00e9e n&#039;est pas jet\u00e9e*\",\"potentialAction\":[{\"@type\":\"SearchAction\",\"target\":{\"@type\":\"EntryPoint\",\"urlTemplate\":\"https:\/\/sentinellesdelapaix.com\/fr\/?s={search_term_string}\"},\"query-input\":{\"@type\":\"PropertyValueSpecification\",\"valueRequired\":true,\"valueName\":\"search_term_string\"}}],\"inLanguage\":\"fr-FR\"}]}<\/script>\n<!-- \/ Yoast SEO plugin. -->","yoast_head_json":{"title":"Notre association - Association &quot;Sentinelles de la Paix&quot;","description":"L'association a pour but le d\u00e9veloppement et la promotion d'un mouvement artistique et citoyen en faveur de la paix comme indiqu\u00e9 dans notre charte","robots":{"index":"index","follow":"follow","max-snippet":"max-snippet:-1","max-image-preview":"max-image-preview:large","max-video-preview":"max-video-preview:-1"},"canonical":"https:\/\/sentinellesdelapaix.com\/fr\/notre-association\/","og_locale":"fr_FR","og_type":"article","og_title":"Notre association - Association &quot;Sentinelles de la Paix&quot;","og_description":"L'association a pour but le d\u00e9veloppement et la promotion d'un mouvement artistique et citoyen en faveur de la paix comme indiqu\u00e9 dans notre charte","og_url":"https:\/\/sentinellesdelapaix.com\/fr\/notre-association\/","og_site_name":"Association &quot;Sentinelles de la Paix&quot;","article_modified_time":"2023-10-08T09:23:46+00:00","og_image":[{"url":"https:\/\/sentinellesdelapaix.com\/fr\/wp-content\/uploads\/2020\/02\/pg-asso-bur-002-150x150.jpg","type":"","width":"","height":""}],"twitter_card":"summary_large_image","twitter_misc":{"Dur\u00e9e de lecture estim\u00e9e":"4 minutes"},"schema":{"@context":"https:\/\/schema.org","@graph":[{"@type":"WebPage","@id":"https:\/\/sentinellesdelapaix.com\/fr\/notre-association\/","url":"https:\/\/sentinellesdelapaix.com\/fr\/notre-association\/","name":"Notre association - Association &quot;Sentinelles de la Paix&quot;","isPartOf":{"@id":"https:\/\/sentinellesdelapaix.com\/fr\/#website"},"primaryImageOfPage":{"@id":"https:\/\/sentinellesdelapaix.com\/fr\/notre-association\/#primaryimage"},"image":{"@id":"https:\/\/sentinellesdelapaix.com\/fr\/notre-association\/#primaryimage"},"thumbnailUrl":"https:\/\/sentinellesdelapaix.com\/fr\/wp-content\/uploads\/2020\/02\/pg-asso-bur-002-150x150.jpg","datePublished":"2020-01-19T10:04:34+00:00","dateModified":"2023-10-08T09:23:46+00:00","description":"L'association a pour but le d\u00e9veloppement et la promotion d'un mouvement artistique et citoyen en faveur de la paix comme indiqu\u00e9 dans notre charte","breadcrumb":{"@id":"https:\/\/sentinellesdelapaix.com\/fr\/notre-association\/#breadcrumb"},"inLanguage":"fr-FR","potentialAction":[{"@type":"ReadAction","target":["https:\/\/sentinellesdelapaix.com\/fr\/notre-association\/"]}]},{"@type":"ImageObject","inLanguage":"fr-FR","@id":"https:\/\/sentinellesdelapaix.com\/fr\/notre-association\/#primaryimage","url":"https:\/\/sentinellesdelapaix.com\/fr\/wp-content\/uploads\/2020\/02\/pg-asso-bur-002.jpg","contentUrl":"https:\/\/sentinellesdelapaix.com\/fr\/wp-content\/uploads\/2020\/02\/pg-asso-bur-002.jpg","width":540,"height":768},{"@type":"BreadcrumbList","@id":"https:\/\/sentinellesdelapaix.com\/fr\/notre-association\/#breadcrumb","itemListElement":[{"@type":"ListItem","position":1,"name":"Accueil","item":"https:\/\/sentinellesdelapaix.com\/fr\/"},{"@type":"ListItem","position":2,"name":"Notre association"}]},{"@type":"WebSite","@id":"https:\/\/sentinellesdelapaix.com\/fr\/#website","url":"https:\/\/sentinellesdelapaix.com\/fr\/","name":"Association &quot;Sentinelles de la Paix&quot;","description":"*Une pierre pos\u00e9e n&#039;est pas jet\u00e9e*","potentialAction":[{"@type":"SearchAction","target":{"@type":"EntryPoint","urlTemplate":"https:\/\/sentinellesdelapaix.com\/fr\/?s={search_term_string}"},"query-input":{"@type":"PropertyValueSpecification","valueRequired":true,"valueName":"search_term_string"}}],"inLanguage":"fr-FR"}]}},"_links":{"self":[{"href":"https:\/\/sentinellesdelapaix.com\/fr\/wp-json\/wp\/v2\/pages\/13","targetHints":{"allow":["GET"]}}],"collection":[{"href":"https:\/\/sentinellesdelapaix.com\/fr\/wp-json\/wp\/v2\/pages"}],"about":[{"href":"https:\/\/sentinellesdelapaix.com\/fr\/wp-json\/wp\/v2\/types\/page"}],"author":[{"embeddable":true,"href":"https:\/\/sentinellesdelapaix.com\/fr\/wp-json\/wp\/v2\/users\/1"}],"replies":[{"embeddable":true,"href":"https:\/\/sentinellesdelapaix.com\/fr\/wp-json\/wp\/v2\/comments?post=13"}],"version-history":[{"count":93,"href":"https:\/\/sentinellesdelapaix.com\/fr\/wp-json\/wp\/v2\/pages\/13\/revisions"}],"predecessor-version":[{"id":2218,"href":"https:\/\/sentinellesdelapaix.com\/fr\/wp-json\/wp\/v2\/pages\/13\/revisions\/2218"}],"wp:attachment":[{"href":"https:\/\/sentinellesdelapaix.com\/fr\/wp-json\/wp\/v2\/media?parent=13"}],"curies":[{"name":"wp","href":"https:\/\/api.w.org\/{rel}","templated":true}]}}