{"id":15,"date":"2020-01-19T11:05:05","date_gmt":"2020-01-19T10:05:05","guid":{"rendered":"https:\/\/sentinellesdelapaix.com\/fr\/?page_id=15"},"modified":"2021-11-07T16:13:25","modified_gmt":"2021-11-07T15:13:25","slug":"adherer-nous-soutenir","status":"publish","type":"page","link":"https:\/\/sentinellesdelapaix.com\/fr\/adherer-nous-soutenir\/","title":{"rendered":"Adh\u00e9rer &#8211; Nous soutenir"},"content":{"rendered":"\t\t<div data-elementor-type=\"wp-page\" data-elementor-id=\"15\" class=\"elementor elementor-15\">\n\t\t\t\t\t\t<section class=\"elementor-section elementor-top-section elementor-element elementor-element-8448861 elementor-section-boxed elementor-section-height-default elementor-section-height-default\" data-id=\"8448861\" data-element_type=\"section\">\n\t\t\t\t\t\t<div class=\"elementor-container elementor-column-gap-default\">\n\t\t\t\t\t<div class=\"elementor-column elementor-col-100 elementor-top-column elementor-element elementor-element-05a36ed\" data-id=\"05a36ed\" data-element_type=\"column\">\n\t\t\t<div class=\"elementor-widget-wrap elementor-element-populated\">\n\t\t\t\t\t\t<div class=\"elementor-element elementor-element-de2e5c9 elementor-widget elementor-widget-heading\" data-id=\"de2e5c9\" data-element_type=\"widget\" data-widget_type=\"heading.default\">\n\t\t\t\t<div class=\"elementor-widget-container\">\n\t\t\t\t\t<h2 class=\"elementor-heading-title elementor-size-default\">Adh\u00e9rer<\/h2>\t\t\t\t<\/div>\n\t\t\t\t<\/div>\n\t\t\t\t<div class=\"elementor-element elementor-element-210d2ed elementor-widget elementor-widget-text-editor\" data-id=\"210d2ed\" data-element_type=\"widget\" data-widget_type=\"text-editor.default\">\n\t\t\t\t<div class=\"elementor-widget-container\">\n\t\t\t\t\t\t\t\t\t<p>L\u2019Association \u00ab Sentinelles de la paix &#8211; une pierre pos\u00e9e n\u2019est pas jet\u00e9e \u00bb, fonctionne comme toute association avant tout par les cotisations de ses adh\u00e9rents. Vous pouvez donc nous aider \u00e0 d\u00e9velopper ce message de paix en nous rejoignant. Par ce geste, vous vous engagez \u00e0 promouvoir le message de l\u2019association et ses valeurs tels que pr\u00e9sent\u00e9es dans la Charte.<\/p><p><strong>La cotisation, fix\u00e9e annuellement par l&rsquo;assembl\u00e9e g\u00e9n\u00e9rale de l&rsquo;Association est actuellement de 10 \u20ac. Vous pouvez aussi effectuer un versement suppl\u00e9mentaire en tant que membre bienfaiteur<\/strong><\/p>\t\t\t\t\t\t\t\t<\/div>\n\t\t\t\t<\/div>\n\t\t\t\t<section class=\"elementor-section elementor-inner-section elementor-element elementor-element-f59b9ab elementor-section-boxed elementor-section-height-default elementor-section-height-default\" data-id=\"f59b9ab\" data-element_type=\"section\">\n\t\t\t\t\t\t<div class=\"elementor-container elementor-column-gap-default\">\n\t\t\t\t\t<div class=\"elementor-column elementor-col-50 elementor-inner-column elementor-element elementor-element-f5db298\" data-id=\"f5db298\" data-element_type=\"column\">\n\t\t\t<div class=\"elementor-widget-wrap elementor-element-populated\">\n\t\t\t\t\t\t<div class=\"elementor-element elementor-element-a94c3e8 elementor-widget elementor-widget-text-editor\" data-id=\"a94c3e8\" data-element_type=\"widget\" data-widget_type=\"text-editor.default\">\n\t\t\t\t<div class=\"elementor-widget-container\">\n\t\t\t\t\t\t\t\t\t<p>* Pour adh\u00e9rer, vous pouvez t\u00e9l\u00e9charger\u00a0 le bulletin d\u2019adh\u00e9sion au format Pdf. Vous nous retournerez le bulletin sign\u00e9 accompagn\u00e9 de votre r\u00e8glement \u00e0 l\u2019adresse indiqu\u00e9e sur le bulletin d\u2019adh\u00e9sion.<\/p>\t\t\t\t\t\t\t\t<\/div>\n\t\t\t\t<\/div>\n\t\t\t\t\t<\/div>\n\t\t<\/div>\n\t\t\t\t<div class=\"elementor-column elementor-col-50 elementor-inner-column elementor-element elementor-element-8a9d357\" data-id=\"8a9d357\" data-element_type=\"column\">\n\t\t\t<div class=\"elementor-widget-wrap elementor-element-populated\">\n\t\t\t\t\t\t<div class=\"elementor-element elementor-element-d00a8bb elementor-view-default elementor-widget elementor-widget-icon\" data-id=\"d00a8bb\" data-element_type=\"widget\" data-widget_type=\"icon.default\">\n\t\t\t\t<div class=\"elementor-widget-container\">\n\t\t\t\t\t\t\t<div class=\"elementor-icon-wrapper\">\n\t\t\t<a class=\"elementor-icon\" href=\"https:\/\/sentinellesdelapaix.com\/fr\/wp-content\/uploads\/2021\/01\/bulletin-adhesion.pdf\">\n\t\t\t<i aria-hidden=\"true\" class=\"fas fa-file-pdf\"><\/i>\t\t\t<\/a>\n\t\t<\/div>\n\t\t\t\t\t\t<\/div>\n\t\t\t\t<\/div>\n\t\t\t\t\t<\/div>\n\t\t<\/div>\n\t\t\t\t\t<\/div>\n\t\t<\/section>\n\t\t\t\t<section class=\"elementor-section elementor-inner-section elementor-element elementor-element-98a7592 elementor-section-boxed elementor-section-height-default elementor-section-height-default\" data-id=\"98a7592\" data-element_type=\"section\">\n\t\t\t\t\t\t<div class=\"elementor-container elementor-column-gap-default\">\n\t\t\t\t\t<div class=\"elementor-column elementor-col-50 elementor-inner-column elementor-element elementor-element-25f52db\" data-id=\"25f52db\" data-element_type=\"column\">\n\t\t\t<div class=\"elementor-widget-wrap elementor-element-populated\">\n\t\t\t\t\t\t<div class=\"elementor-element elementor-element-65fc4c1 elementor-widget elementor-widget-text-editor\" data-id=\"65fc4c1\" data-element_type=\"widget\" data-widget_type=\"text-editor.default\">\n\t\t\t\t<div class=\"elementor-widget-container\">\n\t\t\t\t\t\t\t\t\t<p>* Vous pouvez aussi, si vous le souhaitez, utiliser le <strong><a href=\"https:\/\/sentinellesdelapaix.com\/fr\/wp-content\/uploads\/2021\/01\/modele-courriel-adhesion.rtf\" target=\"_blank\" rel=\"noopener\">mod\u00e8le de courriel<\/a><\/strong> de demande d&rsquo;adh\u00e9sion \u00e0 nous retourner et effectuer le paiement de la cotisation via PayPal \u00e0 l&rsquo;adresse [<strong>sentinellesdelapaix@gmail.com<\/strong>]<\/p>\t\t\t\t\t\t\t\t<\/div>\n\t\t\t\t<\/div>\n\t\t\t\t\t<\/div>\n\t\t<\/div>\n\t\t\t\t<div class=\"elementor-column elementor-col-50 elementor-inner-column elementor-element elementor-element-605a50d\" data-id=\"605a50d\" data-element_type=\"column\">\n\t\t\t<div class=\"elementor-widget-wrap elementor-element-populated\">\n\t\t\t\t\t\t<div class=\"elementor-element elementor-element-e27aab0 elementor-view-default elementor-widget elementor-widget-icon\" data-id=\"e27aab0\" data-element_type=\"widget\" data-widget_type=\"icon.default\">\n\t\t\t\t<div class=\"elementor-widget-container\">\n\t\t\t\t\t\t\t<div class=\"elementor-icon-wrapper\">\n\t\t\t<a class=\"elementor-icon\" href=\"https:\/\/www.paypal.com\/fr\/signin\">\n\t\t\t<i aria-hidden=\"true\" class=\"fab fa-cc-paypal\"><\/i>\t\t\t<\/a>\n\t\t<\/div>\n\t\t\t\t\t\t<\/div>\n\t\t\t\t<\/div>\n\t\t\t\t\t<\/div>\n\t\t<\/div>\n\t\t\t\t\t<\/div>\n\t\t<\/section>\n\t\t\t\t<div class=\"elementor-element elementor-element-5810d74 elementor-widget elementor-widget-heading\" data-id=\"5810d74\" data-element_type=\"widget\" data-widget_type=\"heading.default\">\n\t\t\t\t<div class=\"elementor-widget-container\">\n\t\t\t\t\t<h2 class=\"elementor-heading-title elementor-size-default\">Nous soutenir<\/h2>\t\t\t\t<\/div>\n\t\t\t\t<\/div>\n\t\t\t\t<div class=\"elementor-element elementor-element-9ea9af3 elementor-widget elementor-widget-heading\" data-id=\"9ea9af3\" data-element_type=\"widget\" data-widget_type=\"heading.default\">\n\t\t\t\t<div class=\"elementor-widget-container\">\n\t\t\t\t\t<h3 class=\"elementor-heading-title elementor-size-default\">Dons, m\u00e9c\u00e9nat<\/h3>\t\t\t\t<\/div>\n\t\t\t\t<\/div>\n\t\t\t\t<div class=\"elementor-element elementor-element-7f03774 elementor-widget elementor-widget-text-editor\" data-id=\"7f03774\" data-element_type=\"widget\" data-widget_type=\"text-editor.default\">\n\t\t\t\t<div class=\"elementor-widget-container\">\n\t\t\t\t\t\t\t\t\t<p>Les dons manuels s&rsquo;entendent de toute somme d&rsquo;argent (quel que soit le montant ou le mode de versement, ch\u00e8que ou virement par exemple) et\/ou de tout meuble dont le transfert de propri\u00e9t\u00e9 ne requiert pas un acte notari\u00e9 (contrairement \u00e0 ce qui serait le cas pour un bien immobilier, un fonds de commerce, un legs, etc.). Toute association d\u00e9clar\u00e9e et publi\u00e9e peut recevoir des dons manuels, cela sans aucune autorisation sp\u00e9ciale (contrairement aux donations et legs qui ne peuvent \u00eatre per\u00e7us que par des associations ayant la \u00ab&nbsp;grande capacit\u00e9 juridique&nbsp;\u00bb comme les associations Reconnues d&rsquo;Utilit\u00e9 Publique).<\/p>\n<p>Pour autant, seules certaines d&rsquo;entre elles peuvent b\u00e9n\u00e9ficier du r\u00e9gime du m\u00e9c\u00e9nat et profiter d&rsquo;avantages fiscaux. Seuls ouvrent droit \u00e0 avantage fiscal les versements faits dans une intention lib\u00e9rale, c&rsquo;est \u00e0 dire sans aucune contrepartie directe ou indirecte au profit de son auteur (c&rsquo;est ce qui distingue le m\u00e9c\u00e9nat du parrainage ou sponsoring, qui s&rsquo;inscrit dans une d\u00e9marche commerciale et d&rsquo;image&nbsp;; en pratique, la distinction n&rsquo;est pas toujours ais\u00e9e)<\/p>\t\t\t\t\t\t\t\t<\/div>\n\t\t\t\t<\/div>\n\t\t\t\t\t<\/div>\n\t\t<\/div>\n\t\t\t\t\t<\/div>\n\t\t<\/section>\n\t\t\t\t<\/div>\n\t\t","protected":false},"excerpt":{"rendered":"<p>Adh\u00e9rer L\u2019Association \u00ab Sentinelles de la paix &#8211; une pierre pos\u00e9e n\u2019est pas jet\u00e9e \u00bb, fonctionne comme toute association avant tout par les cotisations de ses adh\u00e9rents. Vous pouvez donc nous aider \u00e0 d\u00e9velopper ce message de paix en nous rejoignant. Par ce geste, vous vous engagez \u00e0 promouvoir le message de l\u2019association et ses &#8230; <a title=\"Adh\u00e9rer &#8211; Nous soutenir\" class=\"read-more\" href=\"https:\/\/sentinellesdelapaix.com\/fr\/adherer-nous-soutenir\/\" aria-label=\"En savoir plus sur Adh\u00e9rer &#8211; Nous soutenir\">Lire l&rsquo;article<\/a><\/p>\n","protected":false},"author":1,"featured_media":0,"parent":0,"menu_order":0,"comment_status":"closed","ping_status":"closed","template":"","meta":{"footnotes":""},"class_list":{"0":"post-15","1":"page","2":"type-page","3":"status-publish","5":"no-featured-image-padding"},"yoast_head":"<!-- This site is optimized with the Yoast SEO plugin v26.7 - https:\/\/yoast.com\/wordpress\/plugins\/seo\/ -->\n<title>Adh\u00e9rer - Nous soutenir - Association &quot;Sentinelles de la Paix&quot;<\/title>\n<meta name=\"description\" content=\"Comme toute association nous fonctionnons gr\u00e2ce aux cotisations de nos adh\u00e9rents. Aidez nous \u00e0 d\u00e9velopper notre message de paix en nous rejoignant.\" \/>\n<meta name=\"robots\" content=\"index, follow, max-snippet:-1, max-image-preview:large, max-video-preview:-1\" \/>\n<link rel=\"canonical\" href=\"https:\/\/sentinellesdelapaix.com\/fr\/adherer-nous-soutenir\/\" \/>\n<meta property=\"og:locale\" content=\"fr_FR\" \/>\n<meta property=\"og:type\" content=\"article\" \/>\n<meta property=\"og:title\" content=\"Adh\u00e9rer - Nous soutenir - Association &quot;Sentinelles de la Paix&quot;\" \/>\n<meta property=\"og:description\" content=\"Comme toute association nous fonctionnons gr\u00e2ce aux cotisations de nos adh\u00e9rents. Aidez nous \u00e0 d\u00e9velopper notre message de paix en nous rejoignant.\" \/>\n<meta property=\"og:url\" content=\"https:\/\/sentinellesdelapaix.com\/fr\/adherer-nous-soutenir\/\" \/>\n<meta property=\"og:site_name\" content=\"Association &quot;Sentinelles de la Paix&quot;\" \/>\n<meta property=\"article:modified_time\" content=\"2021-11-07T15:13:25+00:00\" \/>\n<meta name=\"twitter:card\" content=\"summary_large_image\" \/>\n<meta name=\"twitter:label1\" content=\"Dur\u00e9e de lecture estim\u00e9e\" \/>\n\t<meta name=\"twitter:data1\" content=\"2 minutes\" \/>\n<script type=\"application\/ld+json\" class=\"yoast-schema-graph\">{\"@context\":\"https:\/\/schema.org\",\"@graph\":[{\"@type\":\"WebPage\",\"@id\":\"https:\/\/sentinellesdelapaix.com\/fr\/adherer-nous-soutenir\/\",\"url\":\"https:\/\/sentinellesdelapaix.com\/fr\/adherer-nous-soutenir\/\",\"name\":\"Adh\u00e9rer - Nous soutenir - Association &quot;Sentinelles de la Paix&quot;\",\"isPartOf\":{\"@id\":\"https:\/\/sentinellesdelapaix.com\/fr\/#website\"},\"datePublished\":\"2020-01-19T10:05:05+00:00\",\"dateModified\":\"2021-11-07T15:13:25+00:00\",\"description\":\"Comme toute association nous fonctionnons gr\u00e2ce aux cotisations de nos adh\u00e9rents. Aidez nous \u00e0 d\u00e9velopper notre message de paix en nous rejoignant.\",\"breadcrumb\":{\"@id\":\"https:\/\/sentinellesdelapaix.com\/fr\/adherer-nous-soutenir\/#breadcrumb\"},\"inLanguage\":\"fr-FR\",\"potentialAction\":[{\"@type\":\"ReadAction\",\"target\":[\"https:\/\/sentinellesdelapaix.com\/fr\/adherer-nous-soutenir\/\"]}]},{\"@type\":\"BreadcrumbList\",\"@id\":\"https:\/\/sentinellesdelapaix.com\/fr\/adherer-nous-soutenir\/#breadcrumb\",\"itemListElement\":[{\"@type\":\"ListItem\",\"position\":1,\"name\":\"Accueil\",\"item\":\"https:\/\/sentinellesdelapaix.com\/fr\/\"},{\"@type\":\"ListItem\",\"position\":2,\"name\":\"Adh\u00e9rer &#8211; Nous soutenir\"}]},{\"@type\":\"WebSite\",\"@id\":\"https:\/\/sentinellesdelapaix.com\/fr\/#website\",\"url\":\"https:\/\/sentinellesdelapaix.com\/fr\/\",\"name\":\"Association &quot;Sentinelles de la Paix&quot;\",\"description\":\"*Une pierre pos\u00e9e n&#039;est pas jet\u00e9e*\",\"potentialAction\":[{\"@type\":\"SearchAction\",\"target\":{\"@type\":\"EntryPoint\",\"urlTemplate\":\"https:\/\/sentinellesdelapaix.com\/fr\/?s={search_term_string}\"},\"query-input\":{\"@type\":\"PropertyValueSpecification\",\"valueRequired\":true,\"valueName\":\"search_term_string\"}}],\"inLanguage\":\"fr-FR\"}]}<\/script>\n<!-- \/ Yoast SEO plugin. -->","yoast_head_json":{"title":"Adh\u00e9rer - Nous soutenir - Association &quot;Sentinelles de la Paix&quot;","description":"Comme toute association nous fonctionnons gr\u00e2ce aux cotisations de nos adh\u00e9rents. Aidez nous \u00e0 d\u00e9velopper notre message de paix en nous rejoignant.","robots":{"index":"index","follow":"follow","max-snippet":"max-snippet:-1","max-image-preview":"max-image-preview:large","max-video-preview":"max-video-preview:-1"},"canonical":"https:\/\/sentinellesdelapaix.com\/fr\/adherer-nous-soutenir\/","og_locale":"fr_FR","og_type":"article","og_title":"Adh\u00e9rer - Nous soutenir - Association &quot;Sentinelles de la Paix&quot;","og_description":"Comme toute association nous fonctionnons gr\u00e2ce aux cotisations de nos adh\u00e9rents. Aidez nous \u00e0 d\u00e9velopper notre message de paix en nous rejoignant.","og_url":"https:\/\/sentinellesdelapaix.com\/fr\/adherer-nous-soutenir\/","og_site_name":"Association &quot;Sentinelles de la Paix&quot;","article_modified_time":"2021-11-07T15:13:25+00:00","twitter_card":"summary_large_image","twitter_misc":{"Dur\u00e9e de lecture estim\u00e9e":"2 minutes"},"schema":{"@context":"https:\/\/schema.org","@graph":[{"@type":"WebPage","@id":"https:\/\/sentinellesdelapaix.com\/fr\/adherer-nous-soutenir\/","url":"https:\/\/sentinellesdelapaix.com\/fr\/adherer-nous-soutenir\/","name":"Adh\u00e9rer - Nous soutenir - Association &quot;Sentinelles de la Paix&quot;","isPartOf":{"@id":"https:\/\/sentinellesdelapaix.com\/fr\/#website"},"datePublished":"2020-01-19T10:05:05+00:00","dateModified":"2021-11-07T15:13:25+00:00","description":"Comme toute association nous fonctionnons gr\u00e2ce aux cotisations de nos adh\u00e9rents. Aidez nous \u00e0 d\u00e9velopper notre message de paix en nous rejoignant.","breadcrumb":{"@id":"https:\/\/sentinellesdelapaix.com\/fr\/adherer-nous-soutenir\/#breadcrumb"},"inLanguage":"fr-FR","potentialAction":[{"@type":"ReadAction","target":["https:\/\/sentinellesdelapaix.com\/fr\/adherer-nous-soutenir\/"]}]},{"@type":"BreadcrumbList","@id":"https:\/\/sentinellesdelapaix.com\/fr\/adherer-nous-soutenir\/#breadcrumb","itemListElement":[{"@type":"ListItem","position":1,"name":"Accueil","item":"https:\/\/sentinellesdelapaix.com\/fr\/"},{"@type":"ListItem","position":2,"name":"Adh\u00e9rer &#8211; Nous soutenir"}]},{"@type":"WebSite","@id":"https:\/\/sentinellesdelapaix.com\/fr\/#website","url":"https:\/\/sentinellesdelapaix.com\/fr\/","name":"Association &quot;Sentinelles de la Paix&quot;","description":"*Une pierre pos\u00e9e n&#039;est pas jet\u00e9e*","potentialAction":[{"@type":"SearchAction","target":{"@type":"EntryPoint","urlTemplate":"https:\/\/sentinellesdelapaix.com\/fr\/?s={search_term_string}"},"query-input":{"@type":"PropertyValueSpecification","valueRequired":true,"valueName":"search_term_string"}}],"inLanguage":"fr-FR"}]}},"_links":{"self":[{"href":"https:\/\/sentinellesdelapaix.com\/fr\/wp-json\/wp\/v2\/pages\/15","targetHints":{"allow":["GET"]}}],"collection":[{"href":"https:\/\/sentinellesdelapaix.com\/fr\/wp-json\/wp\/v2\/pages"}],"about":[{"href":"https:\/\/sentinellesdelapaix.com\/fr\/wp-json\/wp\/v2\/types\/page"}],"author":[{"embeddable":true,"href":"https:\/\/sentinellesdelapaix.com\/fr\/wp-json\/wp\/v2\/users\/1"}],"replies":[{"embeddable":true,"href":"https:\/\/sentinellesdelapaix.com\/fr\/wp-json\/wp\/v2\/comments?post=15"}],"version-history":[{"count":69,"href":"https:\/\/sentinellesdelapaix.com\/fr\/wp-json\/wp\/v2\/pages\/15\/revisions"}],"predecessor-version":[{"id":1886,"href":"https:\/\/sentinellesdelapaix.com\/fr\/wp-json\/wp\/v2\/pages\/15\/revisions\/1886"}],"wp:attachment":[{"href":"https:\/\/sentinellesdelapaix.com\/fr\/wp-json\/wp\/v2\/media?parent=15"}],"curies":[{"name":"wp","href":"https:\/\/api.w.org\/{rel}","templated":true}]}}