{"id":17,"date":"2020-01-19T11:05:46","date_gmt":"2020-01-19T10:05:46","guid":{"rendered":"https:\/\/sentinellesdelapaix.com\/fr\/?page_id=17"},"modified":"2021-02-27T14:18:45","modified_gmt":"2021-02-27T13:18:45","slug":"notre-but-nos-actions","status":"publish","type":"page","link":"https:\/\/sentinellesdelapaix.com\/fr\/notre-but-nos-actions\/","title":{"rendered":"Notre but, nos actions"},"content":{"rendered":"\t\t<div data-elementor-type=\"wp-page\" data-elementor-id=\"17\" class=\"elementor elementor-17\">\n\t\t\t\t\t\t<section class=\"elementor-section elementor-top-section elementor-element elementor-element-016c8c5 elementor-section-boxed elementor-section-height-default elementor-section-height-default\" data-id=\"016c8c5\" data-element_type=\"section\">\n\t\t\t\t\t\t<div class=\"elementor-container elementor-column-gap-default\">\n\t\t\t\t\t<div class=\"elementor-column elementor-col-100 elementor-top-column elementor-element elementor-element-3a52f9e\" data-id=\"3a52f9e\" data-element_type=\"column\">\n\t\t\t<div class=\"elementor-widget-wrap elementor-element-populated\">\n\t\t\t\t\t\t<div class=\"elementor-element elementor-element-461e202 elementor-widget elementor-widget-heading\" data-id=\"461e202\" data-element_type=\"widget\" data-widget_type=\"heading.default\">\n\t\t\t\t<div class=\"elementor-widget-container\">\n\t\t\t\t\t<h2 class=\"elementor-heading-title elementor-size-default\">Notre but<\/h2>\t\t\t\t<\/div>\n\t\t\t\t<\/div>\n\t\t\t\t<div class=\"elementor-element elementor-element-86aac1f elementor-widget elementor-widget-heading\" data-id=\"86aac1f\" data-element_type=\"widget\" data-widget_type=\"heading.default\">\n\t\t\t\t<div class=\"elementor-widget-container\">\n\t\t\t\t\t<h3 class=\"elementor-heading-title elementor-size-default\">est avant tout l\u2019organisation d\u2019actions d\u2019\u00e9ducation \u00e0 la Paix.<\/h3>\t\t\t\t<\/div>\n\t\t\t\t<\/div>\n\t\t\t\t<section class=\"elementor-section elementor-inner-section elementor-element elementor-element-abf59e5 elementor-section-boxed elementor-section-height-default elementor-section-height-default\" data-id=\"abf59e5\" data-element_type=\"section\">\n\t\t\t\t\t\t<div class=\"elementor-container elementor-column-gap-default\">\n\t\t\t\t\t<div class=\"elementor-column elementor-col-50 elementor-inner-column elementor-element elementor-element-52d8392\" data-id=\"52d8392\" data-element_type=\"column\">\n\t\t\t<div class=\"elementor-widget-wrap elementor-element-populated\">\n\t\t\t\t\t\t<div class=\"elementor-element elementor-element-14184dd elementor-widget elementor-widget-text-editor\" data-id=\"14184dd\" data-element_type=\"widget\" data-widget_type=\"text-editor.default\">\n\t\t\t\t<div class=\"elementor-widget-container\">\n\t\t\t\t\t\t\t\t\t<p>Notre d\u00e9marche est bas\u00e9e, mais de mani\u00e8re non exclusive, sur l\u2019\u00e9l\u00e9vation de \u00ab Sentinelles \u00bb, colonnes de pierres en \u00e9quilibre, geste symbolique de paix. Cet acte puise ses sources dans la d\u00e9marche Land Art et rel\u00e8ve de la notion de \u00ab\u00a0Performance artistique\u00a0\u00bb.<\/p><p>Par un geste \u00a0simple, celui de poser des pierres au lieu de les jeter, nous transmettons une d\u00e9marche de paix, une id\u00e9e. Cette exp\u00e9rimentation ouvre de nouveaux champs de recherche et d\u2019engagement.<\/p><p>Construire une \u00ab\u00a0Sentinelle\u00a0\u00bb n\u2019est pas anodin,<strong> des processus de changement, de prise de conscience\u00a0 s\u2019op\u00e8rent chez les participants<\/strong>.<strong> Toute \u00e9l\u00e9vation est <span style=\"text-decoration: underline;\">symboliquement une \u00e9l\u00e9vation de l\u2019esprit<\/span>.<\/strong><\/p><p>Les \u00ab\u00a0Sentinelles\u00a0\u00bb sont \u00e9ph\u00e9m\u00e8res et c\u2019est cette fragilit\u00e9 qui leur conf\u00e8re toute leur puissance\u2026 p\u00e9rennis\u00e9e par la photographie\u00a0!<\/p>\t\t\t\t\t\t\t\t<\/div>\n\t\t\t\t<\/div>\n\t\t\t\t\t<\/div>\n\t\t<\/div>\n\t\t\t\t<div class=\"elementor-column elementor-col-50 elementor-inner-column elementor-element elementor-element-1f11fe1\" data-id=\"1f11fe1\" data-element_type=\"column\">\n\t\t\t<div class=\"elementor-widget-wrap elementor-element-populated\">\n\t\t\t\t\t\t<div class=\"elementor-element elementor-element-fb5959f elementor-widget elementor-widget-image\" data-id=\"fb5959f\" data-element_type=\"widget\" data-widget_type=\"image.default\">\n\t\t\t\t<div class=\"elementor-widget-container\">\n\t\t\t\t\t\t\t\t\t\t\t\t\t\t\t<img decoding=\"async\" width=\"150\" height=\"150\" src=\"https:\/\/sentinellesdelapaix.com\/fr\/wp-content\/uploads\/2020\/01\/sentinelles-coeur-150x150.jpg\" class=\"attachment-thumbnail size-thumbnail wp-image-933\" alt=\"\" \/>\t\t\t\t\t\t\t\t\t\t\t\t\t\t\t<\/div>\n\t\t\t\t<\/div>\n\t\t\t\t<div class=\"elementor-element elementor-element-de25438 elementor-widget elementor-widget-image\" data-id=\"de25438\" data-element_type=\"widget\" data-widget_type=\"image.default\">\n\t\t\t\t<div class=\"elementor-widget-container\">\n\t\t\t\t\t\t\t\t\t\t\t\t\t\t\t<img decoding=\"async\" width=\"150\" height=\"150\" src=\"https:\/\/sentinellesdelapaix.com\/fr\/wp-content\/uploads\/2020\/01\/pg-acc-005-150x150.jpg\" class=\"attachment-thumbnail size-thumbnail wp-image-937\" alt=\"\" \/>\t\t\t\t\t\t\t\t\t\t\t\t\t\t\t<\/div>\n\t\t\t\t<\/div>\n\t\t\t\t\t<\/div>\n\t\t<\/div>\n\t\t\t\t\t<\/div>\n\t\t<\/section>\n\t\t\t\t<div class=\"elementor-element elementor-element-ad62d89 elementor-widget elementor-widget-text-editor\" data-id=\"ad62d89\" data-element_type=\"widget\" data-widget_type=\"text-editor.default\">\n\t\t\t\t<div class=\"elementor-widget-container\">\n\t\t\t\t\t\t\t\t\t<p>Il est aujourd\u2019hui d\u00e9montr\u00e9 que l\u2019augmentation de la sensibilit\u00e9 humaine a une r\u00e9percussion sur la diminution de la violence et sur l\u2019augmentation de la sensation de se sentir bien avec soi-m\u00eame et donc avec les autres. <b>L&rsquo;\u0153uvre performance et ses effets s&rsquo;inscrivent dans le temps et non dans la mati\u00e8re.<\/b><\/p>\t\t\t\t\t\t\t\t<\/div>\n\t\t\t\t<\/div>\n\t\t\t\t<div class=\"elementor-element elementor-element-e54be9b elementor-widget elementor-widget-heading\" data-id=\"e54be9b\" data-element_type=\"widget\" data-widget_type=\"heading.default\">\n\t\t\t\t<div class=\"elementor-widget-container\">\n\t\t\t\t\t<h3 class=\"elementor-heading-title elementor-size-default\">Les actions r\u00e9alisables<\/h3>\t\t\t\t<\/div>\n\t\t\t\t<\/div>\n\t\t\t\t<section class=\"elementor-section elementor-inner-section elementor-element elementor-element-edc643c elementor-section-boxed elementor-section-height-default elementor-section-height-default\" data-id=\"edc643c\" data-element_type=\"section\">\n\t\t\t\t\t\t<div class=\"elementor-container elementor-column-gap-default\">\n\t\t\t\t\t<div class=\"elementor-column elementor-col-50 elementor-inner-column elementor-element elementor-element-d221626\" data-id=\"d221626\" data-element_type=\"column\">\n\t\t\t<div class=\"elementor-widget-wrap elementor-element-populated\">\n\t\t\t\t\t\t<div class=\"elementor-element elementor-element-3088868 elementor-widget elementor-widget-text-editor\" data-id=\"3088868\" data-element_type=\"widget\" data-widget_type=\"text-editor.default\">\n\t\t\t\t<div class=\"elementor-widget-container\">\n\t\t\t\t\t\t\t\t\t<ul><li>Des op\u00e9rations d&rsquo;\u00e9l\u00e9vation de \u00ab\u00a0Sentinelles\u00a0\u00bb avec des jeunes ou des adultes, \u00ab\u00a0Performances\u00a0\u00bb artistiques par les participants auxquels aura \u00e9t\u00e9 pr\u00e9sent\u00e9e pr\u00e9alablement le sens de la d\u00e9marche ou des r\u00e9alisations prenant place dans un projet plus large d&rsquo;\u00e9ducation \u00e0 la paix.<\/li><li>Des interventions en milieu scolaire en lien avec les \u00e9quipes \u00e9ducatives (\u00e9coles, coll\u00e8ges, lyc\u00e9es&#8230;). Une fiche p\u00e9dagogique sp\u00e9cifique au format Pdf est disponible en <a href=\"https:\/\/sentinellesdelapaix.com\/fr\/wp-content\/uploads\/2020\/01\/fiche-pedago-new.pdf\" target=\"_blank\" rel=\"noopener\" data-wplink-url-error=\"true\"><span style=\"text-decoration: underline;\">t\u00e9l\u00e9chargement ici<\/span><\/a>.<\/li><li>Des conf\u00e9rences suivies de d\u00e9bats avec le public, des expositions d\u2019artistes plasticiens sur le th\u00e8me de la paix compl\u00e9t\u00e9es \u00e9ventuellement lors des vernissages par des prestations de musiciens, chanteurs, danseurs,\u2026<\/li><li>Pour les plus jeunes, mais aussi les moins jeunes, le \u00ab\u00a0Jeu des Sentinelles\u00a0\u00bb (mini jardin), est une solution utilisable en int\u00e9rieur ou dans des espaces plus r\u00e9duits.<\/li><\/ul>\t\t\t\t\t\t\t\t<\/div>\n\t\t\t\t<\/div>\n\t\t\t\t\t<\/div>\n\t\t<\/div>\n\t\t\t\t<div class=\"elementor-column elementor-col-50 elementor-inner-column elementor-element elementor-element-c8eab89\" data-id=\"c8eab89\" data-element_type=\"column\">\n\t\t\t<div class=\"elementor-widget-wrap elementor-element-populated\">\n\t\t\t\t\t\t<div class=\"elementor-element elementor-element-c3bb2f8 elementor-widget elementor-widget-image-gallery\" data-id=\"c3bb2f8\" data-element_type=\"widget\" data-widget_type=\"image-gallery.default\">\n\t\t\t\t<div class=\"elementor-widget-container\">\n\t\t\t\t\t\t\t<div class=\"elementor-image-gallery\">\n\t\t\t<div id='gallery-1' class='gallery galleryid-17 gallery-columns-2 gallery-size-medium_large'><figure class='gallery-item'>\n\t\t\t<div class='gallery-icon landscape'>\n\t\t\t\t<a data-elementor-open-lightbox=\"yes\" data-elementor-lightbox-slideshow=\"c3bb2f8\" data-elementor-lightbox-title=\"demarche-006\" data-e-action-hash=\"#elementor-action%3Aaction%3Dlightbox%26settings%3DeyJpZCI6OTM5LCJ1cmwiOiJodHRwczpcL1wvc2VudGluZWxsZXNkZWxhcGFpeC5jb21cL2ZyXC93cC1jb250ZW50XC91cGxvYWRzXC8yMDIwXC8wMVwvZGVtYXJjaGUtMDA2LmpwZyIsInNsaWRlc2hvdyI6ImMzYmIyZjgifQ%3D%3D\" href='https:\/\/sentinellesdelapaix.com\/fr\/wp-content\/uploads\/2020\/01\/demarche-006.jpg'><img fetchpriority=\"high\" decoding=\"async\" width=\"768\" height=\"508\" src=\"https:\/\/sentinellesdelapaix.com\/fr\/wp-content\/uploads\/2020\/01\/demarche-006-768x508.jpg\" class=\"attachment-medium_large size-medium_large\" alt=\"\" srcset=\"https:\/\/sentinellesdelapaix.com\/fr\/wp-content\/uploads\/2020\/01\/demarche-006-768x508.jpg 768w, https:\/\/sentinellesdelapaix.com\/fr\/wp-content\/uploads\/2020\/01\/demarche-006-300x199.jpg 300w, https:\/\/sentinellesdelapaix.com\/fr\/wp-content\/uploads\/2020\/01\/demarche-006-1024x678.jpg 1024w, https:\/\/sentinellesdelapaix.com\/fr\/wp-content\/uploads\/2020\/01\/demarche-006.jpg 1154w\" sizes=\"(max-width: 768px) 100vw, 768px\" \/><\/a>\n\t\t\t<\/div><\/figure><figure class='gallery-item'>\n\t\t\t<div class='gallery-icon landscape'>\n\t\t\t\t<a data-elementor-open-lightbox=\"yes\" data-elementor-lightbox-slideshow=\"c3bb2f8\" data-elementor-lightbox-title=\"demarche-012\" data-e-action-hash=\"#elementor-action%3Aaction%3Dlightbox%26settings%3DeyJpZCI6OTQxLCJ1cmwiOiJodHRwczpcL1wvc2VudGluZWxsZXNkZWxhcGFpeC5jb21cL2ZyXC93cC1jb250ZW50XC91cGxvYWRzXC8yMDIwXC8wMVwvZGVtYXJjaGUtMDEyLmpwZyIsInNsaWRlc2hvdyI6ImMzYmIyZjgifQ%3D%3D\" href='https:\/\/sentinellesdelapaix.com\/fr\/wp-content\/uploads\/2020\/01\/demarche-012.jpg'><img loading=\"lazy\" decoding=\"async\" width=\"768\" height=\"510\" src=\"https:\/\/sentinellesdelapaix.com\/fr\/wp-content\/uploads\/2020\/01\/demarche-012-768x510.jpg\" class=\"attachment-medium_large size-medium_large\" alt=\"\" srcset=\"https:\/\/sentinellesdelapaix.com\/fr\/wp-content\/uploads\/2020\/01\/demarche-012-768x510.jpg 768w, https:\/\/sentinellesdelapaix.com\/fr\/wp-content\/uploads\/2020\/01\/demarche-012-300x199.jpg 300w, https:\/\/sentinellesdelapaix.com\/fr\/wp-content\/uploads\/2020\/01\/demarche-012-1024x680.jpg 1024w, https:\/\/sentinellesdelapaix.com\/fr\/wp-content\/uploads\/2020\/01\/demarche-012.jpg 1157w\" sizes=\"(max-width: 768px) 100vw, 768px\" \/><\/a>\n\t\t\t<\/div><\/figure><figure class='gallery-item'>\n\t\t\t<div class='gallery-icon landscape'>\n\t\t\t\t<a data-elementor-open-lightbox=\"yes\" data-elementor-lightbox-slideshow=\"c3bb2f8\" data-elementor-lightbox-title=\"demarche-016\" data-e-action-hash=\"#elementor-action%3Aaction%3Dlightbox%26settings%3DeyJpZCI6OTQyLCJ1cmwiOiJodHRwczpcL1wvc2VudGluZWxsZXNkZWxhcGFpeC5jb21cL2ZyXC93cC1jb250ZW50XC91cGxvYWRzXC8yMDIwXC8wMVwvZGVtYXJjaGUtMDE2LmpwZyIsInNsaWRlc2hvdyI6ImMzYmIyZjgifQ%3D%3D\" href='https:\/\/sentinellesdelapaix.com\/fr\/wp-content\/uploads\/2020\/01\/demarche-016.jpg'><img loading=\"lazy\" decoding=\"async\" width=\"768\" height=\"510\" src=\"https:\/\/sentinellesdelapaix.com\/fr\/wp-content\/uploads\/2020\/01\/demarche-016-768x510.jpg\" class=\"attachment-medium_large size-medium_large\" alt=\"\" srcset=\"https:\/\/sentinellesdelapaix.com\/fr\/wp-content\/uploads\/2020\/01\/demarche-016-768x510.jpg 768w, https:\/\/sentinellesdelapaix.com\/fr\/wp-content\/uploads\/2020\/01\/demarche-016-300x199.jpg 300w, https:\/\/sentinellesdelapaix.com\/fr\/wp-content\/uploads\/2020\/01\/demarche-016-1024x680.jpg 1024w, https:\/\/sentinellesdelapaix.com\/fr\/wp-content\/uploads\/2020\/01\/demarche-016.jpg 1156w\" sizes=\"(max-width: 768px) 100vw, 768px\" \/><\/a>\n\t\t\t<\/div><\/figure><figure class='gallery-item'>\n\t\t\t<div class='gallery-icon landscape'>\n\t\t\t\t<a data-elementor-open-lightbox=\"yes\" data-elementor-lightbox-slideshow=\"c3bb2f8\" data-elementor-lightbox-title=\"demarche-001\" data-e-action-hash=\"#elementor-action%3Aaction%3Dlightbox%26settings%3DeyJpZCI6OTQ0LCJ1cmwiOiJodHRwczpcL1wvc2VudGluZWxsZXNkZWxhcGFpeC5jb21cL2ZyXC93cC1jb250ZW50XC91cGxvYWRzXC8yMDIwXC8wMVwvZGVtYXJjaGUtMDAxLmpwZyIsInNsaWRlc2hvdyI6ImMzYmIyZjgifQ%3D%3D\" href='https:\/\/sentinellesdelapaix.com\/fr\/wp-content\/uploads\/2020\/01\/demarche-001.jpg'><img loading=\"lazy\" decoding=\"async\" width=\"640\" height=\"425\" src=\"https:\/\/sentinellesdelapaix.com\/fr\/wp-content\/uploads\/2020\/01\/demarche-001.jpg\" class=\"attachment-medium_large size-medium_large\" alt=\"\" srcset=\"https:\/\/sentinellesdelapaix.com\/fr\/wp-content\/uploads\/2020\/01\/demarche-001.jpg 640w, https:\/\/sentinellesdelapaix.com\/fr\/wp-content\/uploads\/2020\/01\/demarche-001-300x199.jpg 300w\" sizes=\"(max-width: 640px) 100vw, 640px\" \/><\/a>\n\t\t\t<\/div><\/figure><figure class='gallery-item'>\n\t\t\t<div class='gallery-icon landscape'>\n\t\t\t\t<a data-elementor-open-lightbox=\"yes\" data-elementor-lightbox-slideshow=\"c3bb2f8\" data-elementor-lightbox-title=\"demarche-007\" data-e-action-hash=\"#elementor-action%3Aaction%3Dlightbox%26settings%3DeyJpZCI6OTQ1LCJ1cmwiOiJodHRwczpcL1wvc2VudGluZWxsZXNkZWxhcGFpeC5jb21cL2ZyXC93cC1jb250ZW50XC91cGxvYWRzXC8yMDIwXC8wMVwvZGVtYXJjaGUtMDA3LmpwZyIsInNsaWRlc2hvdyI6ImMzYmIyZjgifQ%3D%3D\" href='https:\/\/sentinellesdelapaix.com\/fr\/wp-content\/uploads\/2020\/01\/demarche-007.jpg'><img loading=\"lazy\" decoding=\"async\" width=\"768\" height=\"510\" src=\"https:\/\/sentinellesdelapaix.com\/fr\/wp-content\/uploads\/2020\/01\/demarche-007-768x510.jpg\" class=\"attachment-medium_large size-medium_large\" alt=\"\" srcset=\"https:\/\/sentinellesdelapaix.com\/fr\/wp-content\/uploads\/2020\/01\/demarche-007-768x510.jpg 768w, https:\/\/sentinellesdelapaix.com\/fr\/wp-content\/uploads\/2020\/01\/demarche-007-300x199.jpg 300w, https:\/\/sentinellesdelapaix.com\/fr\/wp-content\/uploads\/2020\/01\/demarche-007-1024x680.jpg 1024w, https:\/\/sentinellesdelapaix.com\/fr\/wp-content\/uploads\/2020\/01\/demarche-007.jpg 1156w\" sizes=\"(max-width: 768px) 100vw, 768px\" \/><\/a>\n\t\t\t<\/div><\/figure><figure class='gallery-item'>\n\t\t\t<div class='gallery-icon landscape'>\n\t\t\t\t<a data-elementor-open-lightbox=\"yes\" data-elementor-lightbox-slideshow=\"c3bb2f8\" data-elementor-lightbox-title=\"demarche-017\" data-e-action-hash=\"#elementor-action%3Aaction%3Dlightbox%26settings%3DeyJpZCI6OTQ2LCJ1cmwiOiJodHRwczpcL1wvc2VudGluZWxsZXNkZWxhcGFpeC5jb21cL2ZyXC93cC1jb250ZW50XC91cGxvYWRzXC8yMDIwXC8wMVwvZGVtYXJjaGUtMDE3LTEuanBnIiwic2xpZGVzaG93IjoiYzNiYjJmOCJ9\" href='https:\/\/sentinellesdelapaix.com\/fr\/wp-content\/uploads\/2020\/01\/demarche-017-1.jpg'><img loading=\"lazy\" decoding=\"async\" width=\"768\" height=\"510\" src=\"https:\/\/sentinellesdelapaix.com\/fr\/wp-content\/uploads\/2020\/01\/demarche-017-1-768x510.jpg\" class=\"attachment-medium_large size-medium_large\" alt=\"\" srcset=\"https:\/\/sentinellesdelapaix.com\/fr\/wp-content\/uploads\/2020\/01\/demarche-017-1-768x510.jpg 768w, https:\/\/sentinellesdelapaix.com\/fr\/wp-content\/uploads\/2020\/01\/demarche-017-1-300x199.jpg 300w, https:\/\/sentinellesdelapaix.com\/fr\/wp-content\/uploads\/2020\/01\/demarche-017-1-1024x680.jpg 1024w, https:\/\/sentinellesdelapaix.com\/fr\/wp-content\/uploads\/2020\/01\/demarche-017-1.jpg 1157w\" sizes=\"(max-width: 768px) 100vw, 768px\" \/><\/a>\n\t\t\t<\/div><\/figure>\n\t\t<\/div>\n\t\t<\/div>\n\t\t\t\t\t\t<\/div>\n\t\t\t\t<\/div>\n\t\t\t\t\t<\/div>\n\t\t<\/div>\n\t\t\t\t\t<\/div>\n\t\t<\/section>\n\t\t\t\t\t<\/div>\n\t\t<\/div>\n\t\t\t\t\t<\/div>\n\t\t<\/section>\n\t\t\t\t<\/div>\n\t\t","protected":false},"excerpt":{"rendered":"<p>Notre but est avant tout l\u2019organisation d\u2019actions d\u2019\u00e9ducation \u00e0 la Paix. Notre d\u00e9marche est bas\u00e9e, mais de mani\u00e8re non exclusive, sur l\u2019\u00e9l\u00e9vation de \u00ab Sentinelles \u00bb, colonnes de pierres en \u00e9quilibre, geste symbolique de paix. Cet acte puise ses sources dans la d\u00e9marche Land Art et rel\u00e8ve de la notion de \u00ab&nbsp;Performance artistique&nbsp;\u00bb. Par un &#8230; <a title=\"Notre but, nos actions\" class=\"read-more\" href=\"https:\/\/sentinellesdelapaix.com\/fr\/notre-but-nos-actions\/\" aria-label=\"En savoir plus sur Notre but, nos actions\">Lire l&rsquo;article<\/a><\/p>\n","protected":false},"author":1,"featured_media":0,"parent":0,"menu_order":0,"comment_status":"closed","ping_status":"closed","template":"","meta":{"footnotes":""},"class_list":{"0":"post-17","1":"page","2":"type-page","3":"status-publish","5":"no-featured-image-padding"},"yoast_head":"<!-- This site is optimized with the Yoast SEO plugin v26.7 - https:\/\/yoast.com\/wordpress\/plugins\/seo\/ -->\n<title>Notre but, nos actions - Association &quot;Sentinelles de la Paix&quot;<\/title>\n<meta name=\"description\" content=\"Notre but est avant tout l&#039;organisation d&#039;actions d&#039;\u00e9ducation \u00e0 la paix. Notre d\u00e9marche est bas\u00e9e sur l&#039;\u00e9l\u00e9vation de sentinelles de pierres symboles de paix\" \/>\n<meta name=\"robots\" content=\"index, follow, max-snippet:-1, max-image-preview:large, max-video-preview:-1\" \/>\n<link rel=\"canonical\" href=\"https:\/\/sentinellesdelapaix.com\/fr\/notre-but-nos-actions\/\" \/>\n<meta property=\"og:locale\" content=\"fr_FR\" \/>\n<meta property=\"og:type\" content=\"article\" \/>\n<meta property=\"og:title\" content=\"Notre but, nos actions - Association &quot;Sentinelles de la Paix&quot;\" \/>\n<meta property=\"og:description\" content=\"Notre but est avant tout l&#039;organisation d&#039;actions d&#039;\u00e9ducation \u00e0 la paix. Notre d\u00e9marche est bas\u00e9e sur l&#039;\u00e9l\u00e9vation de sentinelles de pierres symboles de paix\" \/>\n<meta property=\"og:url\" content=\"https:\/\/sentinellesdelapaix.com\/fr\/notre-but-nos-actions\/\" \/>\n<meta property=\"og:site_name\" content=\"Association &quot;Sentinelles de la Paix&quot;\" \/>\n<meta property=\"article:modified_time\" content=\"2021-02-27T13:18:45+00:00\" \/>\n<meta property=\"og:image\" content=\"https:\/\/sentinellesdelapaix.com\/fr\/wp-content\/uploads\/2020\/01\/sentinelles-coeur-150x150.jpg\" \/>\n<meta name=\"twitter:card\" content=\"summary_large_image\" \/>\n<meta name=\"twitter:label1\" content=\"Dur\u00e9e de lecture estim\u00e9e\" \/>\n\t<meta name=\"twitter:data1\" content=\"3 minutes\" \/>\n<script type=\"application\/ld+json\" class=\"yoast-schema-graph\">{\"@context\":\"https:\/\/schema.org\",\"@graph\":[{\"@type\":\"WebPage\",\"@id\":\"https:\/\/sentinellesdelapaix.com\/fr\/notre-but-nos-actions\/\",\"url\":\"https:\/\/sentinellesdelapaix.com\/fr\/notre-but-nos-actions\/\",\"name\":\"Notre but, nos actions - Association &quot;Sentinelles de la Paix&quot;\",\"isPartOf\":{\"@id\":\"https:\/\/sentinellesdelapaix.com\/fr\/#website\"},\"primaryImageOfPage\":{\"@id\":\"https:\/\/sentinellesdelapaix.com\/fr\/notre-but-nos-actions\/#primaryimage\"},\"image\":{\"@id\":\"https:\/\/sentinellesdelapaix.com\/fr\/notre-but-nos-actions\/#primaryimage\"},\"thumbnailUrl\":\"https:\/\/sentinellesdelapaix.com\/fr\/wp-content\/uploads\/2020\/01\/sentinelles-coeur-150x150.jpg\",\"datePublished\":\"2020-01-19T10:05:46+00:00\",\"dateModified\":\"2021-02-27T13:18:45+00:00\",\"description\":\"Notre but est avant tout l'organisation d'actions d'\u00e9ducation \u00e0 la paix. Notre d\u00e9marche est bas\u00e9e sur l'\u00e9l\u00e9vation de sentinelles de pierres symboles de paix\",\"breadcrumb\":{\"@id\":\"https:\/\/sentinellesdelapaix.com\/fr\/notre-but-nos-actions\/#breadcrumb\"},\"inLanguage\":\"fr-FR\",\"potentialAction\":[{\"@type\":\"ReadAction\",\"target\":[\"https:\/\/sentinellesdelapaix.com\/fr\/notre-but-nos-actions\/\"]}]},{\"@type\":\"ImageObject\",\"inLanguage\":\"fr-FR\",\"@id\":\"https:\/\/sentinellesdelapaix.com\/fr\/notre-but-nos-actions\/#primaryimage\",\"url\":\"https:\/\/sentinellesdelapaix.com\/fr\/wp-content\/uploads\/2020\/01\/sentinelles-coeur.jpg\",\"contentUrl\":\"https:\/\/sentinellesdelapaix.com\/fr\/wp-content\/uploads\/2020\/01\/sentinelles-coeur.jpg\",\"width\":640,\"height\":425},{\"@type\":\"BreadcrumbList\",\"@id\":\"https:\/\/sentinellesdelapaix.com\/fr\/notre-but-nos-actions\/#breadcrumb\",\"itemListElement\":[{\"@type\":\"ListItem\",\"position\":1,\"name\":\"Accueil\",\"item\":\"https:\/\/sentinellesdelapaix.com\/fr\/\"},{\"@type\":\"ListItem\",\"position\":2,\"name\":\"Notre but, nos actions\"}]},{\"@type\":\"WebSite\",\"@id\":\"https:\/\/sentinellesdelapaix.com\/fr\/#website\",\"url\":\"https:\/\/sentinellesdelapaix.com\/fr\/\",\"name\":\"Association &quot;Sentinelles de la Paix&quot;\",\"description\":\"*Une pierre pos\u00e9e n&#039;est pas jet\u00e9e*\",\"potentialAction\":[{\"@type\":\"SearchAction\",\"target\":{\"@type\":\"EntryPoint\",\"urlTemplate\":\"https:\/\/sentinellesdelapaix.com\/fr\/?s={search_term_string}\"},\"query-input\":{\"@type\":\"PropertyValueSpecification\",\"valueRequired\":true,\"valueName\":\"search_term_string\"}}],\"inLanguage\":\"fr-FR\"}]}<\/script>\n<!-- \/ Yoast SEO plugin. -->","yoast_head_json":{"title":"Notre but, nos actions - Association &quot;Sentinelles de la Paix&quot;","description":"Notre but est avant tout l'organisation d'actions d'\u00e9ducation \u00e0 la paix. Notre d\u00e9marche est bas\u00e9e sur l'\u00e9l\u00e9vation de sentinelles de pierres symboles de paix","robots":{"index":"index","follow":"follow","max-snippet":"max-snippet:-1","max-image-preview":"max-image-preview:large","max-video-preview":"max-video-preview:-1"},"canonical":"https:\/\/sentinellesdelapaix.com\/fr\/notre-but-nos-actions\/","og_locale":"fr_FR","og_type":"article","og_title":"Notre but, nos actions - Association &quot;Sentinelles de la Paix&quot;","og_description":"Notre but est avant tout l'organisation d'actions d'\u00e9ducation \u00e0 la paix. Notre d\u00e9marche est bas\u00e9e sur l'\u00e9l\u00e9vation de sentinelles de pierres symboles de paix","og_url":"https:\/\/sentinellesdelapaix.com\/fr\/notre-but-nos-actions\/","og_site_name":"Association &quot;Sentinelles de la Paix&quot;","article_modified_time":"2021-02-27T13:18:45+00:00","og_image":[{"url":"https:\/\/sentinellesdelapaix.com\/fr\/wp-content\/uploads\/2020\/01\/sentinelles-coeur-150x150.jpg","type":"","width":"","height":""}],"twitter_card":"summary_large_image","twitter_misc":{"Dur\u00e9e de lecture estim\u00e9e":"3 minutes"},"schema":{"@context":"https:\/\/schema.org","@graph":[{"@type":"WebPage","@id":"https:\/\/sentinellesdelapaix.com\/fr\/notre-but-nos-actions\/","url":"https:\/\/sentinellesdelapaix.com\/fr\/notre-but-nos-actions\/","name":"Notre but, nos actions - Association &quot;Sentinelles de la Paix&quot;","isPartOf":{"@id":"https:\/\/sentinellesdelapaix.com\/fr\/#website"},"primaryImageOfPage":{"@id":"https:\/\/sentinellesdelapaix.com\/fr\/notre-but-nos-actions\/#primaryimage"},"image":{"@id":"https:\/\/sentinellesdelapaix.com\/fr\/notre-but-nos-actions\/#primaryimage"},"thumbnailUrl":"https:\/\/sentinellesdelapaix.com\/fr\/wp-content\/uploads\/2020\/01\/sentinelles-coeur-150x150.jpg","datePublished":"2020-01-19T10:05:46+00:00","dateModified":"2021-02-27T13:18:45+00:00","description":"Notre but est avant tout l'organisation d'actions d'\u00e9ducation \u00e0 la paix. Notre d\u00e9marche est bas\u00e9e sur l'\u00e9l\u00e9vation de sentinelles de pierres symboles de paix","breadcrumb":{"@id":"https:\/\/sentinellesdelapaix.com\/fr\/notre-but-nos-actions\/#breadcrumb"},"inLanguage":"fr-FR","potentialAction":[{"@type":"ReadAction","target":["https:\/\/sentinellesdelapaix.com\/fr\/notre-but-nos-actions\/"]}]},{"@type":"ImageObject","inLanguage":"fr-FR","@id":"https:\/\/sentinellesdelapaix.com\/fr\/notre-but-nos-actions\/#primaryimage","url":"https:\/\/sentinellesdelapaix.com\/fr\/wp-content\/uploads\/2020\/01\/sentinelles-coeur.jpg","contentUrl":"https:\/\/sentinellesdelapaix.com\/fr\/wp-content\/uploads\/2020\/01\/sentinelles-coeur.jpg","width":640,"height":425},{"@type":"BreadcrumbList","@id":"https:\/\/sentinellesdelapaix.com\/fr\/notre-but-nos-actions\/#breadcrumb","itemListElement":[{"@type":"ListItem","position":1,"name":"Accueil","item":"https:\/\/sentinellesdelapaix.com\/fr\/"},{"@type":"ListItem","position":2,"name":"Notre but, nos actions"}]},{"@type":"WebSite","@id":"https:\/\/sentinellesdelapaix.com\/fr\/#website","url":"https:\/\/sentinellesdelapaix.com\/fr\/","name":"Association &quot;Sentinelles de la Paix&quot;","description":"*Une pierre pos\u00e9e n&#039;est pas jet\u00e9e*","potentialAction":[{"@type":"SearchAction","target":{"@type":"EntryPoint","urlTemplate":"https:\/\/sentinellesdelapaix.com\/fr\/?s={search_term_string}"},"query-input":{"@type":"PropertyValueSpecification","valueRequired":true,"valueName":"search_term_string"}}],"inLanguage":"fr-FR"}]}},"_links":{"self":[{"href":"https:\/\/sentinellesdelapaix.com\/fr\/wp-json\/wp\/v2\/pages\/17","targetHints":{"allow":["GET"]}}],"collection":[{"href":"https:\/\/sentinellesdelapaix.com\/fr\/wp-json\/wp\/v2\/pages"}],"about":[{"href":"https:\/\/sentinellesdelapaix.com\/fr\/wp-json\/wp\/v2\/types\/page"}],"author":[{"embeddable":true,"href":"https:\/\/sentinellesdelapaix.com\/fr\/wp-json\/wp\/v2\/users\/1"}],"replies":[{"embeddable":true,"href":"https:\/\/sentinellesdelapaix.com\/fr\/wp-json\/wp\/v2\/comments?post=17"}],"version-history":[{"count":40,"href":"https:\/\/sentinellesdelapaix.com\/fr\/wp-json\/wp\/v2\/pages\/17\/revisions"}],"predecessor-version":[{"id":1828,"href":"https:\/\/sentinellesdelapaix.com\/fr\/wp-json\/wp\/v2\/pages\/17\/revisions\/1828"}],"wp:attachment":[{"href":"https:\/\/sentinellesdelapaix.com\/fr\/wp-json\/wp\/v2\/media?parent=17"}],"curies":[{"name":"wp","href":"https:\/\/api.w.org\/{rel}","templated":true}]}}