{"id":27,"date":"2020-01-19T11:08:50","date_gmt":"2020-01-19T10:08:50","guid":{"rendered":"https:\/\/sentinellesdelapaix.com\/fr\/?page_id=27"},"modified":"2021-02-27T18:07:43","modified_gmt":"2021-02-27T17:07:43","slug":"projet-en-cours","status":"publish","type":"page","link":"https:\/\/sentinellesdelapaix.com\/fr\/projet-en-cours\/","title":{"rendered":"Projet en cours"},"content":{"rendered":"\t\t<div data-elementor-type=\"wp-page\" data-elementor-id=\"27\" class=\"elementor elementor-27\">\n\t\t\t\t\t\t<section class=\"elementor-section elementor-top-section elementor-element elementor-element-404786e elementor-section-boxed elementor-section-height-default elementor-section-height-default\" data-id=\"404786e\" data-element_type=\"section\">\n\t\t\t\t\t\t<div class=\"elementor-container elementor-column-gap-default\">\n\t\t\t\t\t<div class=\"elementor-column elementor-col-100 elementor-top-column elementor-element elementor-element-5494ea2\" data-id=\"5494ea2\" data-element_type=\"column\">\n\t\t\t<div class=\"elementor-widget-wrap elementor-element-populated\">\n\t\t\t\t\t\t<div class=\"elementor-element elementor-element-08ca5f7 elementor-widget elementor-widget-heading\" data-id=\"08ca5f7\" data-element_type=\"widget\" data-widget_type=\"heading.default\">\n\t\t\t\t<div class=\"elementor-widget-container\">\n\t\t\t\t\t<h2 class=\"elementor-heading-title elementor-size-default\">Notre projet en m\u00e9moire des bombardements<\/h2>\t\t\t\t<\/div>\n\t\t\t\t<\/div>\n\t\t\t\t<section class=\"elementor-section elementor-inner-section elementor-element elementor-element-c588e4b elementor-section-boxed elementor-section-height-default elementor-section-height-default\" data-id=\"c588e4b\" data-element_type=\"section\">\n\t\t\t\t\t\t<div class=\"elementor-container elementor-column-gap-default\">\n\t\t\t\t\t<div class=\"elementor-column elementor-col-33 elementor-inner-column elementor-element elementor-element-508cb64\" data-id=\"508cb64\" data-element_type=\"column\">\n\t\t\t<div class=\"elementor-widget-wrap elementor-element-populated\">\n\t\t\t\t\t\t<div class=\"elementor-element elementor-element-d9a4a88 elementor-widget elementor-widget-image\" data-id=\"d9a4a88\" data-element_type=\"widget\" data-widget_type=\"image.default\">\n\t\t\t\t<div class=\"elementor-widget-container\">\n\t\t\t\t\t\t\t\t\t\t\t\t\t\t\t<img fetchpriority=\"high\" decoding=\"async\" width=\"225\" height=\"300\" src=\"https:\/\/sentinellesdelapaix.com\/fr\/wp-content\/uploads\/2020\/12\/hiroshima-dome-225x300-1.jpg\" class=\"attachment-medium size-medium wp-image-1652\" alt=\"\" \/>\t\t\t\t\t\t\t\t\t\t\t\t\t\t\t<\/div>\n\t\t\t\t<\/div>\n\t\t\t\t\t<\/div>\n\t\t<\/div>\n\t\t\t\t<div class=\"elementor-column elementor-col-33 elementor-inner-column elementor-element elementor-element-32439bb\" data-id=\"32439bb\" data-element_type=\"column\">\n\t\t\t<div class=\"elementor-widget-wrap elementor-element-populated\">\n\t\t\t\t\t\t<div class=\"elementor-element elementor-element-7425d60 elementor-widget elementor-widget-text-editor\" data-id=\"7425d60\" data-element_type=\"widget\" data-widget_type=\"text-editor.default\">\n\t\t\t\t<div class=\"elementor-widget-container\">\n\t\t\t\t\t\t\t\t\t<h2><strong><em> d\u2019Hiroshima et Nagasaki<\/em><\/strong><\/h2>\t\t\t\t\t\t\t\t<\/div>\n\t\t\t\t<\/div>\n\t\t\t\t\t<\/div>\n\t\t<\/div>\n\t\t\t\t<div class=\"elementor-column elementor-col-33 elementor-inner-column elementor-element elementor-element-7e237a0\" data-id=\"7e237a0\" data-element_type=\"column\">\n\t\t\t<div class=\"elementor-widget-wrap elementor-element-populated\">\n\t\t\t\t\t\t<div class=\"elementor-element elementor-element-dcd5c8a elementor-widget elementor-widget-image\" data-id=\"dcd5c8a\" data-element_type=\"widget\" data-widget_type=\"image.default\">\n\t\t\t\t<div class=\"elementor-widget-container\">\n\t\t\t\t\t\t\t\t\t\t\t\t\t\t\t<img decoding=\"async\" width=\"225\" height=\"300\" src=\"https:\/\/sentinellesdelapaix.com\/fr\/wp-content\/uploads\/2020\/12\/nagasaki2-225x300-1.jpg\" class=\"attachment-medium size-medium wp-image-1653\" alt=\"\" \/>\t\t\t\t\t\t\t\t\t\t\t\t\t\t\t<\/div>\n\t\t\t\t<\/div>\n\t\t\t\t\t<\/div>\n\t\t<\/div>\n\t\t\t\t\t<\/div>\n\t\t<\/section>\n\t\t\t\t<div class=\"elementor-element elementor-element-736676e elementor-widget elementor-widget-heading\" data-id=\"736676e\" data-element_type=\"widget\" data-widget_type=\"heading.default\">\n\t\t\t\t<div class=\"elementor-widget-container\">\n\t\t\t\t\t<h3 class=\"elementor-heading-title elementor-size-default\">L'origine du projet<\/h3>\t\t\t\t<\/div>\n\t\t\t\t<\/div>\n\t\t\t\t<div class=\"elementor-element elementor-element-3d70c48 elementor-widget elementor-widget-text-editor\" data-id=\"3d70c48\" data-element_type=\"widget\" data-widget_type=\"text-editor.default\">\n\t\t\t\t<div class=\"elementor-widget-container\">\n\t\t\t\t\t\t\t\t\t<p>Faisant suite \u00e0 la visite de deux membres de l\u2019Association, fin 2016, des deux villes martyres d\u2019Hiroshima et de Nagasaki, \u00e9merge le projet d\u2019une action \u00ab\u00a0Sentinelles de la Paix\u00a0\u00bb sur les deux sites, selon des modalit\u00e9s restant \u00e0 d\u00e9finir.<\/p><p>A l\u2019occasion d\u2019une rencontre avec M. Paul Quil\u00e8s, ancien Ministre de la d\u00e9fense, lors d\u2019une projection \u00e0 Albi du film \u00ab La bombe et nous \u00bb, celui-ci nous a orient\u00e9 vers M. Michel Cibot, D\u00e9l\u00e9gu\u00e9 G\u00e9n\u00e9ral de l\u2019<a href=\"http:\/\/afcdrp.com\" target=\"_blank\" rel=\"noopener\"><u>AFCDRP<\/u><\/a>, branche fran\u00e7aise de \u00ab <a href=\"http:\/\/www.mayorsforpeace.org\/english\/\" target=\"_blank\" rel=\"noopener\"><u>Mayors for peace<\/u><\/a> \u00bb.cr\u00e9\u00e9e par les maires d\u2019Hiroshima et de Nagasaki.<\/p><p>Lors de notre rencontre \u00e0 Malakoff, M. Michel Cibot nous a pr\u00e9sent\u00e9 les objectifs de l\u2019AFCDRP et nous a fait remarquer que l\u2019association \u00ab Mayors for peace \u00bb est tr\u00e8s sollicit\u00e9e et qu\u2019il est donc important de venir avec un projet pertinent et bien construit. Pendant nos \u00e9changes, il est \u00e0 apparu que ce projet devait se concentrer avant tout sur la <u>transmission<\/u> aux jeunes g\u00e9n\u00e9rations de \u00ab\u00a0l\u2019appel au bannissement des armes nucl\u00e9aires\u00a0\u00bb inlassablement r\u00e9p\u00e9t\u00e9 par les survivants des deux bombardements (les Hibakusha) et la notion de <u>rel\u00e8ve<\/u>.<\/p>\t\t\t\t\t\t\t\t<\/div>\n\t\t\t\t<\/div>\n\t\t\t\t<div class=\"elementor-element elementor-element-7936c14 elementor-widget elementor-widget-heading\" data-id=\"7936c14\" data-element_type=\"widget\" data-widget_type=\"heading.default\">\n\t\t\t\t<div class=\"elementor-widget-container\">\n\t\t\t\t\t<h3 class=\"elementor-heading-title elementor-size-default\">Premier contact avec des repr\u00e9sentants des villes d\u2019Hiroshima et Nagasaki<\/h3>\t\t\t\t<\/div>\n\t\t\t\t<\/div>\n\t\t\t\t<div class=\"elementor-element elementor-element-ffcc48e elementor-widget elementor-widget-text-editor\" data-id=\"ffcc48e\" data-element_type=\"widget\" data-widget_type=\"text-editor.default\">\n\t\t\t\t<div class=\"elementor-widget-container\">\n\t\t\t\t\t\t\t\t\t<p>Par l\u2019interm\u00e9diaire de Michel Cibot, nous avons pu, \u00e0 l\u2019occasion d\u2019un nouveau voyage au Japon fin 2018 rencontrer Monsieur Hakitoshi Nakamura, directeur du Mus\u00e9e de la Bombe Atomique \u00e0 Nagasaki, et Madame Yasco Suehiro, directrice du secr\u00e9tariat de Mayors for Peace a Hiroshima.<\/p><p>Nous leur avons pr\u00e9sent\u00e9 l\u2019association \u00ab Sentinelles de la paix \u00bb et notre projet d\u2019intervention sur les deux sites dans le cadre d\u2019une d\u00e9marche visant \u00e0 promouvoir la m\u00e9moire des deux bombardements. Madame Yasco Suehiro nous a alors indiqu\u00e9 que dans un premier temps, il serait souhaitable que notre association, en lien avec l\u2019AFCDRP, puisse travailler sur un projet \u00e9ducatif rentrant dans le cadre du plan d\u2019action 2017-2020. L\u2019objectif \u00e9tant dans un premier temps de mettre en place un tel projet dans des villes fran\u00e7aises adh\u00e9rentes, l\u2019AFCDRP aurait alors en charge la pr\u00e9sentation de ce projet pour validation par Mayors for Peace. En cas de validation, ce projet pourrait faire l\u2019objet d\u2019une op\u00e9ration au Japon.<\/p>\t\t\t\t\t\t\t\t<\/div>\n\t\t\t\t<\/div>\n\t\t\t\t\t<\/div>\n\t\t<\/div>\n\t\t\t\t\t<\/div>\n\t\t<\/section>\n\t\t\t\t<\/div>\n\t\t","protected":false},"excerpt":{"rendered":"<p>Notre projet en m\u00e9moire des bombardements d\u2019Hiroshima et Nagasaki L&rsquo;origine du projet Faisant suite \u00e0 la visite de deux membres de l\u2019Association, fin 2016, des deux villes martyres d\u2019Hiroshima et de Nagasaki, \u00e9merge le projet d\u2019une action \u00ab&nbsp;Sentinelles de la Paix&nbsp;\u00bb sur les deux sites, selon des modalit\u00e9s restant \u00e0 d\u00e9finir. A l\u2019occasion d\u2019une rencontre &#8230; <a title=\"Projet en cours\" class=\"read-more\" href=\"https:\/\/sentinellesdelapaix.com\/fr\/projet-en-cours\/\" aria-label=\"En savoir plus sur Projet en cours\">Lire l&rsquo;article<\/a><\/p>\n","protected":false},"author":1,"featured_media":0,"parent":0,"menu_order":0,"comment_status":"closed","ping_status":"closed","template":"","meta":{"footnotes":""},"class_list":{"0":"post-27","1":"page","2":"type-page","3":"status-publish","5":"no-featured-image-padding"},"yoast_head":"<!-- This site is optimized with the Yoast SEO plugin v26.7 - https:\/\/yoast.com\/wordpress\/plugins\/seo\/ -->\n<title>Projet en cours - Association &quot;Sentinelles de la Paix&quot;<\/title>\n<meta name=\"description\" content=\"L&#039;historique de notre projet en m\u00e9moire des bombardements d&#039;Hiroshima et de Nagasaki et les premiers contacts avec l&#039;AFCDRP et Mayors for Peace.\" \/>\n<meta name=\"robots\" content=\"index, follow, max-snippet:-1, max-image-preview:large, max-video-preview:-1\" \/>\n<link rel=\"canonical\" href=\"https:\/\/sentinellesdelapaix.com\/fr\/projet-en-cours\/\" \/>\n<meta property=\"og:locale\" content=\"fr_FR\" \/>\n<meta property=\"og:type\" content=\"article\" \/>\n<meta property=\"og:title\" content=\"Projet en cours - Association &quot;Sentinelles de la Paix&quot;\" \/>\n<meta property=\"og:description\" content=\"L&#039;historique de notre projet en m\u00e9moire des bombardements d&#039;Hiroshima et de Nagasaki et les premiers contacts avec l&#039;AFCDRP et Mayors for Peace.\" \/>\n<meta property=\"og:url\" content=\"https:\/\/sentinellesdelapaix.com\/fr\/projet-en-cours\/\" \/>\n<meta property=\"og:site_name\" content=\"Association &quot;Sentinelles de la Paix&quot;\" \/>\n<meta property=\"article:modified_time\" content=\"2021-02-27T17:07:43+00:00\" \/>\n<meta property=\"og:image\" content=\"https:\/\/sentinellesdelapaix.com\/fr\/wp-content\/uploads\/2020\/12\/hiroshima-dome-225x300-1.jpg\" \/>\n<meta name=\"twitter:card\" content=\"summary_large_image\" \/>\n<meta name=\"twitter:label1\" content=\"Dur\u00e9e de lecture estim\u00e9e\" \/>\n\t<meta name=\"twitter:data1\" content=\"2 minutes\" \/>\n<script type=\"application\/ld+json\" class=\"yoast-schema-graph\">{\"@context\":\"https:\/\/schema.org\",\"@graph\":[{\"@type\":\"WebPage\",\"@id\":\"https:\/\/sentinellesdelapaix.com\/fr\/projet-en-cours\/\",\"url\":\"https:\/\/sentinellesdelapaix.com\/fr\/projet-en-cours\/\",\"name\":\"Projet en cours - Association &quot;Sentinelles de la Paix&quot;\",\"isPartOf\":{\"@id\":\"https:\/\/sentinellesdelapaix.com\/fr\/#website\"},\"primaryImageOfPage\":{\"@id\":\"https:\/\/sentinellesdelapaix.com\/fr\/projet-en-cours\/#primaryimage\"},\"image\":{\"@id\":\"https:\/\/sentinellesdelapaix.com\/fr\/projet-en-cours\/#primaryimage\"},\"thumbnailUrl\":\"https:\/\/sentinellesdelapaix.com\/fr\/wp-content\/uploads\/2020\/12\/hiroshima-dome-225x300-1.jpg\",\"datePublished\":\"2020-01-19T10:08:50+00:00\",\"dateModified\":\"2021-02-27T17:07:43+00:00\",\"description\":\"L'historique de notre projet en m\u00e9moire des bombardements d'Hiroshima et de Nagasaki et les premiers contacts avec l'AFCDRP et Mayors for Peace.\",\"breadcrumb\":{\"@id\":\"https:\/\/sentinellesdelapaix.com\/fr\/projet-en-cours\/#breadcrumb\"},\"inLanguage\":\"fr-FR\",\"potentialAction\":[{\"@type\":\"ReadAction\",\"target\":[\"https:\/\/sentinellesdelapaix.com\/fr\/projet-en-cours\/\"]}]},{\"@type\":\"ImageObject\",\"inLanguage\":\"fr-FR\",\"@id\":\"https:\/\/sentinellesdelapaix.com\/fr\/projet-en-cours\/#primaryimage\",\"url\":\"https:\/\/sentinellesdelapaix.com\/fr\/wp-content\/uploads\/2020\/12\/hiroshima-dome-225x300-1.jpg\",\"contentUrl\":\"https:\/\/sentinellesdelapaix.com\/fr\/wp-content\/uploads\/2020\/12\/hiroshima-dome-225x300-1.jpg\",\"width\":225,\"height\":300},{\"@type\":\"BreadcrumbList\",\"@id\":\"https:\/\/sentinellesdelapaix.com\/fr\/projet-en-cours\/#breadcrumb\",\"itemListElement\":[{\"@type\":\"ListItem\",\"position\":1,\"name\":\"Accueil\",\"item\":\"https:\/\/sentinellesdelapaix.com\/fr\/\"},{\"@type\":\"ListItem\",\"position\":2,\"name\":\"Projet en cours\"}]},{\"@type\":\"WebSite\",\"@id\":\"https:\/\/sentinellesdelapaix.com\/fr\/#website\",\"url\":\"https:\/\/sentinellesdelapaix.com\/fr\/\",\"name\":\"Association &quot;Sentinelles de la Paix&quot;\",\"description\":\"*Une pierre pos\u00e9e n&#039;est pas jet\u00e9e*\",\"potentialAction\":[{\"@type\":\"SearchAction\",\"target\":{\"@type\":\"EntryPoint\",\"urlTemplate\":\"https:\/\/sentinellesdelapaix.com\/fr\/?s={search_term_string}\"},\"query-input\":{\"@type\":\"PropertyValueSpecification\",\"valueRequired\":true,\"valueName\":\"search_term_string\"}}],\"inLanguage\":\"fr-FR\"}]}<\/script>\n<!-- \/ Yoast SEO plugin. -->","yoast_head_json":{"title":"Projet en cours - Association &quot;Sentinelles de la Paix&quot;","description":"L'historique de notre projet en m\u00e9moire des bombardements d'Hiroshima et de Nagasaki et les premiers contacts avec l'AFCDRP et Mayors for Peace.","robots":{"index":"index","follow":"follow","max-snippet":"max-snippet:-1","max-image-preview":"max-image-preview:large","max-video-preview":"max-video-preview:-1"},"canonical":"https:\/\/sentinellesdelapaix.com\/fr\/projet-en-cours\/","og_locale":"fr_FR","og_type":"article","og_title":"Projet en cours - Association &quot;Sentinelles de la Paix&quot;","og_description":"L'historique de notre projet en m\u00e9moire des bombardements d'Hiroshima et de Nagasaki et les premiers contacts avec l'AFCDRP et Mayors for Peace.","og_url":"https:\/\/sentinellesdelapaix.com\/fr\/projet-en-cours\/","og_site_name":"Association &quot;Sentinelles de la Paix&quot;","article_modified_time":"2021-02-27T17:07:43+00:00","og_image":[{"url":"https:\/\/sentinellesdelapaix.com\/fr\/wp-content\/uploads\/2020\/12\/hiroshima-dome-225x300-1.jpg","type":"","width":"","height":""}],"twitter_card":"summary_large_image","twitter_misc":{"Dur\u00e9e de lecture estim\u00e9e":"2 minutes"},"schema":{"@context":"https:\/\/schema.org","@graph":[{"@type":"WebPage","@id":"https:\/\/sentinellesdelapaix.com\/fr\/projet-en-cours\/","url":"https:\/\/sentinellesdelapaix.com\/fr\/projet-en-cours\/","name":"Projet en cours - Association &quot;Sentinelles de la Paix&quot;","isPartOf":{"@id":"https:\/\/sentinellesdelapaix.com\/fr\/#website"},"primaryImageOfPage":{"@id":"https:\/\/sentinellesdelapaix.com\/fr\/projet-en-cours\/#primaryimage"},"image":{"@id":"https:\/\/sentinellesdelapaix.com\/fr\/projet-en-cours\/#primaryimage"},"thumbnailUrl":"https:\/\/sentinellesdelapaix.com\/fr\/wp-content\/uploads\/2020\/12\/hiroshima-dome-225x300-1.jpg","datePublished":"2020-01-19T10:08:50+00:00","dateModified":"2021-02-27T17:07:43+00:00","description":"L'historique de notre projet en m\u00e9moire des bombardements d'Hiroshima et de Nagasaki et les premiers contacts avec l'AFCDRP et Mayors for Peace.","breadcrumb":{"@id":"https:\/\/sentinellesdelapaix.com\/fr\/projet-en-cours\/#breadcrumb"},"inLanguage":"fr-FR","potentialAction":[{"@type":"ReadAction","target":["https:\/\/sentinellesdelapaix.com\/fr\/projet-en-cours\/"]}]},{"@type":"ImageObject","inLanguage":"fr-FR","@id":"https:\/\/sentinellesdelapaix.com\/fr\/projet-en-cours\/#primaryimage","url":"https:\/\/sentinellesdelapaix.com\/fr\/wp-content\/uploads\/2020\/12\/hiroshima-dome-225x300-1.jpg","contentUrl":"https:\/\/sentinellesdelapaix.com\/fr\/wp-content\/uploads\/2020\/12\/hiroshima-dome-225x300-1.jpg","width":225,"height":300},{"@type":"BreadcrumbList","@id":"https:\/\/sentinellesdelapaix.com\/fr\/projet-en-cours\/#breadcrumb","itemListElement":[{"@type":"ListItem","position":1,"name":"Accueil","item":"https:\/\/sentinellesdelapaix.com\/fr\/"},{"@type":"ListItem","position":2,"name":"Projet en cours"}]},{"@type":"WebSite","@id":"https:\/\/sentinellesdelapaix.com\/fr\/#website","url":"https:\/\/sentinellesdelapaix.com\/fr\/","name":"Association &quot;Sentinelles de la Paix&quot;","description":"*Une pierre pos\u00e9e n&#039;est pas jet\u00e9e*","potentialAction":[{"@type":"SearchAction","target":{"@type":"EntryPoint","urlTemplate":"https:\/\/sentinellesdelapaix.com\/fr\/?s={search_term_string}"},"query-input":{"@type":"PropertyValueSpecification","valueRequired":true,"valueName":"search_term_string"}}],"inLanguage":"fr-FR"}]}},"_links":{"self":[{"href":"https:\/\/sentinellesdelapaix.com\/fr\/wp-json\/wp\/v2\/pages\/27","targetHints":{"allow":["GET"]}}],"collection":[{"href":"https:\/\/sentinellesdelapaix.com\/fr\/wp-json\/wp\/v2\/pages"}],"about":[{"href":"https:\/\/sentinellesdelapaix.com\/fr\/wp-json\/wp\/v2\/types\/page"}],"author":[{"embeddable":true,"href":"https:\/\/sentinellesdelapaix.com\/fr\/wp-json\/wp\/v2\/users\/1"}],"replies":[{"embeddable":true,"href":"https:\/\/sentinellesdelapaix.com\/fr\/wp-json\/wp\/v2\/comments?post=27"}],"version-history":[{"count":54,"href":"https:\/\/sentinellesdelapaix.com\/fr\/wp-json\/wp\/v2\/pages\/27\/revisions"}],"predecessor-version":[{"id":1841,"href":"https:\/\/sentinellesdelapaix.com\/fr\/wp-json\/wp\/v2\/pages\/27\/revisions\/1841"}],"wp:attachment":[{"href":"https:\/\/sentinellesdelapaix.com\/fr\/wp-json\/wp\/v2\/media?parent=27"}],"curies":[{"name":"wp","href":"https:\/\/api.w.org\/{rel}","templated":true}]}}