{"id":29,"date":"2020-01-19T11:09:16","date_gmt":"2020-01-19T10:09:16","guid":{"rendered":"https:\/\/sentinellesdelapaix.com\/fr\/?page_id=29"},"modified":"2023-03-07T18:03:03","modified_gmt":"2023-03-07T17:03:03","slug":"notre-demarche-dans-ce-projet","status":"publish","type":"page","link":"https:\/\/sentinellesdelapaix.com\/fr\/notre-demarche-dans-ce-projet\/","title":{"rendered":"Notre d\u00e9marche dans ce projet"},"content":{"rendered":"\t\t<div data-elementor-type=\"wp-page\" data-elementor-id=\"29\" class=\"elementor elementor-29\">\n\t\t\t\t\t\t<section class=\"elementor-section elementor-top-section elementor-element elementor-element-6c9fad0 elementor-section-boxed elementor-section-height-default elementor-section-height-default\" data-id=\"6c9fad0\" data-element_type=\"section\">\n\t\t\t\t\t\t<div class=\"elementor-container elementor-column-gap-default\">\n\t\t\t\t\t<div class=\"elementor-column elementor-col-100 elementor-top-column elementor-element elementor-element-72dc31b\" data-id=\"72dc31b\" data-element_type=\"column\">\n\t\t\t<div class=\"elementor-widget-wrap elementor-element-populated\">\n\t\t\t\t\t\t<div class=\"elementor-element elementor-element-3644949 elementor-widget elementor-widget-heading\" data-id=\"3644949\" data-element_type=\"widget\" data-widget_type=\"heading.default\">\n\t\t\t\t<div class=\"elementor-widget-container\">\n\t\t\t\t\t<h2 class=\"elementor-heading-title elementor-size-default\">La d\u00e9marche, les symboles, ... <\/h2>\t\t\t\t<\/div>\n\t\t\t\t<\/div>\n\t\t\t\t<div class=\"elementor-element elementor-element-5796406 elementor-widget elementor-widget-heading\" data-id=\"5796406\" data-element_type=\"widget\" data-widget_type=\"heading.default\">\n\t\t\t\t<div class=\"elementor-widget-container\">\n\t\t\t\t\t<h3 class=\"elementor-heading-title elementor-size-default\">dans le contexte du projet<\/h3>\t\t\t\t<\/div>\n\t\t\t\t<\/div>\n\t\t\t\t<div class=\"elementor-element elementor-element-c919580 elementor-widget elementor-widget-text-editor\" data-id=\"c919580\" data-element_type=\"widget\" data-widget_type=\"text-editor.default\">\n\t\t\t\t<div class=\"elementor-widget-container\">\n\t\t\t\t\t\t\t\t\t<p>Comme d\u00e9j\u00e0 indiqu\u00e9, avec \u00a0l\u2019association \u00abSentinelles de la paix, une pierre pos\u00e9e n\u2019est pas jet\u00e9e\u00a0\u00bb, nous proposons un <strong>geste symbolique, accessible \u00e0 tous<\/strong>. Par une d\u00e9marche artistique \u00ab Land Art \u00bb, l\u2019\u00e9l\u00e9vation de pierres en \u00e9quilibre, (que nous appelons \u00ab Sentinelles de la paix \u00bb) fait prendre conscience de la fragilit\u00e9 de bien des \u00e9quilibres de la vie, de notre monde\u2026<\/p><p>Dans le cadre de ce projet,\u00a0 c\u2019est le moyen de marquer le monde d\u2019un \u00ab\u00a0symbole\u00a0\u00bb afin de stimuler et p\u00e9renniser la \u00ab\u00a0m\u00e9moire active\u00a0\u00bb des deux bombardements atomiques d\u2019Hiroshima et Nagasaki et transmettre le message des survivants (<a href=\"https:\/\/fr.wikipedia.org\/wiki\/Hibakusha\">Hibakusha<\/a>).<\/p>\t\t\t\t\t\t\t\t<\/div>\n\t\t\t\t<\/div>\n\t\t\t\t<div class=\"elementor-element elementor-element-54de9c8 elementor-widget elementor-widget-heading\" data-id=\"54de9c8\" data-element_type=\"widget\" data-widget_type=\"heading.default\">\n\t\t\t\t<div class=\"elementor-widget-container\">\n\t\t\t\t\t<h3 class=\"elementor-heading-title elementor-size-default\">Un premier symbole<\/h3>\t\t\t\t<\/div>\n\t\t\t\t<\/div>\n\t\t\t\t<section class=\"elementor-section elementor-inner-section elementor-element elementor-element-d1109f6 elementor-section-boxed elementor-section-height-default elementor-section-height-default\" data-id=\"d1109f6\" data-element_type=\"section\">\n\t\t\t\t\t\t<div class=\"elementor-container elementor-column-gap-default\">\n\t\t\t\t\t<div class=\"elementor-column elementor-col-50 elementor-inner-column elementor-element elementor-element-922234f\" data-id=\"922234f\" data-element_type=\"column\">\n\t\t\t<div class=\"elementor-widget-wrap elementor-element-populated\">\n\t\t\t\t\t\t<div class=\"elementor-element elementor-element-2fbc57c elementor-widget elementor-widget-text-editor\" data-id=\"2fbc57c\" data-element_type=\"widget\" data-widget_type=\"text-editor.default\">\n\t\t\t\t<div class=\"elementor-widget-container\">\n\t\t\t\t\t\t\t\t\t<p>L\u2019amoncellement de pierres mis \u00e0 disposition du public pour \u00e9riger des \u00ab\u00a0Sentinelles de la paix\u00a0\u00bb peut \u00eatre vu de mani\u00e8re \u00ab\u00a0symbolique\u00a0\u00bb comme les ruines, cons\u00e9quences des deux bombardements atomiques, mais bien entendu aussi comme les ruines et destructions cons\u00e9quences de toutes les guerres.<\/p><p>En \u00ab\u00a0\u00e9levant\u00a0\u00bb des \u00ab\u00a0Sentinelles de la paix\u00a0\u00bb, en utilisant les pierres de ce tas de \u00ab\u00a0ruines\u00a0\u00bb les personnes s\u2019engagent dans une reconstruction symbolique des b\u00e2timents d\u00e9truits mais surtout inscrivent cet acte dans une d\u00e9marche et un engagement pour la paix.<\/p>\t\t\t\t\t\t\t\t<\/div>\n\t\t\t\t<\/div>\n\t\t\t\t\t<\/div>\n\t\t<\/div>\n\t\t\t\t<div class=\"elementor-column elementor-col-50 elementor-inner-column elementor-element elementor-element-abf3252\" data-id=\"abf3252\" data-element_type=\"column\">\n\t\t\t<div class=\"elementor-widget-wrap elementor-element-populated\">\n\t\t\t\t\t\t<div class=\"elementor-element elementor-element-2798393 elementor-widget elementor-widget-image\" data-id=\"2798393\" data-element_type=\"widget\" data-widget_type=\"image.default\">\n\t\t\t\t<div class=\"elementor-widget-container\">\n\t\t\t\t\t\t\t\t\t\t\t\t\t\t\t<img decoding=\"async\" width=\"150\" height=\"150\" src=\"https:\/\/sentinellesdelapaix.com\/fr\/wp-content\/uploads\/2020\/01\/Hirosh-rubbles2-150x150.jpg\" class=\"attachment-thumbnail size-thumbnail wp-image-1043\" alt=\"\" srcset=\"https:\/\/sentinellesdelapaix.com\/fr\/wp-content\/uploads\/2020\/01\/Hirosh-rubbles2-150x150.jpg 150w, https:\/\/sentinellesdelapaix.com\/fr\/wp-content\/uploads\/2020\/01\/Hirosh-rubbles2-300x300.jpg 300w, https:\/\/sentinellesdelapaix.com\/fr\/wp-content\/uploads\/2020\/01\/Hirosh-rubbles2-768x768.jpg 768w, https:\/\/sentinellesdelapaix.com\/fr\/wp-content\/uploads\/2020\/01\/Hirosh-rubbles2.jpg 885w\" sizes=\"(max-width: 150px) 100vw, 150px\" \/>\t\t\t\t\t\t\t\t\t\t\t\t\t\t\t<\/div>\n\t\t\t\t<\/div>\n\t\t\t\t\t<\/div>\n\t\t<\/div>\n\t\t\t\t\t<\/div>\n\t\t<\/section>\n\t\t\t\t<div class=\"elementor-element elementor-element-14a8834 elementor-widget elementor-widget-heading\" data-id=\"14a8834\" data-element_type=\"widget\" data-widget_type=\"heading.default\">\n\t\t\t\t<div class=\"elementor-widget-container\">\n\t\t\t\t\t<h3 class=\"elementor-heading-title elementor-size-default\">Un deuxi\u00e8me symbole<\/h3>\t\t\t\t<\/div>\n\t\t\t\t<\/div>\n\t\t\t\t<section class=\"elementor-section elementor-inner-section elementor-element elementor-element-60b668f elementor-section-boxed elementor-section-height-default elementor-section-height-default\" data-id=\"60b668f\" data-element_type=\"section\">\n\t\t\t\t\t\t<div class=\"elementor-container elementor-column-gap-default\">\n\t\t\t\t\t<div class=\"elementor-column elementor-col-50 elementor-inner-column elementor-element elementor-element-d9d0e48\" data-id=\"d9d0e48\" data-element_type=\"column\">\n\t\t\t<div class=\"elementor-widget-wrap elementor-element-populated\">\n\t\t\t\t\t\t<div class=\"elementor-element elementor-element-f848343 elementor-widget elementor-widget-text-editor\" data-id=\"f848343\" data-element_type=\"widget\" data-widget_type=\"text-editor.default\">\n\t\t\t\t<div class=\"elementor-widget-container\">\n\t\t\t\t\t\t\t\t\t<p>Ce sont aussi et surtout des vies pr\u00e9cieuses qui ont \u00e9t\u00e9 d\u00e9truites instantan\u00e9ment par les bombardements. La d\u00e9marche \u00ab\u00a0d\u2019\u00e9lever\u00a0\u00bb des Sentinelles ou de les \u00ab\u00a0relever\u00a0\u00bb, car une Sentinelle de la paix est fragile dans le temps peut aussi \u00eatre vue de mani\u00e8re symbolique comme la volont\u00e9 d\u2019assurer la m\u00e9moire des victimes et aussi la rel\u00e8ve des \u00ab\u00a0Hibakusha\u00a0\u00bb, ces t\u00e9moins directs des deux premiers et seuls bombardements atomiques de l\u2019histoire humaine.<\/p><p>Dans la langue fran\u00e7aise, le verbe \u00ab\u00a0relever\u00a0\u00bb a plusieurs significations , et notamment \u00ab\u00a0r<strong>elever quelque chose qui est tomb\u00e9<\/strong>\u00a0\u00bb et \u00ab\u00a0<strong>assurer, prendre la rel\u00e8ve<\/strong>\u00ab\u00a0, dans ce cas assurer la transmission aux g\u00e9n\u00e9rations futures. S\u2019il est difficile de traduire directement cette id\u00e9e en langue anglaise et probablement aussi en langue japonaise, cette id\u00e9e s\u2019exprime dans le \u00ab\u00a0geste\u00a0\u00bb d\u2019\u00e9lever ou de relever une Sentinelle, volont\u00e9 de ne pas voir dispara\u00eetre cet engagement pour la paix, volont\u00e9 de voir cette d\u00e9marche de paix toujours pr\u00e9sente, toujours \u00ab\u00a0debout\u00a0\u00bb et ne jamais laisser cette d\u00e9marche retomber.<\/p>\t\t\t\t\t\t\t\t<\/div>\n\t\t\t\t<\/div>\n\t\t\t\t\t<\/div>\n\t\t<\/div>\n\t\t\t\t<div class=\"elementor-column elementor-col-50 elementor-inner-column elementor-element elementor-element-40cb80d\" data-id=\"40cb80d\" data-element_type=\"column\">\n\t\t\t<div class=\"elementor-widget-wrap elementor-element-populated\">\n\t\t\t\t\t\t<div class=\"elementor-element elementor-element-9321346 elementor-widget elementor-widget-image\" data-id=\"9321346\" data-element_type=\"widget\" data-widget_type=\"image.default\">\n\t\t\t\t<div class=\"elementor-widget-container\">\n\t\t\t\t\t\t\t\t\t\t\t\t\t\t\t<img fetchpriority=\"high\" decoding=\"async\" width=\"300\" height=\"193\" src=\"https:\/\/sentinellesdelapaix.com\/fr\/wp-content\/uploads\/2020\/01\/Hiroshima-ldd6-300x193.jpg\" class=\"attachment-medium size-medium wp-image-1047\" alt=\"\" srcset=\"https:\/\/sentinellesdelapaix.com\/fr\/wp-content\/uploads\/2020\/01\/Hiroshima-ldd6-300x193.jpg 300w, https:\/\/sentinellesdelapaix.com\/fr\/wp-content\/uploads\/2020\/01\/Hiroshima-ldd6-e1580412777903.jpg 465w\" sizes=\"(max-width: 300px) 100vw, 300px\" \/>\t\t\t\t\t\t\t\t\t\t\t\t\t\t\t<\/div>\n\t\t\t\t<\/div>\n\t\t\t\t<div class=\"elementor-element elementor-element-bd681fa elementor-widget elementor-widget-image\" data-id=\"bd681fa\" data-element_type=\"widget\" data-widget_type=\"image.default\">\n\t\t\t\t<div class=\"elementor-widget-container\">\n\t\t\t\t\t\t\t\t\t\t\t\t\t\t\t<img decoding=\"async\" width=\"300\" height=\"169\" src=\"https:\/\/sentinellesdelapaix.com\/fr\/wp-content\/uploads\/2020\/01\/Inosuke_Hayasaki-300x169.jpg\" class=\"attachment-medium size-medium wp-image-687\" alt=\"\" srcset=\"https:\/\/sentinellesdelapaix.com\/fr\/wp-content\/uploads\/2020\/01\/Inosuke_Hayasaki-300x169.jpg 300w, https:\/\/sentinellesdelapaix.com\/fr\/wp-content\/uploads\/2020\/01\/Inosuke_Hayasaki-1024x576.jpg 1024w, https:\/\/sentinellesdelapaix.com\/fr\/wp-content\/uploads\/2020\/01\/Inosuke_Hayasaki-768x432.jpg 768w, https:\/\/sentinellesdelapaix.com\/fr\/wp-content\/uploads\/2020\/01\/Inosuke_Hayasaki-1536x865.jpg 1536w, https:\/\/sentinellesdelapaix.com\/fr\/wp-content\/uploads\/2020\/01\/Inosuke_Hayasaki-2048x1153.jpg 2048w\" sizes=\"(max-width: 300px) 100vw, 300px\" \/>\t\t\t\t\t\t\t\t\t\t\t\t\t\t\t<\/div>\n\t\t\t\t<\/div>\n\t\t\t\t\t<\/div>\n\t\t<\/div>\n\t\t\t\t\t<\/div>\n\t\t<\/section>\n\t\t\t\t<div class=\"elementor-element elementor-element-02350b1 elementor-widget elementor-widget-heading\" data-id=\"02350b1\" data-element_type=\"widget\" data-widget_type=\"heading.default\">\n\t\t\t\t<div class=\"elementor-widget-container\">\n\t\t\t\t\t<h3 class=\"elementor-heading-title elementor-size-default\">Un troisi\u00e8me symbole<\/h3>\t\t\t\t<\/div>\n\t\t\t\t<\/div>\n\t\t\t\t<section class=\"elementor-section elementor-inner-section elementor-element elementor-element-b13ab4b elementor-section-boxed elementor-section-height-default elementor-section-height-default\" data-id=\"b13ab4b\" data-element_type=\"section\">\n\t\t\t\t\t\t<div class=\"elementor-container elementor-column-gap-default\">\n\t\t\t\t\t<div class=\"elementor-column elementor-col-50 elementor-inner-column elementor-element elementor-element-d7b0d0d\" data-id=\"d7b0d0d\" data-element_type=\"column\">\n\t\t\t<div class=\"elementor-widget-wrap elementor-element-populated\">\n\t\t\t\t\t\t<div class=\"elementor-element elementor-element-c7e8dd6 elementor-widget elementor-widget-text-editor\" data-id=\"c7e8dd6\" data-element_type=\"widget\" data-widget_type=\"text-editor.default\">\n\t\t\t\t<div class=\"elementor-widget-container\">\n\t\t\t\t\t\t\t\t\t<p>Une \u00ab\u00a0Sentinelle de la Paix\u00a0\u00bb \u00e9rig\u00e9e peut \u00eatre vue comme\u00a0 l\u2019oppos\u00e9 d\u2019un champignon atomique<\/p>\t\t\t\t\t\t\t\t<\/div>\n\t\t\t\t<\/div>\n\t\t\t\t\t<\/div>\n\t\t<\/div>\n\t\t\t\t<div class=\"elementor-column elementor-col-50 elementor-inner-column elementor-element elementor-element-832dac1\" data-id=\"832dac1\" data-element_type=\"column\">\n\t\t\t<div class=\"elementor-widget-wrap elementor-element-populated\">\n\t\t\t\t\t\t<div class=\"elementor-element elementor-element-270cb31 elementor-widget elementor-widget-image\" data-id=\"270cb31\" data-element_type=\"widget\" data-widget_type=\"image.default\">\n\t\t\t\t<div class=\"elementor-widget-container\">\n\t\t\t\t\t\t\t\t\t\t\t\t\t\t\t<img loading=\"lazy\" decoding=\"async\" width=\"300\" height=\"114\" src=\"https:\/\/sentinellesdelapaix.com\/fr\/wp-content\/uploads\/2023\/03\/3rdsymbol_V3.jpg\" class=\"attachment-medium size-medium wp-image-2191\" alt=\"\" \/>\t\t\t\t\t\t\t\t\t\t\t\t\t\t\t<\/div>\n\t\t\t\t<\/div>\n\t\t\t\t\t<\/div>\n\t\t<\/div>\n\t\t\t\t\t<\/div>\n\t\t<\/section>\n\t\t\t\t<div class=\"elementor-element elementor-element-068a47a elementor-widget elementor-widget-heading\" data-id=\"068a47a\" data-element_type=\"widget\" data-widget_type=\"heading.default\">\n\t\t\t\t<div class=\"elementor-widget-container\">\n\t\t\t\t\t<h2 class=\"elementor-heading-title elementor-size-default\">Les actions \u00e0 mettre en oeuvre <\/h2>\t\t\t\t<\/div>\n\t\t\t\t<\/div>\n\t\t\t\t<div class=\"elementor-element elementor-element-4b7d6a6 elementor-widget elementor-widget-text-editor\" data-id=\"4b7d6a6\" data-element_type=\"widget\" data-widget_type=\"text-editor.default\">\n\t\t\t\t<div class=\"elementor-widget-container\">\n\t\t\t\t\t\t\t\t\t<ul><li>L\u2019organisation d\u2019op\u00e9rations \u00ab\u00a0Sentinelles\u00a0\u00bb\u00a0 sur le th\u00e8me de l\u2019abolition de l\u2019arme nucl\u00e9aire dans des villes adh\u00e9rentes \u00e0 l\u2019AFCDRP est notre premier objectif. N\u00e9anmoins, cet objectif prioritaire n\u2019exclut pas la possibilit\u00e9 d\u2019organiser des actions dans des communes non adh\u00e9rentes \u00e0 l\u2019AFCDRP. En effet il nous semble que l\u2019organisation de telles actions pourrait permettre d\u2019engager une r\u00e9flexion localement sur l\u2019adh\u00e9sion de la commune organisatrice. Prioritairement en direction des jeunes g\u00e9n\u00e9rations ce qui n\u2019exclut pas que des actions puissent \u00eatre conduites avec des adultes, ces actions consisteraient \u00e0 \u00e9riger des Sentinelles apr\u00e8s avoir en pr\u00e9alable expliqu\u00e9 le sens de la d\u00e9marche.<\/li><li>L\u2019association envisage d&rsquo;autres modes d\u2019action en compl\u00e9ment des actions traditionnelles \u00ab\u00a0Sentinelles\u00a0\u00bb,\u00a0 en particulier l\u2019organisation de projections de films sur le th\u00e8me de la bombe qui seraient suivies d\u2019un d\u00e9bat. Ce serait aussi l\u2019occasion de pr\u00e9senter au public une s\u00e9rie de livres traitant de ce th\u00e8me sur des stands \u00e0 l\u2019int\u00e9rieur du cin\u00e9ma.<\/li><li>Projets de jardins permanents.\u00a0 Nous militons pour l\u2019installation de <strong>Jardins de la Paix permanents<\/strong> (dans l\u2019esprit des jardins japonais associant min\u00e9ral et v\u00e9g\u00e9tal), o\u00f9 les personnes pourraient lire sur des panneaux une pr\u00e9sentation de la d\u00e9marche. Il leur serait propos\u00e9 de s\u2019inscrire, en lien avec les objectifs de l\u2019AFCDRP et de Mayors for Peace, dans le projet des \u00ab Sentinelles \u00bb afin de maintenir en permanence cet <strong>engagement<\/strong> pour la Paix. Les personnes qui le souhaiteraient pourraient faire un geste de paix en \u00ab\u00a0\u00e9levant\u00a0\u00bb une sentinelle ou en \u00ab\u00a0relevant\u00a0\u00bb une sentinelle tomb\u00e9e sur le jardin.<\/li><li>Promouvoir de nouvelles adh\u00e9sions \u00e0 l\u2019AFCDRP. Vous tous, lecteurs, simples citoyens, vous pouvez nous rejoindre dans cette d\u00e9marche et vous rapprocher de vos conseils municipaux afin de promouvoir l\u2019adh\u00e9sion de vos communes et ainsi aider au d\u00e9veloppement de l\u2019AFCDRP.<\/li><\/ul>\t\t\t\t\t\t\t\t<\/div>\n\t\t\t\t<\/div>\n\t\t\t\t\t<\/div>\n\t\t<\/div>\n\t\t\t\t\t<\/div>\n\t\t<\/section>\n\t\t\t\t<\/div>\n\t\t","protected":false},"excerpt":{"rendered":"<p>La d\u00e9marche, les symboles, &#8230; dans le contexte du projet Comme d\u00e9j\u00e0 indiqu\u00e9, avec \u00a0l\u2019association \u00abSentinelles de la paix, une pierre pos\u00e9e n\u2019est pas jet\u00e9e\u00a0\u00bb, nous proposons un geste symbolique, accessible \u00e0 tous. Par une d\u00e9marche artistique \u00ab Land Art \u00bb, l\u2019\u00e9l\u00e9vation de pierres en \u00e9quilibre, (que nous appelons \u00ab Sentinelles de la paix \u00bb) &#8230; <a title=\"Notre d\u00e9marche dans ce projet\" class=\"read-more\" href=\"https:\/\/sentinellesdelapaix.com\/fr\/notre-demarche-dans-ce-projet\/\" aria-label=\"En savoir plus sur Notre d\u00e9marche dans ce projet\">Lire l&rsquo;article<\/a><\/p>\n","protected":false},"author":1,"featured_media":0,"parent":0,"menu_order":0,"comment_status":"closed","ping_status":"closed","template":"","meta":{"footnotes":""},"class_list":{"0":"post-29","1":"page","2":"type-page","3":"status-publish","5":"no-featured-image-padding"},"yoast_head":"<!-- This site is optimized with the Yoast SEO plugin v26.7 - https:\/\/yoast.com\/wordpress\/plugins\/seo\/ -->\n<title>Notre d\u00e9marche dans ce projet - Association &quot;Sentinelles de la Paix&quot;<\/title>\n<meta name=\"description\" content=\"Nous proposons une d\u00e9marche symbolique en m\u00e9moire des bombardements d&#039;Hiroshima et Nagasaki pour relayer le message de Paix des Hibakusha\" \/>\n<meta name=\"robots\" content=\"index, follow, max-snippet:-1, max-image-preview:large, max-video-preview:-1\" \/>\n<link rel=\"canonical\" href=\"https:\/\/sentinellesdelapaix.com\/fr\/notre-demarche-dans-ce-projet\/\" \/>\n<meta property=\"og:locale\" content=\"fr_FR\" \/>\n<meta property=\"og:type\" content=\"article\" \/>\n<meta property=\"og:title\" content=\"Notre d\u00e9marche dans ce projet - Association &quot;Sentinelles de la Paix&quot;\" \/>\n<meta property=\"og:description\" content=\"Nous proposons une d\u00e9marche symbolique en m\u00e9moire des bombardements d&#039;Hiroshima et Nagasaki pour relayer le message de Paix des Hibakusha\" \/>\n<meta property=\"og:url\" content=\"https:\/\/sentinellesdelapaix.com\/fr\/notre-demarche-dans-ce-projet\/\" \/>\n<meta property=\"og:site_name\" content=\"Association &quot;Sentinelles de la Paix&quot;\" \/>\n<meta property=\"article:modified_time\" content=\"2023-03-07T17:03:03+00:00\" \/>\n<meta property=\"og:image\" content=\"https:\/\/sentinellesdelapaix.com\/fr\/wp-content\/uploads\/2020\/01\/Hirosh-rubbles2-150x150.jpg\" \/>\n<meta name=\"twitter:card\" content=\"summary_large_image\" \/>\n<meta name=\"twitter:label1\" content=\"Dur\u00e9e de lecture estim\u00e9e\" \/>\n\t<meta name=\"twitter:data1\" content=\"5 minutes\" \/>\n<script type=\"application\/ld+json\" class=\"yoast-schema-graph\">{\"@context\":\"https:\/\/schema.org\",\"@graph\":[{\"@type\":\"WebPage\",\"@id\":\"https:\/\/sentinellesdelapaix.com\/fr\/notre-demarche-dans-ce-projet\/\",\"url\":\"https:\/\/sentinellesdelapaix.com\/fr\/notre-demarche-dans-ce-projet\/\",\"name\":\"Notre d\u00e9marche dans ce projet - Association &quot;Sentinelles de la Paix&quot;\",\"isPartOf\":{\"@id\":\"https:\/\/sentinellesdelapaix.com\/fr\/#website\"},\"primaryImageOfPage\":{\"@id\":\"https:\/\/sentinellesdelapaix.com\/fr\/notre-demarche-dans-ce-projet\/#primaryimage\"},\"image\":{\"@id\":\"https:\/\/sentinellesdelapaix.com\/fr\/notre-demarche-dans-ce-projet\/#primaryimage\"},\"thumbnailUrl\":\"https:\/\/sentinellesdelapaix.com\/fr\/wp-content\/uploads\/2020\/01\/Hirosh-rubbles2-150x150.jpg\",\"datePublished\":\"2020-01-19T10:09:16+00:00\",\"dateModified\":\"2023-03-07T17:03:03+00:00\",\"description\":\"Nous proposons une d\u00e9marche symbolique en m\u00e9moire des bombardements d'Hiroshima et Nagasaki pour relayer le message de Paix des Hibakusha\",\"breadcrumb\":{\"@id\":\"https:\/\/sentinellesdelapaix.com\/fr\/notre-demarche-dans-ce-projet\/#breadcrumb\"},\"inLanguage\":\"fr-FR\",\"potentialAction\":[{\"@type\":\"ReadAction\",\"target\":[\"https:\/\/sentinellesdelapaix.com\/fr\/notre-demarche-dans-ce-projet\/\"]}]},{\"@type\":\"ImageObject\",\"inLanguage\":\"fr-FR\",\"@id\":\"https:\/\/sentinellesdelapaix.com\/fr\/notre-demarche-dans-ce-projet\/#primaryimage\",\"url\":\"https:\/\/sentinellesdelapaix.com\/fr\/wp-content\/uploads\/2020\/01\/Hirosh-rubbles2.jpg\",\"contentUrl\":\"https:\/\/sentinellesdelapaix.com\/fr\/wp-content\/uploads\/2020\/01\/Hirosh-rubbles2.jpg\",\"width\":885,\"height\":885},{\"@type\":\"BreadcrumbList\",\"@id\":\"https:\/\/sentinellesdelapaix.com\/fr\/notre-demarche-dans-ce-projet\/#breadcrumb\",\"itemListElement\":[{\"@type\":\"ListItem\",\"position\":1,\"name\":\"Accueil\",\"item\":\"https:\/\/sentinellesdelapaix.com\/fr\/\"},{\"@type\":\"ListItem\",\"position\":2,\"name\":\"Notre d\u00e9marche dans ce projet\"}]},{\"@type\":\"WebSite\",\"@id\":\"https:\/\/sentinellesdelapaix.com\/fr\/#website\",\"url\":\"https:\/\/sentinellesdelapaix.com\/fr\/\",\"name\":\"Association &quot;Sentinelles de la Paix&quot;\",\"description\":\"*Une pierre pos\u00e9e n&#039;est pas jet\u00e9e*\",\"potentialAction\":[{\"@type\":\"SearchAction\",\"target\":{\"@type\":\"EntryPoint\",\"urlTemplate\":\"https:\/\/sentinellesdelapaix.com\/fr\/?s={search_term_string}\"},\"query-input\":{\"@type\":\"PropertyValueSpecification\",\"valueRequired\":true,\"valueName\":\"search_term_string\"}}],\"inLanguage\":\"fr-FR\"}]}<\/script>\n<!-- \/ Yoast SEO plugin. -->","yoast_head_json":{"title":"Notre d\u00e9marche dans ce projet - Association &quot;Sentinelles de la Paix&quot;","description":"Nous proposons une d\u00e9marche symbolique en m\u00e9moire des bombardements d'Hiroshima et Nagasaki pour relayer le message de Paix des Hibakusha","robots":{"index":"index","follow":"follow","max-snippet":"max-snippet:-1","max-image-preview":"max-image-preview:large","max-video-preview":"max-video-preview:-1"},"canonical":"https:\/\/sentinellesdelapaix.com\/fr\/notre-demarche-dans-ce-projet\/","og_locale":"fr_FR","og_type":"article","og_title":"Notre d\u00e9marche dans ce projet - Association &quot;Sentinelles de la Paix&quot;","og_description":"Nous proposons une d\u00e9marche symbolique en m\u00e9moire des bombardements d'Hiroshima et Nagasaki pour relayer le message de Paix des Hibakusha","og_url":"https:\/\/sentinellesdelapaix.com\/fr\/notre-demarche-dans-ce-projet\/","og_site_name":"Association &quot;Sentinelles de la Paix&quot;","article_modified_time":"2023-03-07T17:03:03+00:00","og_image":[{"url":"https:\/\/sentinellesdelapaix.com\/fr\/wp-content\/uploads\/2020\/01\/Hirosh-rubbles2-150x150.jpg","type":"","width":"","height":""}],"twitter_card":"summary_large_image","twitter_misc":{"Dur\u00e9e de lecture estim\u00e9e":"5 minutes"},"schema":{"@context":"https:\/\/schema.org","@graph":[{"@type":"WebPage","@id":"https:\/\/sentinellesdelapaix.com\/fr\/notre-demarche-dans-ce-projet\/","url":"https:\/\/sentinellesdelapaix.com\/fr\/notre-demarche-dans-ce-projet\/","name":"Notre d\u00e9marche dans ce projet - Association &quot;Sentinelles de la Paix&quot;","isPartOf":{"@id":"https:\/\/sentinellesdelapaix.com\/fr\/#website"},"primaryImageOfPage":{"@id":"https:\/\/sentinellesdelapaix.com\/fr\/notre-demarche-dans-ce-projet\/#primaryimage"},"image":{"@id":"https:\/\/sentinellesdelapaix.com\/fr\/notre-demarche-dans-ce-projet\/#primaryimage"},"thumbnailUrl":"https:\/\/sentinellesdelapaix.com\/fr\/wp-content\/uploads\/2020\/01\/Hirosh-rubbles2-150x150.jpg","datePublished":"2020-01-19T10:09:16+00:00","dateModified":"2023-03-07T17:03:03+00:00","description":"Nous proposons une d\u00e9marche symbolique en m\u00e9moire des bombardements d'Hiroshima et Nagasaki pour relayer le message de Paix des Hibakusha","breadcrumb":{"@id":"https:\/\/sentinellesdelapaix.com\/fr\/notre-demarche-dans-ce-projet\/#breadcrumb"},"inLanguage":"fr-FR","potentialAction":[{"@type":"ReadAction","target":["https:\/\/sentinellesdelapaix.com\/fr\/notre-demarche-dans-ce-projet\/"]}]},{"@type":"ImageObject","inLanguage":"fr-FR","@id":"https:\/\/sentinellesdelapaix.com\/fr\/notre-demarche-dans-ce-projet\/#primaryimage","url":"https:\/\/sentinellesdelapaix.com\/fr\/wp-content\/uploads\/2020\/01\/Hirosh-rubbles2.jpg","contentUrl":"https:\/\/sentinellesdelapaix.com\/fr\/wp-content\/uploads\/2020\/01\/Hirosh-rubbles2.jpg","width":885,"height":885},{"@type":"BreadcrumbList","@id":"https:\/\/sentinellesdelapaix.com\/fr\/notre-demarche-dans-ce-projet\/#breadcrumb","itemListElement":[{"@type":"ListItem","position":1,"name":"Accueil","item":"https:\/\/sentinellesdelapaix.com\/fr\/"},{"@type":"ListItem","position":2,"name":"Notre d\u00e9marche dans ce projet"}]},{"@type":"WebSite","@id":"https:\/\/sentinellesdelapaix.com\/fr\/#website","url":"https:\/\/sentinellesdelapaix.com\/fr\/","name":"Association &quot;Sentinelles de la Paix&quot;","description":"*Une pierre pos\u00e9e n&#039;est pas jet\u00e9e*","potentialAction":[{"@type":"SearchAction","target":{"@type":"EntryPoint","urlTemplate":"https:\/\/sentinellesdelapaix.com\/fr\/?s={search_term_string}"},"query-input":{"@type":"PropertyValueSpecification","valueRequired":true,"valueName":"search_term_string"}}],"inLanguage":"fr-FR"}]}},"_links":{"self":[{"href":"https:\/\/sentinellesdelapaix.com\/fr\/wp-json\/wp\/v2\/pages\/29","targetHints":{"allow":["GET"]}}],"collection":[{"href":"https:\/\/sentinellesdelapaix.com\/fr\/wp-json\/wp\/v2\/pages"}],"about":[{"href":"https:\/\/sentinellesdelapaix.com\/fr\/wp-json\/wp\/v2\/types\/page"}],"author":[{"embeddable":true,"href":"https:\/\/sentinellesdelapaix.com\/fr\/wp-json\/wp\/v2\/users\/1"}],"replies":[{"embeddable":true,"href":"https:\/\/sentinellesdelapaix.com\/fr\/wp-json\/wp\/v2\/comments?post=29"}],"version-history":[{"count":46,"href":"https:\/\/sentinellesdelapaix.com\/fr\/wp-json\/wp\/v2\/pages\/29\/revisions"}],"predecessor-version":[{"id":2194,"href":"https:\/\/sentinellesdelapaix.com\/fr\/wp-json\/wp\/v2\/pages\/29\/revisions\/2194"}],"wp:attachment":[{"href":"https:\/\/sentinellesdelapaix.com\/fr\/wp-json\/wp\/v2\/media?parent=29"}],"curies":[{"name":"wp","href":"https:\/\/api.w.org\/{rel}","templated":true}]}}