{"id":33,"date":"2020-01-19T11:10:32","date_gmt":"2020-01-19T10:10:32","guid":{"rendered":"https:\/\/sentinellesdelapaix.com\/fr\/?page_id=33"},"modified":"2021-04-15T11:05:12","modified_gmt":"2021-04-15T09:05:12","slug":"liens-partenaires","status":"publish","type":"page","link":"https:\/\/sentinellesdelapaix.com\/fr\/liens-partenaires\/","title":{"rendered":"Liens et partenaires"},"content":{"rendered":"\t\t<div data-elementor-type=\"wp-page\" data-elementor-id=\"33\" class=\"elementor elementor-33\">\n\t\t\t\t\t\t<section class=\"elementor-section elementor-top-section elementor-element elementor-element-12a8e68 elementor-section-boxed elementor-section-height-default elementor-section-height-default\" data-id=\"12a8e68\" data-element_type=\"section\">\n\t\t\t\t\t\t<div class=\"elementor-container elementor-column-gap-default\">\n\t\t\t\t\t<div class=\"elementor-column elementor-col-100 elementor-top-column elementor-element elementor-element-8d5ab9f\" data-id=\"8d5ab9f\" data-element_type=\"column\">\n\t\t\t<div class=\"elementor-widget-wrap elementor-element-populated\">\n\t\t\t\t\t\t<div class=\"elementor-element elementor-element-9dfca9a elementor-widget elementor-widget-heading\" data-id=\"9dfca9a\" data-element_type=\"widget\" data-widget_type=\"heading.default\">\n\t\t\t\t<div class=\"elementor-widget-container\">\n\t\t\t\t\t<h2 class=\"elementor-heading-title elementor-size-default\">Sites internet<\/h2>\t\t\t\t<\/div>\n\t\t\t\t<\/div>\n\t\t\t\t\t<\/div>\n\t\t<\/div>\n\t\t\t\t\t<\/div>\n\t\t<\/section>\n\t\t\t\t<section class=\"elementor-section elementor-top-section elementor-element elementor-element-3702c95 elementor-section-boxed elementor-section-height-default elementor-section-height-default\" data-id=\"3702c95\" data-element_type=\"section\">\n\t\t\t\t\t\t<div class=\"elementor-container elementor-column-gap-default\">\n\t\t\t\t\t<div class=\"elementor-column elementor-col-100 elementor-top-column elementor-element elementor-element-f4efcda\" data-id=\"f4efcda\" data-element_type=\"column\">\n\t\t\t<div class=\"elementor-widget-wrap elementor-element-populated\">\n\t\t\t\t\t\t<div class=\"elementor-element elementor-element-080e3aa elementor-widget elementor-widget-text-editor\" data-id=\"080e3aa\" data-element_type=\"widget\" data-widget_type=\"text-editor.default\">\n\t\t\t\t<div class=\"elementor-widget-container\">\n\t\t\t\t\t\t\t\t\t<ul><li>Notre site: <span style=\"text-decoration: underline;\"><a href=\"http:\/\/sentinellesdelapaix.com\" target=\"_blank\" rel=\"noopener\">http:\/\/sentinellesdelapaix.com<\/a><\/span><\/li><li>Notre page Facebook: <span style=\"text-decoration: underline;\"><a href=\"https:\/\/www.facebook.com\/LesSentinellesdelapaix\/?fref=ts\" target=\"_blank\" rel=\"noopener\">https:\/\/www.facebook.com\/LesSentinellesdelapaix\/?fref=ts<\/a><\/span><\/li><li>l&rsquo;AFCDRP: <span style=\"text-decoration: underline;\"><a href=\"https:\/\/afcdrp.com\/\" target=\"_blank\" rel=\"noopener\">https:\/\/afcdrp.com\/<\/a><\/span><\/li><li>Mayors for Peace: <span style=\"text-decoration: underline;\"><a href=\"http:\/\/www.mayorsforpeace.org\/english\/\" target=\"_blank\" rel=\"noopener\">http:\/\/www.mayorsforpeace.org\/english\/<\/a><\/span><\/li><li>Le Blog de M. Paul Quil\u00e8s: <span style=\"text-decoration: underline;\"><a href=\"http:\/\/paul.quiles.over-blog.com\/tag\/desarmement%20nucleaire\/\" target=\"_blank\" rel=\"noopener\">http:\/\/paul.quiles.over-blog.com\/tag\/desarmement%20nucleaire\/<\/a><\/span><\/li><li>Le mouvement de la Paix\u00a0: <span style=\"text-decoration: underline;\"><a href=\"https:\/\/www.mvtpaix.org\/wordpress\/\" target=\"_blank\" rel=\"noopener\">https:\/\/www.mvtpaix.org\/wordpress\/<\/a><\/span><\/li><li>The Chugoku Shimbun: <span style=\"text-decoration: underline;\"><a href=\"http:\/\/www.hiroshimapeacemedia.jp\/?lang=en\" target=\"_blank\" rel=\"noopener\">http:\/\/www.hiroshimapeacemedia.jp\/?lang=en<\/a><\/span><\/li><li>Recueil de t\u00e9moignages d\u2019Hibakusha &#8211; Memories of Hiroshima and Nagasaki: <span style=\"text-decoration: underline;\"><a href=\"https:\/\/www.asahi.com\/hibakusha\/english\/\" target=\"_blank\" rel=\"noopener\">https:\/\/www.asahi.com\/hibakusha\/english\/<\/a><\/span><\/li><li>Hiroshima, 6 ao\u00fbt 1945, l&rsquo;humanit\u00e9 devient capable de se d\u00e9truire elle-m\u00eame: <span style=\"text-decoration: underline;\"><a href=\"https:\/\/la-bas.org\/la-bas-magazine\/reportages\/hiroshima-6-aout-1945-l-humanite-devient-capable-de-se-detruire-elle-meme\" target=\"_blank\" rel=\"noopener\">reportage<\/a><\/span> de Daniel Mermet<\/li><li>Association des v\u00e9t\u00e9rans des essais nucl\u00e9aires: <span style=\"text-decoration: underline;\"><a href=\"http:\/\/aven.org\" target=\"_blank\" rel=\"noopener\">aven.org<\/a><\/span><\/li><li>Ican &#8211; Campaign to Abolish Nuclear Weapons: <span style=\"text-decoration: underline;\"><a href=\"http:\/\/icanw.org\" target=\"_blank\" rel=\"noopener\">icanw.org<\/a><\/span><\/li><li>Ican France: <span style=\"text-decoration: underline;\"><a href=\"http:\/\/icanfrance.org\" target=\"_blank\" rel=\"noopener\">icanfrance.org<\/a><\/span><\/li><li>Initiatives pour le d\u00e9sarmement nucl\u00e9aire (IDN): <a href=\"http:\/\/www.idn-france.org\" target=\"_blank\" rel=\"noopener\">www.idn-france.org<\/a><\/li><li>Le site d&rsquo;Alain Mila: <span style=\"text-decoration: underline;\"><a href=\"https:\/\/www.alainmila.fr\/\" target=\"_blank\" rel=\"noopener\">https:\/\/www.alainmila.fr\/<\/a><\/span><\/li><li>Le blog d&rsquo;Alain Mila: <span style=\"text-decoration: underline;\"><a href=\"https:\/\/lesnews2017demilaalain.blog4ever.com\" target=\"_blank\" rel=\"noopener\">https:\/\/lesnews2017demilaalain.blog4ever.com<\/a><\/span><\/li><li>\u2026\u2026\u2026..<\/li><\/ul>\t\t\t\t\t\t\t\t<\/div>\n\t\t\t\t<\/div>\n\t\t\t\t\t<\/div>\n\t\t<\/div>\n\t\t\t\t\t<\/div>\n\t\t<\/section>\n\t\t\t\t<section class=\"elementor-section elementor-top-section elementor-element elementor-element-82b6f46 elementor-section-boxed elementor-section-height-default elementor-section-height-default\" data-id=\"82b6f46\" data-element_type=\"section\">\n\t\t\t\t\t\t<div class=\"elementor-container elementor-column-gap-default\">\n\t\t\t\t\t<div class=\"elementor-column elementor-col-100 elementor-top-column elementor-element elementor-element-11d3708\" data-id=\"11d3708\" data-element_type=\"column\">\n\t\t\t<div class=\"elementor-widget-wrap elementor-element-populated\">\n\t\t\t\t\t\t<div class=\"elementor-element elementor-element-c1895ce elementor-widget elementor-widget-heading\" data-id=\"c1895ce\" data-element_type=\"widget\" data-widget_type=\"heading.default\">\n\t\t\t\t<div class=\"elementor-widget-container\">\n\t\t\t\t\t<h2 class=\"elementor-heading-title elementor-size-default\">Nos Partenaires<\/h2>\t\t\t\t<\/div>\n\t\t\t\t<\/div>\n\t\t\t\t\t<\/div>\n\t\t<\/div>\n\t\t\t\t\t<\/div>\n\t\t<\/section>\n\t\t\t\t<section class=\"elementor-section elementor-top-section elementor-element elementor-element-630b041 elementor-section-boxed elementor-section-height-default elementor-section-height-default\" data-id=\"630b041\" data-element_type=\"section\">\n\t\t\t\t\t\t<div class=\"elementor-container elementor-column-gap-default\">\n\t\t\t\t\t<div class=\"elementor-column elementor-col-100 elementor-top-column elementor-element elementor-element-ddf9f5c\" data-id=\"ddf9f5c\" data-element_type=\"column\">\n\t\t\t<div class=\"elementor-widget-wrap elementor-element-populated\">\n\t\t\t\t\t\t<section class=\"elementor-section elementor-inner-section elementor-element elementor-element-706cb40 elementor-section-boxed elementor-section-height-default elementor-section-height-default\" data-id=\"706cb40\" data-element_type=\"section\">\n\t\t\t\t\t\t<div class=\"elementor-container elementor-column-gap-default\">\n\t\t\t\t\t<div class=\"elementor-column elementor-col-25 elementor-inner-column elementor-element elementor-element-721b6d3\" data-id=\"721b6d3\" data-element_type=\"column\">\n\t\t\t<div class=\"elementor-widget-wrap elementor-element-populated\">\n\t\t\t\t\t\t<div class=\"elementor-element elementor-element-2fa7f68 elementor-widget elementor-widget-image\" data-id=\"2fa7f68\" data-element_type=\"widget\" data-widget_type=\"image.default\">\n\t\t\t\t<div class=\"elementor-widget-container\">\n\t\t\t\t\t\t\t\t\t\t\t\t\t\t\t<img decoding=\"async\" width=\"150\" height=\"150\" src=\"https:\/\/sentinellesdelapaix.com\/fr\/wp-content\/uploads\/2020\/02\/logo-mini-cult-comm-150x150.jpg\" class=\"attachment-thumbnail size-thumbnail wp-image-1512\" alt=\"\" \/>\t\t\t\t\t\t\t\t\t\t\t\t\t\t\t<\/div>\n\t\t\t\t<\/div>\n\t\t\t\t\t<\/div>\n\t\t<\/div>\n\t\t\t\t<div class=\"elementor-column elementor-col-25 elementor-inner-column elementor-element elementor-element-4fcbf7a\" data-id=\"4fcbf7a\" data-element_type=\"column\">\n\t\t\t<div class=\"elementor-widget-wrap elementor-element-populated\">\n\t\t\t\t\t\t<div class=\"elementor-element elementor-element-fc18792 elementor-widget elementor-widget-image\" data-id=\"fc18792\" data-element_type=\"widget\" data-widget_type=\"image.default\">\n\t\t\t\t<div class=\"elementor-widget-container\">\n\t\t\t\t\t\t\t\t\t\t\t\t\t\t\t<img decoding=\"async\" width=\"139\" height=\"139\" src=\"https:\/\/sentinellesdelapaix.com\/fr\/wp-content\/uploads\/2020\/02\/Occitanie.png\" class=\"attachment-thumbnail size-thumbnail wp-image-1433\" alt=\"\" \/>\t\t\t\t\t\t\t\t\t\t\t\t\t\t\t<\/div>\n\t\t\t\t<\/div>\n\t\t\t\t\t<\/div>\n\t\t<\/div>\n\t\t\t\t<div class=\"elementor-column elementor-col-25 elementor-inner-column elementor-element elementor-element-1663e93\" data-id=\"1663e93\" data-element_type=\"column\">\n\t\t\t<div class=\"elementor-widget-wrap elementor-element-populated\">\n\t\t\t\t\t\t<div class=\"elementor-element elementor-element-ec93bb1 elementor-widget elementor-widget-image\" data-id=\"ec93bb1\" data-element_type=\"widget\" data-widget_type=\"image.default\">\n\t\t\t\t<div class=\"elementor-widget-container\">\n\t\t\t\t\t\t\t\t\t\t\t\t\t\t\t<img decoding=\"async\" width=\"200\" height=\"153\" src=\"https:\/\/sentinellesdelapaix.com\/fr\/wp-content\/uploads\/2020\/02\/logoart.png\" class=\"attachment-medium size-medium wp-image-1434\" alt=\"\" \/>\t\t\t\t\t\t\t\t\t\t\t\t\t\t\t<\/div>\n\t\t\t\t<\/div>\n\t\t\t\t\t<\/div>\n\t\t<\/div>\n\t\t\t\t<div class=\"elementor-column elementor-col-25 elementor-inner-column elementor-element elementor-element-8fc2e98\" data-id=\"8fc2e98\" data-element_type=\"column\">\n\t\t\t<div class=\"elementor-widget-wrap elementor-element-populated\">\n\t\t\t\t\t\t<div class=\"elementor-element elementor-element-0039677 elementor-widget elementor-widget-image\" data-id=\"0039677\" data-element_type=\"widget\" data-widget_type=\"image.default\">\n\t\t\t\t<div class=\"elementor-widget-container\">\n\t\t\t\t\t\t\t\t\t\t\t\t\t\t\t<img loading=\"lazy\" decoding=\"async\" width=\"150\" height=\"150\" src=\"https:\/\/sentinellesdelapaix.com\/fr\/wp-content\/uploads\/2020\/02\/logo-archipel-des-utopies-150x150.png\" class=\"attachment-thumbnail size-thumbnail wp-image-1435\" alt=\"\" srcset=\"https:\/\/sentinellesdelapaix.com\/fr\/wp-content\/uploads\/2020\/02\/logo-archipel-des-utopies-150x150.png 150w, https:\/\/sentinellesdelapaix.com\/fr\/wp-content\/uploads\/2020\/02\/logo-archipel-des-utopies-300x300.png 300w, https:\/\/sentinellesdelapaix.com\/fr\/wp-content\/uploads\/2020\/02\/logo-archipel-des-utopies-1024x1024.png 1024w, https:\/\/sentinellesdelapaix.com\/fr\/wp-content\/uploads\/2020\/02\/logo-archipel-des-utopies-768x768.png 768w, https:\/\/sentinellesdelapaix.com\/fr\/wp-content\/uploads\/2020\/02\/logo-archipel-des-utopies-1536x1536.png 1536w, https:\/\/sentinellesdelapaix.com\/fr\/wp-content\/uploads\/2020\/02\/logo-archipel-des-utopies.png 1632w\" sizes=\"(max-width: 150px) 100vw, 150px\" \/>\t\t\t\t\t\t\t\t\t\t\t\t\t\t\t<\/div>\n\t\t\t\t<\/div>\n\t\t\t\t\t<\/div>\n\t\t<\/div>\n\t\t\t\t\t<\/div>\n\t\t<\/section>\n\t\t\t\t<section class=\"elementor-section elementor-inner-section elementor-element elementor-element-21566dc elementor-section-boxed elementor-section-height-default elementor-section-height-default\" data-id=\"21566dc\" data-element_type=\"section\">\n\t\t\t\t\t\t<div class=\"elementor-container elementor-column-gap-default\">\n\t\t\t\t\t<div class=\"elementor-column elementor-col-50 elementor-inner-column elementor-element elementor-element-9ce3f78\" data-id=\"9ce3f78\" data-element_type=\"column\">\n\t\t\t<div class=\"elementor-widget-wrap elementor-element-populated\">\n\t\t\t\t\t\t<div class=\"elementor-element elementor-element-fcaf5dd elementor-widget elementor-widget-image\" data-id=\"fcaf5dd\" data-element_type=\"widget\" data-widget_type=\"image.default\">\n\t\t\t\t<div class=\"elementor-widget-container\">\n\t\t\t\t\t\t\t\t\t\t\t\t\t\t\t<img loading=\"lazy\" decoding=\"async\" width=\"370\" height=\"85\" src=\"https:\/\/sentinellesdelapaix.com\/fr\/wp-content\/uploads\/2020\/02\/logoAFCDRP-1.png\" class=\"attachment-large size-large wp-image-1442\" alt=\"\" srcset=\"https:\/\/sentinellesdelapaix.com\/fr\/wp-content\/uploads\/2020\/02\/logoAFCDRP-1.png 370w, https:\/\/sentinellesdelapaix.com\/fr\/wp-content\/uploads\/2020\/02\/logoAFCDRP-1-300x69.png 300w\" sizes=\"(max-width: 370px) 100vw, 370px\" \/>\t\t\t\t\t\t\t\t\t\t\t\t\t\t\t<\/div>\n\t\t\t\t<\/div>\n\t\t\t\t\t<\/div>\n\t\t<\/div>\n\t\t\t\t<div class=\"elementor-column elementor-col-50 elementor-inner-column elementor-element elementor-element-defc197\" data-id=\"defc197\" data-element_type=\"column\">\n\t\t\t<div class=\"elementor-widget-wrap elementor-element-populated\">\n\t\t\t\t\t\t<div class=\"elementor-element elementor-element-076790d elementor-widget elementor-widget-image\" data-id=\"076790d\" data-element_type=\"widget\" data-widget_type=\"image.default\">\n\t\t\t\t<div class=\"elementor-widget-container\">\n\t\t\t\t\t\t\t\t\t\t\t\t\t\t\t<img loading=\"lazy\" decoding=\"async\" width=\"656\" height=\"97\" src=\"https:\/\/sentinellesdelapaix.com\/fr\/wp-content\/uploads\/2020\/02\/logo-sematec.png\" class=\"attachment-large size-large wp-image-1438\" alt=\"\" srcset=\"https:\/\/sentinellesdelapaix.com\/fr\/wp-content\/uploads\/2020\/02\/logo-sematec.png 656w, https:\/\/sentinellesdelapaix.com\/fr\/wp-content\/uploads\/2020\/02\/logo-sematec-300x44.png 300w\" sizes=\"(max-width: 656px) 100vw, 656px\" \/>\t\t\t\t\t\t\t\t\t\t\t\t\t\t\t<\/div>\n\t\t\t\t<\/div>\n\t\t\t\t\t<\/div>\n\t\t<\/div>\n\t\t\t\t\t<\/div>\n\t\t<\/section>\n\t\t\t\t\t<\/div>\n\t\t<\/div>\n\t\t\t\t\t<\/div>\n\t\t<\/section>\n\t\t\t\t<\/div>\n\t\t","protected":false},"excerpt":{"rendered":"<p>Sites internet Notre site: http:\/\/sentinellesdelapaix.com Notre page Facebook: https:\/\/www.facebook.com\/LesSentinellesdelapaix\/?fref=ts l&rsquo;AFCDRP: https:\/\/afcdrp.com\/ Mayors for Peace: http:\/\/www.mayorsforpeace.org\/english\/ Le Blog de M. Paul Quil\u00e8s: http:\/\/paul.quiles.over-blog.com\/tag\/desarmement%20nucleaire\/ Le mouvement de la Paix&nbsp;: https:\/\/www.mvtpaix.org\/wordpress\/ The Chugoku Shimbun: http:\/\/www.hiroshimapeacemedia.jp\/?lang=en Recueil de t\u00e9moignages d\u2019Hibakusha &#8211; Memories of Hiroshima and Nagasaki: https:\/\/www.asahi.com\/hibakusha\/english\/ Hiroshima, 6 ao\u00fbt 1945, l&rsquo;humanit\u00e9 devient capable de se d\u00e9truire elle-m\u00eame: reportage &#8230; <a title=\"Liens et partenaires\" class=\"read-more\" href=\"https:\/\/sentinellesdelapaix.com\/fr\/liens-partenaires\/\" aria-label=\"En savoir plus sur Liens et partenaires\">Lire l&rsquo;article<\/a><\/p>\n","protected":false},"author":1,"featured_media":0,"parent":0,"menu_order":0,"comment_status":"closed","ping_status":"closed","template":"","meta":{"footnotes":""},"class_list":{"0":"post-33","1":"page","2":"type-page","3":"status-publish","5":"no-featured-image-padding"},"yoast_head":"<!-- This site is optimized with the Yoast SEO plugin v26.7 - https:\/\/yoast.com\/wordpress\/plugins\/seo\/ -->\n<title>Liens et partenaires - Association &quot;Sentinelles de la Paix&quot;<\/title>\n<meta name=\"description\" content=\"Sur cette page, nous vous proposons une liste de liens vers des sites essentiels sur les th\u00e8mes de la paix et de l&#039;abolition de l&#039;arme nucl\u00e9aire.\" \/>\n<meta name=\"robots\" content=\"index, follow, max-snippet:-1, max-image-preview:large, max-video-preview:-1\" \/>\n<link rel=\"canonical\" href=\"https:\/\/sentinellesdelapaix.com\/fr\/liens-partenaires\/\" \/>\n<meta property=\"og:locale\" content=\"fr_FR\" \/>\n<meta property=\"og:type\" content=\"article\" \/>\n<meta property=\"og:title\" content=\"Liens et partenaires - Association &quot;Sentinelles de la Paix&quot;\" \/>\n<meta property=\"og:description\" content=\"Sur cette page, nous vous proposons une liste de liens vers des sites essentiels sur les th\u00e8mes de la paix et de l&#039;abolition de l&#039;arme nucl\u00e9aire.\" \/>\n<meta property=\"og:url\" content=\"https:\/\/sentinellesdelapaix.com\/fr\/liens-partenaires\/\" \/>\n<meta property=\"og:site_name\" content=\"Association &quot;Sentinelles de la Paix&quot;\" \/>\n<meta property=\"article:modified_time\" content=\"2021-04-15T09:05:12+00:00\" \/>\n<meta property=\"og:image\" content=\"https:\/\/sentinellesdelapaix.com\/fr\/wp-content\/uploads\/2020\/02\/logo-mini-cult-comm-150x150.jpg\" \/>\n<meta name=\"twitter:card\" content=\"summary_large_image\" \/>\n<meta name=\"twitter:label1\" content=\"Dur\u00e9e de lecture estim\u00e9e\" \/>\n\t<meta name=\"twitter:data1\" content=\"2 minutes\" \/>\n<script type=\"application\/ld+json\" class=\"yoast-schema-graph\">{\"@context\":\"https:\/\/schema.org\",\"@graph\":[{\"@type\":\"WebPage\",\"@id\":\"https:\/\/sentinellesdelapaix.com\/fr\/liens-partenaires\/\",\"url\":\"https:\/\/sentinellesdelapaix.com\/fr\/liens-partenaires\/\",\"name\":\"Liens et partenaires - Association &quot;Sentinelles de la Paix&quot;\",\"isPartOf\":{\"@id\":\"https:\/\/sentinellesdelapaix.com\/fr\/#website\"},\"primaryImageOfPage\":{\"@id\":\"https:\/\/sentinellesdelapaix.com\/fr\/liens-partenaires\/#primaryimage\"},\"image\":{\"@id\":\"https:\/\/sentinellesdelapaix.com\/fr\/liens-partenaires\/#primaryimage\"},\"thumbnailUrl\":\"https:\/\/sentinellesdelapaix.com\/fr\/wp-content\/uploads\/2020\/02\/logo-mini-cult-comm-150x150.jpg\",\"datePublished\":\"2020-01-19T10:10:32+00:00\",\"dateModified\":\"2021-04-15T09:05:12+00:00\",\"description\":\"Sur cette page, nous vous proposons une liste de liens vers des sites essentiels sur les th\u00e8mes de la paix et de l'abolition de l'arme nucl\u00e9aire.\",\"breadcrumb\":{\"@id\":\"https:\/\/sentinellesdelapaix.com\/fr\/liens-partenaires\/#breadcrumb\"},\"inLanguage\":\"fr-FR\",\"potentialAction\":[{\"@type\":\"ReadAction\",\"target\":[\"https:\/\/sentinellesdelapaix.com\/fr\/liens-partenaires\/\"]}]},{\"@type\":\"ImageObject\",\"inLanguage\":\"fr-FR\",\"@id\":\"https:\/\/sentinellesdelapaix.com\/fr\/liens-partenaires\/#primaryimage\",\"url\":\"https:\/\/sentinellesdelapaix.com\/fr\/wp-content\/uploads\/2020\/02\/logo-mini-cult-comm.jpg\",\"contentUrl\":\"https:\/\/sentinellesdelapaix.com\/fr\/wp-content\/uploads\/2020\/02\/logo-mini-cult-comm.jpg\",\"width\":455,\"height\":510},{\"@type\":\"BreadcrumbList\",\"@id\":\"https:\/\/sentinellesdelapaix.com\/fr\/liens-partenaires\/#breadcrumb\",\"itemListElement\":[{\"@type\":\"ListItem\",\"position\":1,\"name\":\"Accueil\",\"item\":\"https:\/\/sentinellesdelapaix.com\/fr\/\"},{\"@type\":\"ListItem\",\"position\":2,\"name\":\"Liens et partenaires\"}]},{\"@type\":\"WebSite\",\"@id\":\"https:\/\/sentinellesdelapaix.com\/fr\/#website\",\"url\":\"https:\/\/sentinellesdelapaix.com\/fr\/\",\"name\":\"Association &quot;Sentinelles de la Paix&quot;\",\"description\":\"*Une pierre pos\u00e9e n&#039;est pas jet\u00e9e*\",\"potentialAction\":[{\"@type\":\"SearchAction\",\"target\":{\"@type\":\"EntryPoint\",\"urlTemplate\":\"https:\/\/sentinellesdelapaix.com\/fr\/?s={search_term_string}\"},\"query-input\":{\"@type\":\"PropertyValueSpecification\",\"valueRequired\":true,\"valueName\":\"search_term_string\"}}],\"inLanguage\":\"fr-FR\"}]}<\/script>\n<!-- \/ Yoast SEO plugin. -->","yoast_head_json":{"title":"Liens et partenaires - Association &quot;Sentinelles de la Paix&quot;","description":"Sur cette page, nous vous proposons une liste de liens vers des sites essentiels sur les th\u00e8mes de la paix et de l'abolition de l'arme nucl\u00e9aire.","robots":{"index":"index","follow":"follow","max-snippet":"max-snippet:-1","max-image-preview":"max-image-preview:large","max-video-preview":"max-video-preview:-1"},"canonical":"https:\/\/sentinellesdelapaix.com\/fr\/liens-partenaires\/","og_locale":"fr_FR","og_type":"article","og_title":"Liens et partenaires - Association &quot;Sentinelles de la Paix&quot;","og_description":"Sur cette page, nous vous proposons une liste de liens vers des sites essentiels sur les th\u00e8mes de la paix et de l'abolition de l'arme nucl\u00e9aire.","og_url":"https:\/\/sentinellesdelapaix.com\/fr\/liens-partenaires\/","og_site_name":"Association &quot;Sentinelles de la Paix&quot;","article_modified_time":"2021-04-15T09:05:12+00:00","og_image":[{"url":"https:\/\/sentinellesdelapaix.com\/fr\/wp-content\/uploads\/2020\/02\/logo-mini-cult-comm-150x150.jpg","type":"","width":"","height":""}],"twitter_card":"summary_large_image","twitter_misc":{"Dur\u00e9e de lecture estim\u00e9e":"2 minutes"},"schema":{"@context":"https:\/\/schema.org","@graph":[{"@type":"WebPage","@id":"https:\/\/sentinellesdelapaix.com\/fr\/liens-partenaires\/","url":"https:\/\/sentinellesdelapaix.com\/fr\/liens-partenaires\/","name":"Liens et partenaires - Association &quot;Sentinelles de la Paix&quot;","isPartOf":{"@id":"https:\/\/sentinellesdelapaix.com\/fr\/#website"},"primaryImageOfPage":{"@id":"https:\/\/sentinellesdelapaix.com\/fr\/liens-partenaires\/#primaryimage"},"image":{"@id":"https:\/\/sentinellesdelapaix.com\/fr\/liens-partenaires\/#primaryimage"},"thumbnailUrl":"https:\/\/sentinellesdelapaix.com\/fr\/wp-content\/uploads\/2020\/02\/logo-mini-cult-comm-150x150.jpg","datePublished":"2020-01-19T10:10:32+00:00","dateModified":"2021-04-15T09:05:12+00:00","description":"Sur cette page, nous vous proposons une liste de liens vers des sites essentiels sur les th\u00e8mes de la paix et de l'abolition de l'arme nucl\u00e9aire.","breadcrumb":{"@id":"https:\/\/sentinellesdelapaix.com\/fr\/liens-partenaires\/#breadcrumb"},"inLanguage":"fr-FR","potentialAction":[{"@type":"ReadAction","target":["https:\/\/sentinellesdelapaix.com\/fr\/liens-partenaires\/"]}]},{"@type":"ImageObject","inLanguage":"fr-FR","@id":"https:\/\/sentinellesdelapaix.com\/fr\/liens-partenaires\/#primaryimage","url":"https:\/\/sentinellesdelapaix.com\/fr\/wp-content\/uploads\/2020\/02\/logo-mini-cult-comm.jpg","contentUrl":"https:\/\/sentinellesdelapaix.com\/fr\/wp-content\/uploads\/2020\/02\/logo-mini-cult-comm.jpg","width":455,"height":510},{"@type":"BreadcrumbList","@id":"https:\/\/sentinellesdelapaix.com\/fr\/liens-partenaires\/#breadcrumb","itemListElement":[{"@type":"ListItem","position":1,"name":"Accueil","item":"https:\/\/sentinellesdelapaix.com\/fr\/"},{"@type":"ListItem","position":2,"name":"Liens et partenaires"}]},{"@type":"WebSite","@id":"https:\/\/sentinellesdelapaix.com\/fr\/#website","url":"https:\/\/sentinellesdelapaix.com\/fr\/","name":"Association &quot;Sentinelles de la Paix&quot;","description":"*Une pierre pos\u00e9e n&#039;est pas jet\u00e9e*","potentialAction":[{"@type":"SearchAction","target":{"@type":"EntryPoint","urlTemplate":"https:\/\/sentinellesdelapaix.com\/fr\/?s={search_term_string}"},"query-input":{"@type":"PropertyValueSpecification","valueRequired":true,"valueName":"search_term_string"}}],"inLanguage":"fr-FR"}]}},"_links":{"self":[{"href":"https:\/\/sentinellesdelapaix.com\/fr\/wp-json\/wp\/v2\/pages\/33","targetHints":{"allow":["GET"]}}],"collection":[{"href":"https:\/\/sentinellesdelapaix.com\/fr\/wp-json\/wp\/v2\/pages"}],"about":[{"href":"https:\/\/sentinellesdelapaix.com\/fr\/wp-json\/wp\/v2\/types\/page"}],"author":[{"embeddable":true,"href":"https:\/\/sentinellesdelapaix.com\/fr\/wp-json\/wp\/v2\/users\/1"}],"replies":[{"embeddable":true,"href":"https:\/\/sentinellesdelapaix.com\/fr\/wp-json\/wp\/v2\/comments?post=33"}],"version-history":[{"count":18,"href":"https:\/\/sentinellesdelapaix.com\/fr\/wp-json\/wp\/v2\/pages\/33\/revisions"}],"predecessor-version":[{"id":1516,"href":"https:\/\/sentinellesdelapaix.com\/fr\/wp-json\/wp\/v2\/pages\/33\/revisions\/1516"}],"wp:attachment":[{"href":"https:\/\/sentinellesdelapaix.com\/fr\/wp-json\/wp\/v2\/media?parent=33"}],"curies":[{"name":"wp","href":"https:\/\/api.w.org\/{rel}","templated":true}]}}