{"id":37,"date":"2020-01-19T11:11:55","date_gmt":"2020-01-19T10:11:55","guid":{"rendered":"https:\/\/sentinellesdelapaix.com\/fr\/?page_id=37"},"modified":"2021-02-27T18:58:13","modified_gmt":"2021-02-27T17:58:13","slug":"vos-temoignages","status":"publish","type":"page","link":"https:\/\/sentinellesdelapaix.com\/fr\/vos-temoignages\/","title":{"rendered":"Vos t\u00e9moignages"},"content":{"rendered":"\t\t<div data-elementor-type=\"wp-page\" data-elementor-id=\"37\" class=\"elementor elementor-37\">\n\t\t\t\t\t\t<section class=\"elementor-section elementor-top-section elementor-element elementor-element-b335f38 elementor-section-boxed elementor-section-height-default elementor-section-height-default\" data-id=\"b335f38\" data-element_type=\"section\">\n\t\t\t\t\t\t<div class=\"elementor-container elementor-column-gap-default\">\n\t\t\t\t\t<div class=\"elementor-column elementor-col-100 elementor-top-column elementor-element elementor-element-f468f6f\" data-id=\"f468f6f\" data-element_type=\"column\">\n\t\t\t<div class=\"elementor-widget-wrap elementor-element-populated\">\n\t\t\t\t\t\t<div class=\"elementor-element elementor-element-04f8b65 elementor-widget elementor-widget-heading\" data-id=\"04f8b65\" data-element_type=\"widget\" data-widget_type=\"heading.default\">\n\t\t\t\t<div class=\"elementor-widget-container\">\n\t\t\t\t\t<h2 class=\"elementor-heading-title elementor-size-default\">Vos t\u00e9moignages<\/h2>\t\t\t\t<\/div>\n\t\t\t\t<\/div>\n\t\t\t\t<div class=\"elementor-element elementor-element-c6fe017 elementor-widget-divider--view-line elementor-widget elementor-widget-divider\" data-id=\"c6fe017\" data-element_type=\"widget\" data-widget_type=\"divider.default\">\n\t\t\t\t<div class=\"elementor-widget-container\">\n\t\t\t\t\t\t\t<div class=\"elementor-divider\">\n\t\t\t<span class=\"elementor-divider-separator\">\n\t\t\t\t\t\t<\/span>\n\t\t<\/div>\n\t\t\t\t\t\t<\/div>\n\t\t\t\t<\/div>\n\t\t\t\t<section class=\"elementor-section elementor-inner-section elementor-element elementor-element-e7e6fe0 elementor-section-boxed elementor-section-height-default elementor-section-height-default\" data-id=\"e7e6fe0\" data-element_type=\"section\">\n\t\t\t\t\t\t<div class=\"elementor-container elementor-column-gap-default\">\n\t\t\t\t\t<div class=\"elementor-column elementor-col-50 elementor-inner-column elementor-element elementor-element-d3ea8c5\" data-id=\"d3ea8c5\" data-element_type=\"column\" data-settings=\"{&quot;background_background&quot;:&quot;classic&quot;}\">\n\t\t\t<div class=\"elementor-widget-wrap elementor-element-populated\">\n\t\t\t\t\t\t<div class=\"elementor-element elementor-element-c63f3a5 elementor-widget elementor-widget-text-editor\" data-id=\"c63f3a5\" data-element_type=\"widget\" data-widget_type=\"text-editor.default\">\n\t\t\t\t<div class=\"elementor-widget-container\">\n\t\t\t\t\t\t\t\t\t<p><em>Monsieur Mila bonjour,<\/em><\/p><p><em>La marche r\u00e9serve bien des surprises. Redescendant des coteaux qui surplombent le Tarn, entre Villemur et le village de Bondigoux, mon regard fut attir\u00e9 par 2 petits \u00eatres de pierre pos\u00e9s l\u00e0 sur le chemin, \u00e0 l&rsquo;ombre d&rsquo;un ch\u00eane. Amus\u00e9e, je les pris en photo et ajoutai un 3\u00e8me larron \u00e0 ce duo \u00ab\u00a0parental\u00a0\u00bb&#8230; <\/em><em>Je ne pensais pas alors aux Sentinelles de la Paix. Tout juste une vague r\u00e9miniscence des cr\u00e9ations des amateurs de Land Art. Quelques jours plus tard, je fis votre connaissance \u00e0 la Tour de la D\u00e9fense de Villemur o\u00f9 j&rsquo;ai pu appr\u00e9cier votre travail diversifi\u00e9 de la mati\u00e8re, dans le respect de ce qu&rsquo;elle est. Et o\u00f9 j&rsquo;ai d\u00e9couvert que vous \u00e9tiez l&rsquo;initiateur de ce mouvement des sentinelles de pierre. Hasard ou co\u00efncidence ? Il n&rsquo;est para\u00eet-il pas de hasard &#8230; Voici en guise de clin d&rsquo;oeil ces 2 clich\u00e9s, pris en toute \u00ab\u00a0innocence\u00a0\u00bb.<\/em><\/p><p><em>Bien cordialement, <\/em><strong><em>Sylvie Lannuzel<\/em><\/strong><\/p>\t\t\t\t\t\t\t\t<\/div>\n\t\t\t\t<\/div>\n\t\t\t\t\t<\/div>\n\t\t<\/div>\n\t\t\t\t<div class=\"elementor-column elementor-col-50 elementor-inner-column elementor-element elementor-element-ec0d5ba\" data-id=\"ec0d5ba\" data-element_type=\"column\">\n\t\t\t<div class=\"elementor-widget-wrap elementor-element-populated\">\n\t\t\t\t\t\t<div class=\"elementor-element elementor-element-8046c79 elementor-widget elementor-widget-image\" data-id=\"8046c79\" data-element_type=\"widget\" data-widget_type=\"image.default\">\n\t\t\t\t<div class=\"elementor-widget-container\">\n\t\t\t\t\t\t\t\t\t\t\t\t\t\t\t<img fetchpriority=\"high\" decoding=\"async\" width=\"950\" height=\"713\" src=\"https:\/\/sentinellesdelapaix.com\/fr\/wp-content\/uploads\/2020\/02\/s-lannuzel-001.jpg\" class=\"attachment-large size-large wp-image-1328\" alt=\"\" srcset=\"https:\/\/sentinellesdelapaix.com\/fr\/wp-content\/uploads\/2020\/02\/s-lannuzel-001.jpg 1024w, https:\/\/sentinellesdelapaix.com\/fr\/wp-content\/uploads\/2020\/02\/s-lannuzel-001-300x225.jpg 300w, https:\/\/sentinellesdelapaix.com\/fr\/wp-content\/uploads\/2020\/02\/s-lannuzel-001-768x576.jpg 768w\" sizes=\"(max-width: 950px) 100vw, 950px\" \/>\t\t\t\t\t\t\t\t\t\t\t\t\t\t\t<\/div>\n\t\t\t\t<\/div>\n\t\t\t\t<div class=\"elementor-element elementor-element-6149590 elementor-widget elementor-widget-image\" data-id=\"6149590\" data-element_type=\"widget\" data-widget_type=\"image.default\">\n\t\t\t\t<div class=\"elementor-widget-container\">\n\t\t\t\t\t\t\t\t\t\t\t\t\t\t\t<img decoding=\"async\" width=\"950\" height=\"713\" src=\"https:\/\/sentinellesdelapaix.com\/fr\/wp-content\/uploads\/2020\/02\/s-lannuzel-002.jpg\" class=\"attachment-large size-large wp-image-1329\" alt=\"\" srcset=\"https:\/\/sentinellesdelapaix.com\/fr\/wp-content\/uploads\/2020\/02\/s-lannuzel-002.jpg 1024w, https:\/\/sentinellesdelapaix.com\/fr\/wp-content\/uploads\/2020\/02\/s-lannuzel-002-300x225.jpg 300w, https:\/\/sentinellesdelapaix.com\/fr\/wp-content\/uploads\/2020\/02\/s-lannuzel-002-768x576.jpg 768w\" sizes=\"(max-width: 950px) 100vw, 950px\" \/>\t\t\t\t\t\t\t\t\t\t\t\t\t\t\t<\/div>\n\t\t\t\t<\/div>\n\t\t\t\t\t<\/div>\n\t\t<\/div>\n\t\t\t\t\t<\/div>\n\t\t<\/section>\n\t\t\t\t<div class=\"elementor-element elementor-element-ef0c881 elementor-widget-divider--view-line elementor-widget elementor-widget-divider\" data-id=\"ef0c881\" data-element_type=\"widget\" data-widget_type=\"divider.default\">\n\t\t\t\t<div class=\"elementor-widget-container\">\n\t\t\t\t\t\t\t<div class=\"elementor-divider\">\n\t\t\t<span class=\"elementor-divider-separator\">\n\t\t\t\t\t\t<\/span>\n\t\t<\/div>\n\t\t\t\t\t\t<\/div>\n\t\t\t\t<\/div>\n\t\t\t\t<div class=\"elementor-element elementor-element-d0a7da7 elementor-widget elementor-widget-text-editor\" data-id=\"d0a7da7\" data-element_type=\"widget\" data-widget_type=\"text-editor.default\">\n\t\t\t\t<div class=\"elementor-widget-container\">\n\t\t\t\t\t\t\t\t\t<p><strong><em>A propos des Sentinelles de la paix\u2026.<\/em><\/strong><\/p><p><em>Quand je pense caillou, pierre dans leur acception la plus g\u00e9n\u00e9rale, je vois chaos, d\u00e9sordre, violence mais aussi rivi\u00e8re, plage, montagne et enfin architecture, art.<\/em><\/p><p><em>Quand je prends un caillou dans la main, caillou que j\u2019aurais pr\u00e9alablement choisi parmi tant d\u2019autres, il se d\u00e9barrasse imm\u00e9diatement de ces images qui m\u2019\u00e9taient survenues pour faire appara\u00eetre \u00e0 la place, d\u2019autres sensations comme beaut\u00e9, chaleur ou froideur, poids, aspect lisse ou rugueux. Une relation quasi-amicale s\u2019installe entre nous\u00a0; j\u2019ai envie de le caresser, le regarder, le garder, qu\u2019il devienne en quelque sorte un ami, voire un talisman. Pour autant, cette relation aussi belle et intime soit-elle, ne suscite aucune \u00e9l\u00e9vation ou aspiration \u00e0 des valeurs morales.<\/em><\/p><p><em>Mais quand j\u2019ai pos\u00e9 pour la premi\u00e8re fois, une pierre en \u00e9quilibre sur une autre, ce geste simple et ludique a ouvert un champ de symboles et de valeurs universelles que je n\u2019imaginais pas. En poursuivant cette recherche d\u2019\u00e9quilibre, pierre sur pierre, se r\u00e9v\u00e8le un monde de valeurs morales qui jalonnent notre chemin de vie pour aboutir \u00e0 une paix int\u00e9rieure et universelle. Qui se construit, construit le monde.<\/em><\/p><p><em>Toute construction commence par rechercher une bonne assise pour assurer un bon \u00e9quilibre \u00e0 l\u2019ouvrage une fois termin\u00e9. D\u00e8s cet instant o\u00f9 l\u2019\u0153il a choisi la bonne pierre et la main l\u2019a pos\u00e9 le mieux possible, l\u2019esprit entrevoit l\u2019ouvrage fini m\u00eame s\u2019il ignore pr\u00e9cis\u00e9ment les \u00e9tapes interm\u00e9diaires.<\/em><\/p><p><em>Il en est de m\u00eame de chacune des actions que nous entreprenons aussi mini soit-elle. Nous la choisissons (en r\u00e8gle g\u00e9n\u00e9rale), nous la faisons n\u00f4tre et la projetons finie dans notre esprit en sachant que chaque \u00e9tape engagera la bonne fin de la suivante. Il en est ainsi qu\u2019il s\u2019agisse d\u2019un projet banal de la vie courante ou celui d\u2019un projet de vie.<\/em><\/p><p><em>La premi\u00e8re pierre une fois bien assise, le choix de la seconde est aussi d\u00e9licat. Il faut non seulement qu\u2019elle repose avec un bon \u00e9quilibre sur la pr\u00e9c\u00e9dente mais qu\u2019elle puisse servir de bonne base \u00e0 la suivante. Or, toutes les pierres ne sont pas plates ni sans asp\u00e9rit\u00e9s. Tout en pensant \u00e0 l\u2019aboutissement on commence \u00e0 penser esth\u00e9tique, \u00e9quilibre et harmonie. Toute \u0153uvre \u00e0 accomplir doit \u00eatre belle, \u00e9quilibr\u00e9e et harmonieuse.<\/em><\/p><p><em>La deuxi\u00e8me pierre engage tout le processus d\u2019\u00e9dification de l\u2019\u0153uvre. C\u2019est \u00e0 ce stade que l\u2019on choisit entre l\u2019audace ou la prudence, la difficult\u00e9 ou la facilit\u00e9. On s\u00e9lectionnera le mat\u00e9riau le mieux adapt\u00e9, sa forme, son poids, ses propri\u00e9t\u00e9s \u00e0 servir d\u2019assise \u00e0 la pierre suivante.<\/em><\/p><p><em>La r\u00e9alisation de nos projets suit la m\u00eame d\u00e9marche. Le deuxi\u00e8me stade d\u00e9termine non seulement leur originalit\u00e9 et leur ampleur mais aussi leur fiabilit\u00e9 et leur \u00e9quilibre harmonieux.<\/em><\/p><p><em>A partir de cette seconde \u00e9tape, c\u2019est un travail de pr\u00e9cision\u00a0; une recherche constante de l\u2019\u00e9quilibre afin que chaque pi\u00e8ce contribue \u00e0 l\u2019\u00e9dification de l\u2019\u0153uvre sans contrarier les \u00e9tats ant\u00e9rieurs.<\/em><\/p><p><em>Cela se fera avec de la patience. La patience requiert que nous soyons nous-m\u00eames. Calmes, attentifs, l\u2019esprit concentr\u00e9. La main est le prolongement du mental. Un esprit agit\u00e9 entra\u00eene une main impr\u00e9cise.<\/em><\/p><p><em>La pose d\u2019une pierre sur une autre incite le mental \u00e0 se concentrer plus facilement. Cette recherche de l\u2019\u00e9quilibre imm\u00e9diat est un pouvoir puissant \u00e0 aider \u00e0 la recherche de la concentration<\/em><\/p><p><em>Puis, \u00e0 une \u00e9tape, c\u2019est l\u2019\u00e9chec. L\u2019\u00e9quilibre est rompu. Tout ou en partie s\u2019\u00e9croule.<\/em><\/p><p><em>D\u00e9ception. Mais Pers\u00e9v\u00e9rance arrive au secours. Il faut recommencer avec calme, reb\u00e2tir parfois en reprenant depuis le d\u00e9but. Avec la m\u00eame pr\u00e9cision. Contr\u00f4ler en changeant les angles d\u2019ancrage ou d\u2019assise ou bien carr\u00e9ment trouver une pierre plus apte \u00e0 s\u2019ins\u00e9rer dans l\u2019\u0153uvre \u00e0 r\u00e9aliser.<\/em><\/p><p><em>La construction et la r\u00e9alisation de nos projets sont \u00e0 l\u2019identique. Les d\u00e9buts sont prometteurs et tout semble aller pour le mieux et crac, un incident malheureux, un obstacle vient arr\u00eater le projet ou l\u2019an\u00e9antir.<\/em><\/p><p><em>Recommencer, sans amertume avec le seul souci de r\u00e9ussite pour passer \u00e0 l\u2019\u00e9tape suivante. Anticiper comme au jeu d\u2019\u00e9chec, plusieurs coups \u00e0 l\u2019avance. Il ne suffit pas seulement de permettre la pose en \u00e9quilibre de la pierre suivante mais aussi de celles qui vont suivre\u00a0: formes, poids sont d\u00e9terminants dans le choix des pierres.<\/em><\/p><p><em>De m\u00eame, fixons l\u2019\u00e9toile et tra\u00e7ons notre sillon. Nos projets en seront mieux. La visibilit\u00e9 ainsi acquise nous permettra de corriger des erreurs futures et de mieux adapter nos d\u00e9cisions aux circonstances.<\/em><\/p><p><em>Enfin, il faut savoir s\u2019arr\u00eater. Ne pas aller trop loin. La pierre fatale \u00e9croule l\u2019\u0153uvre enti\u00e8re r\u00e9alis\u00e9e.<\/em><\/p><p><em>Combien de projets g\u00e2ch\u00e9s ou an\u00e9antis par une action de trop.<\/em><\/p><p><em>Regarder avec humilit\u00e9, savourer avec fiert\u00e9 l\u2019\u0153uvre accomplie et partager ce moment de satisfaction\u00a0;<\/em><\/p><p><em>Une \u0153uvre, quelle qu\u2019elle soit doit \u00eatre partag\u00e9e pour exister. Offrons-la aux regards de notre famille, de nos amis et plus largement \u00e0 tous.<\/em><\/p><p><strong><em>\u00a0Rapport entre les Sentinelles de la Paix et LA PAIX<\/em><\/strong><\/p><p><em>Alain MILA a donn\u00e9 une magnifique d\u00e9finition du concept des Sentinelles de la Paix : <\/em><em>\u00ab\u00a0Une pierre pos\u00e9e n\u2019est pas jet\u00e9e\u00a0\u00bb. Arr\u00eater la violence, rester calme, poser nos mains guerri\u00e8res l\u2019une sur l\u2019autre dans un esprit de fraternit\u00e9, d\u2019amour et de paix. Les Sentinelles de la Paix, cette architecture min\u00e9rale rassemblent les m\u00eames valeurs intrins\u00e8ques dans la d\u00e9finition suivante de la PAIX\u00a0;<\/em><\/p><p><em>\u00ab\u00a0 La Paix (PEACE) est une Equation (\u00e0 plusieurs entr\u00e9es) \u00a0\u00e0 r\u00e9soudre dans le Calme pour trouver hArmonie et Equilibre en sachant \u00eatre Pers\u00e9v\u00e9rant.\u00a0\u00bb\u00a0<\/em><\/p><p><strong><em>P<\/em><\/strong><em>ers\u00e9v\u00e9rance\u00a0\u00a0\u00a0 <strong>E<\/strong>quilibre\u00a0 \u00a0\u00a0\u00a0\u00a0 h<strong>A<\/strong>rmonie\u00a0 \u00a0 <strong>C<\/strong>alme\u00a0 \u00a0\u00a0\u00a0 <strong>E<\/strong>quation<\/em><\/p><p><em>Cette d\u00e9finition a le m\u00e9rite de contenir le mot PEACE et les valeurs port\u00e9es par les Sentinelles de la Paix\u00a0: Pers\u00e9v\u00e9rance, Equilibre, Harmonie. Ainsi, chaque fois que l\u2019on pose une pierre l\u2019une sur l\u2019autre pour \u00e9lever une Sentinelle, ayons en pens\u00e9e que nous construisons la Paix en mettant notre esprit en accord avec ces valeurs universelles.\u00a0\u00a0<\/em><\/p><p><strong><em>Jacques Tribalat\u00a0 &#8211;\u00a0\u00a0 Septembre 2019<\/em><\/strong><\/p>\t\t\t\t\t\t\t\t<\/div>\n\t\t\t\t<\/div>\n\t\t\t\t\t<\/div>\n\t\t<\/div>\n\t\t\t\t\t<\/div>\n\t\t<\/section>\n\t\t\t\t<\/div>\n\t\t","protected":false},"excerpt":{"rendered":"<p>Vos t\u00e9moignages Monsieur Mila bonjour, La marche r\u00e9serve bien des surprises. Redescendant des coteaux qui surplombent le Tarn, entre Villemur et le village de Bondigoux, mon regard fut attir\u00e9 par 2 petits \u00eatres de pierre pos\u00e9s l\u00e0 sur le chemin, \u00e0 l&rsquo;ombre d&rsquo;un ch\u00eane. Amus\u00e9e, je les pris en photo et ajoutai un 3\u00e8me larron &#8230; <a title=\"Vos t\u00e9moignages\" class=\"read-more\" href=\"https:\/\/sentinellesdelapaix.com\/fr\/vos-temoignages\/\" aria-label=\"En savoir plus sur Vos t\u00e9moignages\">Lire l&rsquo;article<\/a><\/p>\n","protected":false},"author":1,"featured_media":0,"parent":0,"menu_order":0,"comment_status":"closed","ping_status":"closed","template":"","meta":{"footnotes":""},"class_list":{"0":"post-37","1":"page","2":"type-page","3":"status-publish","5":"no-featured-image-padding"},"yoast_head":"<!-- This site is optimized with the Yoast SEO plugin v26.7 - https:\/\/yoast.com\/wordpress\/plugins\/seo\/ -->\n<title>Vos t\u00e9moignages - Association &quot;Sentinelles de la Paix&quot;<\/title>\n<meta name=\"description\" content=\"Les textes pr\u00e9sent\u00e9s ici permettent de comprendre ce qui est \u00e0 l&#039;\u0153uvre chez les participants lors de la r\u00e9alisation de Sentinelles de la paix.\" \/>\n<meta name=\"robots\" content=\"index, follow, max-snippet:-1, max-image-preview:large, max-video-preview:-1\" \/>\n<link rel=\"canonical\" href=\"https:\/\/sentinellesdelapaix.com\/fr\/vos-temoignages\/\" \/>\n<meta property=\"og:locale\" content=\"fr_FR\" \/>\n<meta property=\"og:type\" content=\"article\" \/>\n<meta property=\"og:title\" content=\"Vos t\u00e9moignages - Association &quot;Sentinelles de la Paix&quot;\" \/>\n<meta property=\"og:description\" content=\"Les textes pr\u00e9sent\u00e9s ici permettent de comprendre ce qui est \u00e0 l&#039;\u0153uvre chez les participants lors de la r\u00e9alisation de Sentinelles de la paix.\" \/>\n<meta property=\"og:url\" content=\"https:\/\/sentinellesdelapaix.com\/fr\/vos-temoignages\/\" \/>\n<meta property=\"og:site_name\" content=\"Association &quot;Sentinelles de la Paix&quot;\" \/>\n<meta property=\"article:modified_time\" content=\"2021-02-27T17:58:13+00:00\" \/>\n<meta property=\"og:image\" content=\"https:\/\/sentinellesdelapaix.com\/fr\/wp-content\/uploads\/2020\/02\/s-lannuzel-001.jpg\" \/>\n<meta name=\"twitter:card\" content=\"summary_large_image\" \/>\n<meta name=\"twitter:label1\" content=\"Dur\u00e9e de lecture estim\u00e9e\" \/>\n\t<meta name=\"twitter:data1\" content=\"6 minutes\" \/>\n<script type=\"application\/ld+json\" class=\"yoast-schema-graph\">{\"@context\":\"https:\/\/schema.org\",\"@graph\":[{\"@type\":\"WebPage\",\"@id\":\"https:\/\/sentinellesdelapaix.com\/fr\/vos-temoignages\/\",\"url\":\"https:\/\/sentinellesdelapaix.com\/fr\/vos-temoignages\/\",\"name\":\"Vos t\u00e9moignages - Association &quot;Sentinelles de la Paix&quot;\",\"isPartOf\":{\"@id\":\"https:\/\/sentinellesdelapaix.com\/fr\/#website\"},\"primaryImageOfPage\":{\"@id\":\"https:\/\/sentinellesdelapaix.com\/fr\/vos-temoignages\/#primaryimage\"},\"image\":{\"@id\":\"https:\/\/sentinellesdelapaix.com\/fr\/vos-temoignages\/#primaryimage\"},\"thumbnailUrl\":\"https:\/\/sentinellesdelapaix.com\/fr\/wp-content\/uploads\/2020\/02\/s-lannuzel-001.jpg\",\"datePublished\":\"2020-01-19T10:11:55+00:00\",\"dateModified\":\"2021-02-27T17:58:13+00:00\",\"description\":\"Les textes pr\u00e9sent\u00e9s ici permettent de comprendre ce qui est \u00e0 l'\u0153uvre chez les participants lors de la r\u00e9alisation de Sentinelles de la paix.\",\"breadcrumb\":{\"@id\":\"https:\/\/sentinellesdelapaix.com\/fr\/vos-temoignages\/#breadcrumb\"},\"inLanguage\":\"fr-FR\",\"potentialAction\":[{\"@type\":\"ReadAction\",\"target\":[\"https:\/\/sentinellesdelapaix.com\/fr\/vos-temoignages\/\"]}]},{\"@type\":\"ImageObject\",\"inLanguage\":\"fr-FR\",\"@id\":\"https:\/\/sentinellesdelapaix.com\/fr\/vos-temoignages\/#primaryimage\",\"url\":\"https:\/\/sentinellesdelapaix.com\/fr\/wp-content\/uploads\/2020\/02\/s-lannuzel-001.jpg\",\"contentUrl\":\"https:\/\/sentinellesdelapaix.com\/fr\/wp-content\/uploads\/2020\/02\/s-lannuzel-001.jpg\",\"width\":1024,\"height\":768},{\"@type\":\"BreadcrumbList\",\"@id\":\"https:\/\/sentinellesdelapaix.com\/fr\/vos-temoignages\/#breadcrumb\",\"itemListElement\":[{\"@type\":\"ListItem\",\"position\":1,\"name\":\"Accueil\",\"item\":\"https:\/\/sentinellesdelapaix.com\/fr\/\"},{\"@type\":\"ListItem\",\"position\":2,\"name\":\"Vos t\u00e9moignages\"}]},{\"@type\":\"WebSite\",\"@id\":\"https:\/\/sentinellesdelapaix.com\/fr\/#website\",\"url\":\"https:\/\/sentinellesdelapaix.com\/fr\/\",\"name\":\"Association &quot;Sentinelles de la Paix&quot;\",\"description\":\"*Une pierre pos\u00e9e n&#039;est pas jet\u00e9e*\",\"potentialAction\":[{\"@type\":\"SearchAction\",\"target\":{\"@type\":\"EntryPoint\",\"urlTemplate\":\"https:\/\/sentinellesdelapaix.com\/fr\/?s={search_term_string}\"},\"query-input\":{\"@type\":\"PropertyValueSpecification\",\"valueRequired\":true,\"valueName\":\"search_term_string\"}}],\"inLanguage\":\"fr-FR\"}]}<\/script>\n<!-- \/ Yoast SEO plugin. -->","yoast_head_json":{"title":"Vos t\u00e9moignages - Association &quot;Sentinelles de la Paix&quot;","description":"Les textes pr\u00e9sent\u00e9s ici permettent de comprendre ce qui est \u00e0 l'\u0153uvre chez les participants lors de la r\u00e9alisation de Sentinelles de la paix.","robots":{"index":"index","follow":"follow","max-snippet":"max-snippet:-1","max-image-preview":"max-image-preview:large","max-video-preview":"max-video-preview:-1"},"canonical":"https:\/\/sentinellesdelapaix.com\/fr\/vos-temoignages\/","og_locale":"fr_FR","og_type":"article","og_title":"Vos t\u00e9moignages - Association &quot;Sentinelles de la Paix&quot;","og_description":"Les textes pr\u00e9sent\u00e9s ici permettent de comprendre ce qui est \u00e0 l'\u0153uvre chez les participants lors de la r\u00e9alisation de Sentinelles de la paix.","og_url":"https:\/\/sentinellesdelapaix.com\/fr\/vos-temoignages\/","og_site_name":"Association &quot;Sentinelles de la Paix&quot;","article_modified_time":"2021-02-27T17:58:13+00:00","og_image":[{"url":"https:\/\/sentinellesdelapaix.com\/fr\/wp-content\/uploads\/2020\/02\/s-lannuzel-001.jpg","type":"","width":"","height":""}],"twitter_card":"summary_large_image","twitter_misc":{"Dur\u00e9e de lecture estim\u00e9e":"6 minutes"},"schema":{"@context":"https:\/\/schema.org","@graph":[{"@type":"WebPage","@id":"https:\/\/sentinellesdelapaix.com\/fr\/vos-temoignages\/","url":"https:\/\/sentinellesdelapaix.com\/fr\/vos-temoignages\/","name":"Vos t\u00e9moignages - Association &quot;Sentinelles de la Paix&quot;","isPartOf":{"@id":"https:\/\/sentinellesdelapaix.com\/fr\/#website"},"primaryImageOfPage":{"@id":"https:\/\/sentinellesdelapaix.com\/fr\/vos-temoignages\/#primaryimage"},"image":{"@id":"https:\/\/sentinellesdelapaix.com\/fr\/vos-temoignages\/#primaryimage"},"thumbnailUrl":"https:\/\/sentinellesdelapaix.com\/fr\/wp-content\/uploads\/2020\/02\/s-lannuzel-001.jpg","datePublished":"2020-01-19T10:11:55+00:00","dateModified":"2021-02-27T17:58:13+00:00","description":"Les textes pr\u00e9sent\u00e9s ici permettent de comprendre ce qui est \u00e0 l'\u0153uvre chez les participants lors de la r\u00e9alisation de Sentinelles de la paix.","breadcrumb":{"@id":"https:\/\/sentinellesdelapaix.com\/fr\/vos-temoignages\/#breadcrumb"},"inLanguage":"fr-FR","potentialAction":[{"@type":"ReadAction","target":["https:\/\/sentinellesdelapaix.com\/fr\/vos-temoignages\/"]}]},{"@type":"ImageObject","inLanguage":"fr-FR","@id":"https:\/\/sentinellesdelapaix.com\/fr\/vos-temoignages\/#primaryimage","url":"https:\/\/sentinellesdelapaix.com\/fr\/wp-content\/uploads\/2020\/02\/s-lannuzel-001.jpg","contentUrl":"https:\/\/sentinellesdelapaix.com\/fr\/wp-content\/uploads\/2020\/02\/s-lannuzel-001.jpg","width":1024,"height":768},{"@type":"BreadcrumbList","@id":"https:\/\/sentinellesdelapaix.com\/fr\/vos-temoignages\/#breadcrumb","itemListElement":[{"@type":"ListItem","position":1,"name":"Accueil","item":"https:\/\/sentinellesdelapaix.com\/fr\/"},{"@type":"ListItem","position":2,"name":"Vos t\u00e9moignages"}]},{"@type":"WebSite","@id":"https:\/\/sentinellesdelapaix.com\/fr\/#website","url":"https:\/\/sentinellesdelapaix.com\/fr\/","name":"Association &quot;Sentinelles de la Paix&quot;","description":"*Une pierre pos\u00e9e n&#039;est pas jet\u00e9e*","potentialAction":[{"@type":"SearchAction","target":{"@type":"EntryPoint","urlTemplate":"https:\/\/sentinellesdelapaix.com\/fr\/?s={search_term_string}"},"query-input":{"@type":"PropertyValueSpecification","valueRequired":true,"valueName":"search_term_string"}}],"inLanguage":"fr-FR"}]}},"_links":{"self":[{"href":"https:\/\/sentinellesdelapaix.com\/fr\/wp-json\/wp\/v2\/pages\/37","targetHints":{"allow":["GET"]}}],"collection":[{"href":"https:\/\/sentinellesdelapaix.com\/fr\/wp-json\/wp\/v2\/pages"}],"about":[{"href":"https:\/\/sentinellesdelapaix.com\/fr\/wp-json\/wp\/v2\/types\/page"}],"author":[{"embeddable":true,"href":"https:\/\/sentinellesdelapaix.com\/fr\/wp-json\/wp\/v2\/users\/1"}],"replies":[{"embeddable":true,"href":"https:\/\/sentinellesdelapaix.com\/fr\/wp-json\/wp\/v2\/comments?post=37"}],"version-history":[{"count":17,"href":"https:\/\/sentinellesdelapaix.com\/fr\/wp-json\/wp\/v2\/pages\/37\/revisions"}],"predecessor-version":[{"id":1848,"href":"https:\/\/sentinellesdelapaix.com\/fr\/wp-json\/wp\/v2\/pages\/37\/revisions\/1848"}],"wp:attachment":[{"href":"https:\/\/sentinellesdelapaix.com\/fr\/wp-json\/wp\/v2\/media?parent=37"}],"curies":[{"name":"wp","href":"https:\/\/api.w.org\/{rel}","templated":true}]}}